{"id":28154,"date":"2025-07-25T13:44:05","date_gmt":"2025-07-25T13:44:05","guid":{"rendered":"https:\/\/boreait.com\/hr\/?post_type=product&#038;p=28154"},"modified":"2025-07-25T13:45:44","modified_gmt":"2025-07-25T13:45:44","slug":"dell-latitude-7202-modul-straznje-kamere-03f0gk-originalni-zamjenski-dijelovi-za-prijenosno-racunalo","status":"publish","type":"product","link":"https:\/\/boreait.com\/hr\/product\/dell-latitude-7202-modul-straznje-kamere-03f0gk-originalni-zamjenski-dijelovi-za-prijenosno-racunalo\/","title":{"rendered":"Dell Latitude 7202 modul stra\u017enje kamere 03F0GK &#8211; originalni zamjenski dijelovi za prijenosno ra\u010dunalo"},"content":{"rendered":"<p class=\"\" data-start=\"781\" data-end=\"883\"><strong data-start=\"781\" data-end=\"883\">Modul stra\u017enje kamere Dell Latitude 7202 (Broj dijela: 03F0GK) &#8211; Zamjenski dio za prijenosno ra\u010dunalo visoke kvalitete<\/strong><\/p>\n<p class=\"\" data-start=\"885\" data-end=\"1244\">Tra\u017eite pouzdanu <strong data-start=\"908\" data-end=\"961\">zamjenu za modul stra\u017enje kamere Dell Latitude 7202<\/strong>? Ovaj originalni <strong data-start=\"976\" data-end=\"986\">03F0GK<\/strong> modul kamere savr\u0161eno je rje\u0161enje za vra\u0107anje funkcionalnosti stra\u017enje kamere na va\u0161em prijenosnom ra\u010dunalu Dell. Bilo da je va\u0161a kamera o\u0161te\u0107ena, ne radi ispravno ili jednostavno treba nadogradnju, ovaj visokokvalitetni zamjenski dio osigurava da va\u0161e prijenosno ra\u010dunalo radi na najbolji na\u010din.<\/p>\n<p class=\"\" data-start=\"1246\" data-end=\"1267\"><strong data-start=\"1246\" data-end=\"1267\">Zna\u010dajke proizvoda:<\/strong><\/p>\n<ul data-start=\"1268\" data-end=\"2147\">\n<li class=\"\" data-start=\"1268\" data-end=\"1434\">\n<p class=\"\" data-start=\"1270\" data-end=\"1434\"><strong data-start=\"1270\" data-end=\"1287\">Kompatibilnost<\/strong>: Posebno dizajnirano za <strong data-start=\"1315\" data-end=\"1344\">modele Dell Latitude 7202<\/strong>. Ovaj modul stra\u017enje kamere savr\u0161eno odgovara va\u0161em prijenosnom ra\u010dunalu, osiguravaju\u0107i pouzdan rad.<\/p>\n<\/li>\n<li class=\"\" data-start=\"1435\" data-end=\"1593\">\n<p class=\"\" data-start=\"1437\" data-end=\"1593\"><strong data-start=\"1437\" data-end=\"1458\">Originalni Dell dio<\/strong>: Ovaj modul kamere autenti\u010dan je <strong data-start=\"1495\" data-end=\"1520\">Dell zamjenski dio<\/strong> (Broj dijela: <strong data-start=\"1535\" data-end=\"1545\">03F0GK<\/strong>), jam\u010de savr\u0161eno pristajanje i funkcionalnost.<\/p>\n<\/li>\n<li class=\"\" data-start=\"1594\" data-end=\"1769\">\n<p class=\"\" data-start=\"1596\" data-end=\"1769\"><strong data-start=\"1596\" data-end=\"1623\">Slike visoke razlu\u010divosti<\/strong>: sa svojim preciznim komponentama, ovaj modul nudi jasne i detaljne slike, \u0161to ga \u010dini idealnim za video pozive, fotografije ili skeniranje crti\u010dnih kodova.<\/p>\n<\/li>\n<li class=\"\" data-start=\"1770\" data-end=\"2009\">\n<p class=\"\" data-start=\"1772\" data-end=\"2009\"><strong data-start=\"1772\" data-end=\"1793\">Jednostavna instalacija<\/strong>: Iako nema uputa za instalaciju, mo\u017eete se osloniti na stvarne fotografije uklju\u010dene u popis kako biste potvrdili da je to upravo onaj dio koji \u0107ete dobiti. Ako trebate pomo\u0107, slobodno nam se obratite.<\/p>\n<\/li>\n<li class=\"\" data-start=\"2010\" data-end=\"2147\">\n<p class=\"\" data-start=\"2012\" data-end=\"2147\"><strong data-start=\"2012\" data-end=\"2034\">Dostava diljem svijeta<\/strong>: Nudimo brzu dostavu diljem Europe i svijeta kako bismo osigurali da va\u0161e prijenosno ra\u010dunalo bude spremno za rad \u0161to je prije mogu\u0107e.<\/p>\n<\/li>\n<\/ul>\n<p class=\"\" data-start=\"2149\" data-end=\"2183\"><strong data-start=\"2149\" data-end=\"2183\">Za\u0161to odabrati ovaj modul kamere?<\/strong><\/p>\n<ul data-start=\"2184\" data-end=\"2574\">\n<li class=\"\" data-start=\"2184\" data-end=\"2277\">\n<p class=\"\" data-start=\"2186\" data-end=\"2277\"><strong data-start=\"2186\" data-end=\"2200\">Izdr\u017eljivost<\/strong>: Izra\u0111en da zadovolji Dell-ove visoke standarde, ovaj zamjenski dio napravljen je da traje.<\/p>\n<\/li>\n<li class=\"\" data-start=\"2278\" data-end=\"2434\">\n<p class=\"\" data-start=\"2280\" data-end=\"2434\"><strong data-start=\"2280\" data-end=\"2297\">Priu\u0161tivost<\/strong>: Izbjegnite skupe popravke zamjenom samo modula kamere, \u0161to je isplativ na\u010din vra\u0107anja pune funkcionalnosti prijenosnog ra\u010dunala.<\/p>\n<\/li>\n<li class=\"\" data-start=\"2435\" data-end=\"2574\">\n<p class=\"\" data-start=\"2437\" data-end=\"2574\"><strong data-start=\"2437\" data-end=\"2452\">Prave fotografije<\/strong>: Fotografije koje vidite na ovom popisu stvarne su slike dijela koji \u0107ete dobiti, tako da mo\u017eete biti sigurni u svoju kupnju.<\/p>\n<\/li>\n<\/ul>\n<p class=\"\" data-start=\"2576\" data-end=\"2697\">Ako niste sigurni u vezi instalacije ili imate bilo kakvih pitanja, slobodno nas kontaktirajte za smjernice. Ovdje smo da vam pomognemo!<\/p>\n","protected":false},"excerpt":{"rendered":"<p>Ovaj originalni <strong data-start=\"274\" data-end=\"337\">modul stra\u017enje kamere Dell Latitude 7202 (Broj dijela: 03F0GK)<\/strong> bitna je zamjena za va\u0161e prijenosno ra\u010dunalo. Ako va\u0161a trenutna kamera ne radi ispravno ili je o\u0161te\u0107ena, ovaj dio \u0107e vratiti funkcionalnost stra\u017enje kamere va\u0161eg ure\u0111aja. Kompatibilan je s <strong data-start=\"521\" data-end=\"550\">modelima Dell Latitude 7202<\/strong> i dizajniran je za jednostavnu instalaciju. Prave fotografije dijela uklju\u010dene su u popis, osiguravaju\u0107i da dobijete to\u010dno ono \u0161to vidite. Kontaktirajte nas ako trebate pomo\u0107 pri instalaciji.<\/p>\n","protected":false},"featured_media":28219,"template":"","meta":[],"product_brand":[],"product_cat":[58],"product_tag":[],"class_list":{"0":"post-28154","1":"product","2":"type-product","3":"status-publish","4":"has-post-thumbnail","6":"product_cat-laptop-camera","8":"first","9":"instock","10":"taxable","11":"shipping-taxable","12":"purchasable","13":"product-type-simple"},"_links":{"self":[{"href":"https:\/\/boreait.com\/hr\/wp-json\/wp\/v2\/product\/28154","targetHints":{"allow":["GET"]}}],"collection":[{"href":"https:\/\/boreait.com\/hr\/wp-json\/wp\/v2\/product"}],"about":[{"href":"https:\/\/boreait.com\/hr\/wp-json\/wp\/v2\/types\/product"}],"wp:featuredmedia":[{"embeddable":true,"href":"https:\/\/boreait.com\/hr\/wp-json\/wp\/v2\/media\/28219"}],"wp:attachment":[{"href":"https:\/\/boreait.com\/hr\/wp-json\/wp\/v2\/media?parent=28154"}],"wp:term":[{"taxonomy":"product_brand","embeddable":true,"href":"https:\/\/boreait.com\/hr\/wp-json\/wp\/v2\/product_brand?post=28154"},{"taxonomy":"product_cat","embeddable":true,"href":"https:\/\/boreait.com\/hr\/wp-json\/wp\/v2\/product_cat?post=28154"},{"taxonomy":"product_tag","embeddable":true,"href":"https:\/\/boreait.com\/hr\/wp-json\/wp\/v2\/product_tag?post=28154"}],"curies":[{"name":"wp","href":"https:\/\/api.w.org\/{rel}","templated":true}]}}