{"id":28153,"date":"2025-07-25T13:44:04","date_gmt":"2025-07-25T13:44:04","guid":{"rendered":"https:\/\/boreait.com\/hr\/?post_type=product&#038;p=28153"},"modified":"2025-07-25T13:45:42","modified_gmt":"2025-07-25T13:45:42","slug":"latitude-7212-robusna-tipka-za-ukljucivanje-s-kabelom-originalni-zamjenski-dio-za-prijenosno-racunalo","status":"publish","type":"product","link":"https:\/\/boreait.com\/hr\/product\/latitude-7212-robusna-tipka-za-ukljucivanje-s-kabelom-originalni-zamjenski-dio-za-prijenosno-racunalo\/","title":{"rendered":"Latitude 7212 robusna tipka za uklju\u010divanje s kabelom &#8211; originalni zamjenski dio za prijenosno ra\u010dunalo"},"content":{"rendered":"<p class=\"\" data-start=\"748\" data-end=\"1162\">Zamijenite istro\u0161eni ili neispravni gumb za uklju\u010divanje s <strong data-start=\"807\" data-end=\"855\">Robusnim gumbom za uklju\u010divanje Latitude 7212 s kabelom<\/strong>. Ovaj visokokvalitetni, originalni Dell zamjenski dio posebno je dizajniran za <strong data-start=\"939\" data-end=\"975\">Dell Latitude 7212 Rugged Tablet<\/strong>, osiguravaju\u0107i pouzdan rad i dugotrajnu upotrebu. Paket uklju\u010duje i gumb za uklju\u010divanje i kabel, \u0161to instalaciju \u010dini jednostavnom za one koji su upoznati s popravcima tableta.<\/p>\n<h3 class=\"\" data-start=\"1164\" data-end=\"1185\">Zna\u010dajke proizvoda:<\/h3>\n<ul data-start=\"1186\" data-end=\"1651\">\n<li class=\"\" data-start=\"1186\" data-end=\"1270\">\n<p class=\"\" data-start=\"1188\" data-end=\"1270\"><strong data-start=\"1188\" data-end=\"1205\">Kompatibilnost<\/strong>: Posebno dizajnirano za <strong data-start=\"1233\" data-end=\"1269\">Dell Latitude 7212 Rugged Tablet<\/strong>.<\/p>\n<\/li>\n<li class=\"\" data-start=\"1271\" data-end=\"1351\">\n<p class=\"\" data-start=\"1273\" data-end=\"1351\"><strong data-start=\"1273\" data-end=\"1294\">Originalni Dell dio<\/strong>: visokokvalitetna OEM zamjena za besprijekornu integraciju.<\/p>\n<\/li>\n<li class=\"\" data-start=\"1352\" data-end=\"1455\">\n<p class=\"\" data-start=\"1354\" data-end=\"1455\"><strong data-start=\"1354\" data-end=\"1368\">Izdr\u017eljivost<\/strong>: savr\u0161eno za gruba okru\u017eenja, odr\u017eava snagu i funkcionalnost tableta.<\/p>\n<\/li>\n<li class=\"\" data-start=\"1456\" data-end=\"1568\">\n<p class=\"\" data-start=\"1458\" data-end=\"1568\"><strong data-start=\"1458\" data-end=\"1478\">Spremno za instalaciju<\/strong>: uklju\u010duje gumb za napajanje i kabel. Prikazane su prave fotografije to\u010dno onog dijela koji \u0107ete dobiti.<\/p>\n<\/li>\n<li class=\"\" data-start=\"1569\" data-end=\"1651\">\n<p class=\"\" data-start=\"1571\" data-end=\"1651\"><strong data-start=\"1571\" data-end=\"1592\">Jednostavna instalacija<\/strong>: Idealno za popravke &#8220;uradi sam&#8221;. Trebate pomo\u0107? Po\u0161aljite nam poruku za podr\u0161ku!<\/p>\n<\/li>\n<\/ul>\n<p class=\"\" data-start=\"1653\" data-end=\"2009\">Ovaj <strong data-start=\"1658\" data-end=\"1706\">Latitude 7212 Rugged Power Button s kabelom<\/strong> pru\u017ea savr\u0161eno rje\u0161enje za vra\u0107anje pune funkcionalnosti va\u0161em robusnom tabletu. Bilo da mijenjate neispravnu tipku ili nadogra\u0111ujete, mo\u017eete se pouzdati u to da \u0107e ovaj dio zadovoljiti visoke standarde va\u0161eg ure\u0111aja. Ako imate pitanja ili trebate pomo\u0107 tijekom instalacije, slobodno se obratite!<\/p>\n","protected":false},"excerpt":{"rendered":"<p>Ovaj originalni <strong data-start=\"310\" data-end=\"358\">Latitude 7212 Rugged Power Button s kabelom<\/strong> bitan je zamjenski dio za va\u0161 Dell robusni tablet. Dizajniran za izdr\u017eljivost, osigurava glatku funkcionalnost va\u0161eg ure\u0111aja. Proizvod uklju\u010duje gumb za uklju\u010divanje s priklju\u010denim kabelom, spreman za jednostavnu instalaciju. Ako trebate pomo\u0107 s instalacijom, slobodno nam se obratite. Fotografije pokazuju to\u010dan dio koji \u0107ete dobiti.<\/p>\n","protected":false},"featured_media":28218,"template":"","meta":[],"product_brand":[],"product_cat":[62],"product_tag":[],"class_list":{"0":"post-28153","1":"product","2":"type-product","3":"status-publish","4":"has-post-thumbnail","6":"product_cat-motherboards-board-parts","8":"first","9":"instock","10":"taxable","11":"shipping-taxable","12":"purchasable","13":"product-type-simple"},"_links":{"self":[{"href":"https:\/\/boreait.com\/hr\/wp-json\/wp\/v2\/product\/28153","targetHints":{"allow":["GET"]}}],"collection":[{"href":"https:\/\/boreait.com\/hr\/wp-json\/wp\/v2\/product"}],"about":[{"href":"https:\/\/boreait.com\/hr\/wp-json\/wp\/v2\/types\/product"}],"wp:featuredmedia":[{"embeddable":true,"href":"https:\/\/boreait.com\/hr\/wp-json\/wp\/v2\/media\/28218"}],"wp:attachment":[{"href":"https:\/\/boreait.com\/hr\/wp-json\/wp\/v2\/media?parent=28153"}],"wp:term":[{"taxonomy":"product_brand","embeddable":true,"href":"https:\/\/boreait.com\/hr\/wp-json\/wp\/v2\/product_brand?post=28153"},{"taxonomy":"product_cat","embeddable":true,"href":"https:\/\/boreait.com\/hr\/wp-json\/wp\/v2\/product_cat?post=28153"},{"taxonomy":"product_tag","embeddable":true,"href":"https:\/\/boreait.com\/hr\/wp-json\/wp\/v2\/product_tag?post=28153"}],"curies":[{"name":"wp","href":"https:\/\/api.w.org\/{rel}","templated":true}]}}