{"id":28152,"date":"2025-07-25T13:44:04","date_gmt":"2025-07-25T13:44:04","guid":{"rendered":"https:\/\/boreait.com\/hr\/?post_type=product&#038;p=28152"},"modified":"2025-07-25T13:45:36","modified_gmt":"2025-07-25T13:45:36","slug":"robusni-straznji-poklopac-web-kamere-latitude-7212","status":"publish","type":"product","link":"https:\/\/boreait.com\/hr\/product\/robusni-straznji-poklopac-web-kamere-latitude-7212\/","title":{"rendered":"Robusni stra\u017enji poklopac web kamere Latitude 7212"},"content":{"rendered":"<p class=\"\" data-start=\"758\" data-end=\"1108\">Osigurajte svoju privatnost i sigurnost uz <strong data-start=\"800\" data-end=\"849\">Latitude 7212 robusnu stra\u017enju masku za web kameru<\/strong>, visokokvalitetni, originalni zamjenski dio dizajniran za <strong data-start=\"909\" data-end=\"931\">Dell Latitude 7212<\/strong>Robusno prijenosno ra\u010dunalo. Ova maska za web-kameru izra\u0111ena je za izdr\u017eljivost, pru\u017eaju\u0107i va\u0161em ure\u0111aju pouzdanu za\u0161titu od ne\u017eeljenog pristupa kameri, a istovremeno zadr\u017eava njegovu robusnu izvedbu.<\/p>\n<p class=\"\" data-start=\"1110\" data-end=\"1406\">Bez obzira koristite li svoj Latitude 7212 za posao, putovanje ili aktivnosti na otvorenom, ovaj poklopac web kamere osigurava da va\u0161a kamera ostane sigurno pokrivena kada nije u upotrebi. Lako se postavlja i dizajniran je da savr\u0161eno pristaje, tako da mo\u017eete vjerovati da \u0107e se besprijekorno uklopiti u va\u0161 ure\u0111aj bez ikakvih problema.<\/p>\n<p class=\"\" data-start=\"1408\" data-end=\"1425\"><strong data-start=\"1408\" data-end=\"1425\">Klju\u010dne zna\u010dajke:<\/strong><\/p>\n<ul data-start=\"1426\" data-end=\"1726\">\n<li class=\"\" data-start=\"1426\" data-end=\"1480\">\n<p class=\"\" data-start=\"1428\" data-end=\"1480\"><strong data-start=\"1428\" data-end=\"1442\">Kompatibilno<\/strong> s robusnim prijenosnim ra\u010dunalom Dell Latitude 7212<\/p>\n<\/li>\n<li class=\"\" data-start=\"1481\" data-end=\"1533\">\n<p class=\"\" data-start=\"1483\" data-end=\"1533\"><strong data-start=\"1483\" data-end=\"1494\">Izdr\u017eljiv<\/strong> i napravljen da izdr\u017ei te\u0161ke uvjete<\/p>\n<\/li>\n<li class=\"\" data-start=\"1534\" data-end=\"1579\">\n<p class=\"\" data-start=\"1536\" data-end=\"1579\"><strong data-start=\"1536\" data-end=\"1551\">Savr\u0161eno pristaje<\/strong> za besprijekornu instalaciju<\/p>\n<\/li>\n<li class=\"\" data-start=\"1580\" data-end=\"1630\">\n<p class=\"\" data-start=\"1582\" data-end=\"1630\"><strong data-start=\"1582\" data-end=\"1604\">Za\u0161tita privatnosti<\/strong> kada ne koristite kameru<\/p>\n<\/li>\n<li class=\"\" data-start=\"1631\" data-end=\"1671\">\n<p class=\"\" data-start=\"1633\" data-end=\"1671\"><strong data-start=\"1633\" data-end=\"1661\">Originalni zamjenski dio<\/strong> tvrtke Dell<\/p>\n<\/li>\n<li class=\"\" data-start=\"1672\" data-end=\"1726\">\n<p class=\"\" data-start=\"1674\" data-end=\"1726\"><strong data-start=\"1674\" data-end=\"1689\">Prave fotografije<\/strong> dijela prikazane su u popisu<\/p>\n<\/li>\n<\/ul>\n<p class=\"\" data-start=\"1728\" data-end=\"1971\">Ova maska za web kameru idealna je za svakoga tko treba zamijeniti istro\u0161eni dio ili \u017eeli dodati dodatnu za\u0161titu svom ure\u0111aju. Ako trebate pomo\u0107 pri instalaciji ili imate bilo kakva pitanja, slobodno nam po\u0161aljite poruku i rado \u0107emo vam pomo\u0107i.<\/p>\n<p class=\"\" data-start=\"1973\" data-end=\"2137\">Osigurajte da va\u0161e prijenosno ra\u010dunalo ostane sigurno uz <strong data-start=\"2014\" data-end=\"2063\">Latitude 7212 Rugged Rear Facing Webcam Cover<\/strong>, dodatak koji morate imati za svakoga tko cijeni i privatnost i izdr\u017eljivost.<\/p>\n","protected":false},"excerpt":{"rendered":"<p>Za\u0161titite svoju privatnost i pove\u0107ajte izdr\u017eljivost svog ure\u0111aja s ovim <strong data-start=\"388\" data-end=\"437\">latitude 7212 robusnim poklopcem za web kameru okrenutom prema stra\u017enjoj strani<\/strong>. Dizajniran posebno za Dell Latitude 7212, ovaj poklopac web kamere nudi \u010dvrsto i pouzdano rje\u0161enje za za\u0161titu va\u0161e kamere. Jednostavan za instalaciju i dugotrajan, savr\u0161en je zamjenski dio za va\u0161e robusno prijenosno ra\u010dunalo. Uklju\u010dene prave fotografije proizvoda.<\/p>\n","protected":false},"featured_media":28209,"template":"","meta":[],"product_brand":[],"product_cat":[51],"product_tag":[],"class_list":{"0":"post-28152","1":"product","2":"type-product","3":"status-publish","4":"has-post-thumbnail","6":"product_cat-laptop-housing","8":"first","9":"instock","10":"taxable","11":"shipping-taxable","12":"purchasable","13":"product-type-simple"},"_links":{"self":[{"href":"https:\/\/boreait.com\/hr\/wp-json\/wp\/v2\/product\/28152","targetHints":{"allow":["GET"]}}],"collection":[{"href":"https:\/\/boreait.com\/hr\/wp-json\/wp\/v2\/product"}],"about":[{"href":"https:\/\/boreait.com\/hr\/wp-json\/wp\/v2\/types\/product"}],"wp:featuredmedia":[{"embeddable":true,"href":"https:\/\/boreait.com\/hr\/wp-json\/wp\/v2\/media\/28209"}],"wp:attachment":[{"href":"https:\/\/boreait.com\/hr\/wp-json\/wp\/v2\/media?parent=28152"}],"wp:term":[{"taxonomy":"product_brand","embeddable":true,"href":"https:\/\/boreait.com\/hr\/wp-json\/wp\/v2\/product_brand?post=28152"},{"taxonomy":"product_cat","embeddable":true,"href":"https:\/\/boreait.com\/hr\/wp-json\/wp\/v2\/product_cat?post=28152"},{"taxonomy":"product_tag","embeddable":true,"href":"https:\/\/boreait.com\/hr\/wp-json\/wp\/v2\/product_tag?post=28152"}],"curies":[{"name":"wp","href":"https:\/\/api.w.org\/{rel}","templated":true}]}}