{"id":28141,"date":"2025-07-25T13:43:41","date_gmt":"2025-07-25T13:43:41","guid":{"rendered":"https:\/\/boreait.com\/hr\/?post_type=product&#038;p=28141"},"modified":"2025-07-25T13:45:29","modified_gmt":"2025-07-25T13:45:29","slug":"latitude-7212-rugged-extreme-intel-wireless-ac-8265-wifi-kartica-s-bluetoothom","status":"publish","type":"product","link":"https:\/\/boreait.com\/hr\/product\/latitude-7212-rugged-extreme-intel-wireless-ac-8265-wifi-kartica-s-bluetoothom\/","title":{"rendered":"Latitude 7212 Rugged Extreme Intel Wireless-AC 8265 WiFi kartica s Bluetoothom"},"content":{"rendered":"<p class=\"\" data-start=\"703\" data-end=\"1039\">Pobolj\u0161ajte be\u017ei\u010dne mogu\u0107nosti svog prijenosnog ra\u010dunala s <strong data-start=\"756\" data-end=\"840\">Latitude 7212 Rugged Extreme Intel Wireless-AC 8265 WiFi karticom s Bluetooth 4.2<\/strong>. Ovaj originalni zamjenski dio dizajniran je za pru\u017eanje vrhunske Wi-Fi veze i Bluetooth podr\u0161ke, \u0161to ga \u010dini savr\u0161enim za one koji \u017eele nadograditi ili popraviti be\u017ei\u010dnu izvedbu svog prijenosnog ra\u010dunala.<\/p>\n<h4 class=\"\" data-start=\"1041\" data-end=\"1059\">Klju\u010dne zna\u010dajke:<\/h4>\n<ul data-start=\"1060\" data-end=\"1684\">\n<li class=\"\" data-start=\"1060\" data-end=\"1213\">\n<p class=\"\" data-start=\"1062\" data-end=\"1213\"><strong data-start=\"1062\" data-end=\"1088\">Intel Wireless-AC 8265<\/strong>: pru\u017ea brze i stabilne Wi-Fi veze, osiguravaju\u0107i besprijekorna mre\u017ena iskustva, bilo za strujanje, pregledavanje ili igranje.<\/p>\n<\/li>\n<li class=\"\" data-start=\"1214\" data-end=\"1385\">\n<p class=\"\" data-start=\"1216\" data-end=\"1385\"><strong data-start=\"1216\" data-end=\"1233\">Bluetooth 4.2<\/strong>: Omogu\u0107uje pouzdane Bluetooth veze, omogu\u0107uju\u0107i vam uparivanje prijenosnog ra\u010dunala s be\u017ei\u010dnim ure\u0111ajima kao \u0161to su slu\u0161alice, tipkovnice ili mi\u0161evi bez problema.<\/p>\n<\/li>\n<li class=\"\" data-start=\"1386\" data-end=\"1544\">\n<p class=\"\" data-start=\"1388\" data-end=\"1544\"><strong data-start=\"1388\" data-end=\"1420\">Kompatibilnost s Rugged Extreme<\/strong>: posebno dizajnirano za model Latitude 7212 Rugged Extreme, osiguravaju\u0107i savr\u0161enu kompatibilnost i pouzdan rad.<\/p>\n<\/li>\n<li class=\"\" data-start=\"1545\" data-end=\"1684\">\n<p class=\"\" data-start=\"1547\" data-end=\"1684\"><strong data-start=\"1547\" data-end=\"1575\">Originalni zamjenski dio<\/strong>: Budite uvjereni da dobivate visokokvalitetni dio, potkrijepljen stvarnim fotografijama predmeta koji \u0107ete dobiti.<\/p>\n<\/li>\n<\/ul>\n<p class=\"\" data-start=\"1686\" data-end=\"1957\">Ova Wi-Fi kartica pouzdan je zamjenski dio za va\u0161e prijenosno ra\u010dunalo koji se lako postavlja i omogu\u0107uje besprijekorno povezivanje i Bluetooth zna\u010dajke. Bilo da mijenjate neispravan dio ili nadogra\u0111ujete na br\u017eu vezu, ova Intel Wireless-AC 8265 kartica zadovoljit \u0107e va\u0161e potrebe.<\/p>\n<p class=\"\" data-start=\"1959\" data-end=\"2129\"><em data-start=\"1959\" data-end=\"2129\">Napomena: Iako ne pru\u017eamo upute za instalaciju, slobodno nas kontaktirajte ako vam je potrebna dodatna podr\u0161ka ili imate pitanja o postupku zamjene.<\/em><\/p>\n<p class=\"\" data-start=\"2131\" data-end=\"2254\">Savr\u0161en za kupce u Europi i \u0161irom svijeta, ovaj se dio \u0161alje sigurno kako bi se osiguralo da do vas stigne u savr\u0161enom stanju.<\/p>\n","protected":false},"excerpt":{"rendered":"<p>Nadogradite ili zamijenite svoju Wi-Fi vezu s Latitude 7212 Rugged Extreme Intel Wireless-AC 8265 WiFi karticom. Ovaj originalni zamjenski dio podr\u017eava brze Wi-Fi veze i Bluetooth 4.2 za besprijekorno uparivanje ure\u0111aja. Idealno za popravke i nadogradnje prijenosnih ra\u010dunala. Prave fotografije uklju\u010dene!<\/p>\n","protected":false},"featured_media":28206,"template":"","meta":[],"product_brand":[],"product_cat":[62],"product_tag":[],"class_list":{"0":"post-28141","1":"product","2":"type-product","3":"status-publish","4":"has-post-thumbnail","6":"product_cat-motherboards-board-parts","8":"first","9":"instock","10":"taxable","11":"shipping-taxable","12":"purchasable","13":"product-type-simple"},"_links":{"self":[{"href":"https:\/\/boreait.com\/hr\/wp-json\/wp\/v2\/product\/28141","targetHints":{"allow":["GET"]}}],"collection":[{"href":"https:\/\/boreait.com\/hr\/wp-json\/wp\/v2\/product"}],"about":[{"href":"https:\/\/boreait.com\/hr\/wp-json\/wp\/v2\/types\/product"}],"wp:featuredmedia":[{"embeddable":true,"href":"https:\/\/boreait.com\/hr\/wp-json\/wp\/v2\/media\/28206"}],"wp:attachment":[{"href":"https:\/\/boreait.com\/hr\/wp-json\/wp\/v2\/media?parent=28141"}],"wp:term":[{"taxonomy":"product_brand","embeddable":true,"href":"https:\/\/boreait.com\/hr\/wp-json\/wp\/v2\/product_brand?post=28141"},{"taxonomy":"product_cat","embeddable":true,"href":"https:\/\/boreait.com\/hr\/wp-json\/wp\/v2\/product_cat?post=28141"},{"taxonomy":"product_tag","embeddable":true,"href":"https:\/\/boreait.com\/hr\/wp-json\/wp\/v2\/product_tag?post=28141"}],"curies":[{"name":"wp","href":"https:\/\/api.w.org\/{rel}","templated":true}]}}