{"id":28140,"date":"2025-07-25T13:43:41","date_gmt":"2025-07-25T13:43:41","guid":{"rendered":"https:\/\/boreait.com\/hr\/?post_type=product&#038;p=28140"},"modified":"2025-07-25T13:45:27","modified_gmt":"2025-07-25T13:45:27","slug":"latitude-7212-rugged-extreme-i-o-port-poklopac-originalni-dell-zamjenski-dio","status":"publish","type":"product","link":"https:\/\/boreait.com\/hr\/product\/latitude-7212-rugged-extreme-i-o-port-poklopac-originalni-dell-zamjenski-dio\/","title":{"rendered":"Latitude 7212 Rugged Extreme I\/O port poklopac &#8211; originalni Dell zamjenski dio"},"content":{"rendered":"<p class=\"\" data-start=\"741\" data-end=\"1007\">Osigurajte da va\u0161e prijenosno ra\u010dunalo <strong data-start=\"753\" data-end=\"790\">Dell Latitude 7212 Rugged Extreme<\/strong> ostane u potpunosti za\u0161ti\u0107eno s ovim <strong data-start=\"832\" data-end=\"858\">originalnim poklopcem I\/O porta<\/strong>. Ovaj izdr\u017eljivi zamjenski dio dizajniran je za za\u0161titu ulazno\/izlaznih priklju\u010daka va\u0161eg prijenosnog ra\u010dunala od elemenata okoli\u0161a kao \u0161to su prljav\u0161tina, pra\u0161ina i vlaga.<\/p>\n<p class=\"\" data-start=\"1009\" data-end=\"1378\"><strong data-start=\"1013\" data-end=\"1060\">Latitude 7212 Rugged Extreme I\/O Port Cover<\/strong> izra\u0111en je od visokokvalitetnih materijala, osiguravaju\u0107i da mo\u017ee izdr\u017eati te\u0161ke uvjete koji se \u010desto susre\u0107u u industrijskim i vanjskim okru\u017eenjima. Bez obzira koristite li svoje prijenosno ra\u010dunalo za rad na terenu, u vojne svrhe ili u bilo kojem grubom okru\u017eenju, ova \u0107e maska pomo\u0107i u odr\u017eavanju dugovje\u010dnosti i funkcionalnosti va\u0161eg ure\u0111aja.<\/p>\n<p class=\"\" data-start=\"1380\" data-end=\"1400\"><strong data-start=\"1380\" data-end=\"1400\">Pojedinosti o proizvodu:<\/strong><\/p>\n<ul data-start=\"1401\" data-end=\"1665\">\n<li class=\"\" data-start=\"1401\" data-end=\"1457\">\n<p class=\"\" data-start=\"1403\" data-end=\"1457\"><strong data-start=\"1403\" data-end=\"1412\">Model<\/strong>: Latitude 7212 Rugged Extreme I\/O Port Cover<\/p>\n<\/li>\n<li class=\"\" data-start=\"1458\" data-end=\"1535\">\n<p class=\"\" data-start=\"1460\" data-end=\"1535\"><strong data-start=\"1460\" data-end=\"1477\">Kompatibilnost<\/strong>: Kompatibilno s Dell Latitude 7212 Rugged Extreme Series<\/p>\n<\/li>\n<li class=\"\" data-start=\"1536\" data-end=\"1617\">\n<p class=\"\" data-start=\"1538\" data-end=\"1617\"><strong data-start=\"1538\" data-end=\"1550\">Materijal<\/strong>: izdr\u017eljiva plasti\u010dna konstrukcija dizajnirana za dugotrajnu za\u0161titu<\/p>\n<\/li>\n<li class=\"\" data-start=\"1618\" data-end=\"1665\">\n<p class=\"\" data-start=\"1620\" data-end=\"1665\"><strong data-start=\"1620\" data-end=\"1633\">Stanje<\/strong>: potpuno novo i spremno za instalaciju<\/p>\n<\/li>\n<\/ul>\n<p class=\"\" data-start=\"1667\" data-end=\"1840\">Ovaj <strong data-start=\"1672\" data-end=\"1695\">Dell I\/O poklopac priklju\u010dka<\/strong> savr\u0161eno prianja i dr\u017ei priklju\u010dke va\u0161eg ure\u0111aja sigurnima, osiguravaju\u0107i da \u0107e va\u0161e prijenosno ra\u010dunalo ostati za\u0161ti\u0107eno \u010dak iu najzahtjevnijim okru\u017eenjima.<\/p>\n<p class=\"\" data-start=\"1842\" data-end=\"1862\"><strong data-start=\"1842\" data-end=\"1862\">Va\u017ene napomene:<\/strong><\/p>\n<ul data-start=\"1863\" data-end=\"2079\">\n<li class=\"\" data-start=\"1863\" data-end=\"1968\">\n<p class=\"\" data-start=\"1865\" data-end=\"1968\">Nisu pru\u017eene upute za instalaciju, ali ako trebate pomo\u0107, slobodno nam se obratite u bilo kojem trenutku.<\/p>\n<\/li>\n<li class=\"\" data-start=\"1969\" data-end=\"2079\">\n<p class=\"\" data-start=\"1971\" data-end=\"2079\">Fotografije u ovom popisu prikazuju stvarni proizvod koji \u0107ete dobiti, osiguravaju\u0107i da \u0107ete dobiti to\u010dno ono \u0161to trebate.<\/p>\n<\/li>\n<\/ul>\n<p class=\"\" data-start=\"2081\" data-end=\"2349\">Bez obzira jeste li profesionalac kojem trebaju \u010dvrsti, pouzdani dijelovi za prijenosno ra\u010dunalo ili korisnik koji \u017eeli zamijeniti izgubljeni ili o\u0161te\u0107eni poklopac, ovaj originalni zamjenski dio osigurava da \u0107e va\u0161e prijenosno ra\u010dunalo ostati za\u0161ti\u0107eno. Naru\u010dite danas kako bi va\u0161 <strong data-start=\"2297\" data-end=\"2319\">Dell Latitude 7212<\/strong> ostao u savr\u0161enom radnom stanju!<\/p>\n","protected":false},"excerpt":{"rendered":"<p>Ovaj originalni <strong data-start=\"331\" data-end=\"378\">Latitude 7212 Rugged Extreme I\/O port Cover<\/strong> je visokokvalitetni zamjenski dio dizajniran za za\u0161titu I\/O portova va\u0161eg ure\u0111aja od pra\u0161ine, vlage i o\u0161te\u0107enja. Kompatibilan s <strong data-start=\"511\" data-end=\"548\">Dell Latitude 7212 Rugged Extreme<\/strong> serijom, osigurava da \u0107e va\u0161e prijenosno ra\u010dunalo ostati sigurno u te\u0161kim okru\u017eenjima. Fotografije u popisu odnose se na stvarni proizvod koji \u0107ete dobiti.<\/p>\n","protected":false},"featured_media":28205,"template":"","meta":[],"product_brand":[],"product_cat":[51],"product_tag":[],"class_list":{"0":"post-28140","1":"product","2":"type-product","3":"status-publish","4":"has-post-thumbnail","6":"product_cat-laptop-housing","8":"first","9":"instock","10":"taxable","11":"shipping-taxable","12":"purchasable","13":"product-type-simple"},"_links":{"self":[{"href":"https:\/\/boreait.com\/hr\/wp-json\/wp\/v2\/product\/28140","targetHints":{"allow":["GET"]}}],"collection":[{"href":"https:\/\/boreait.com\/hr\/wp-json\/wp\/v2\/product"}],"about":[{"href":"https:\/\/boreait.com\/hr\/wp-json\/wp\/v2\/types\/product"}],"wp:featuredmedia":[{"embeddable":true,"href":"https:\/\/boreait.com\/hr\/wp-json\/wp\/v2\/media\/28205"}],"wp:attachment":[{"href":"https:\/\/boreait.com\/hr\/wp-json\/wp\/v2\/media?parent=28140"}],"wp:term":[{"taxonomy":"product_brand","embeddable":true,"href":"https:\/\/boreait.com\/hr\/wp-json\/wp\/v2\/product_brand?post=28140"},{"taxonomy":"product_cat","embeddable":true,"href":"https:\/\/boreait.com\/hr\/wp-json\/wp\/v2\/product_cat?post=28140"},{"taxonomy":"product_tag","embeddable":true,"href":"https:\/\/boreait.com\/hr\/wp-json\/wp\/v2\/product_tag?post=28140"}],"curies":[{"name":"wp","href":"https:\/\/api.w.org\/{rel}","templated":true}]}}