{"id":28138,"date":"2025-07-25T13:43:41","date_gmt":"2025-07-25T13:43:41","guid":{"rendered":"https:\/\/boreait.com\/hr\/?post_type=product&#038;p=28138"},"modified":"2025-07-25T13:45:23","modified_gmt":"2025-07-25T13:45:23","slug":"dell-latitude-7212-ssd-displayport-sd-kartica-i-poklopac-audio-prikljucka","status":"publish","type":"product","link":"https:\/\/boreait.com\/hr\/product\/dell-latitude-7212-ssd-displayport-sd-kartica-i-poklopac-audio-prikljucka\/","title":{"rendered":"Dell Latitude 7212 SSD, DisplayPort, SD kartica i poklopac audio priklju\u010dka"},"content":{"rendered":"<p class=\"\" data-start=\"431\" data-end=\"773\">Pove\u0107ajte izdr\u017eljivost svog <strong data-start=\"462\" data-end=\"484\">Dell Latitude 7212<\/strong> s ovim <strong data-start=\"495\" data-end=\"560\">originalnim SSD-om, DisplayPortom, utorom za SD karticu i poklopcem audio priklju\u010dka<\/strong>. S vremenom se za\u0161titni poklopci mogu istro\u0161iti, ostavljaju\u0107i priklju\u010dke izlo\u017eenima pra\u0161ini, prljav\u0161tini i potencijalnom o\u0161te\u0107enju. Ovaj <strong data-start=\"669\" data-end=\"697\">originalni zamjenski dio<\/strong> vra\u0107a za\u0161titu, odr\u017eavaju\u0107i integritet i performanse va\u0161eg ure\u0111aja.<\/p>\n<p class=\"\" data-start=\"775\" data-end=\"1069\"><strong data-start=\"775\" data-end=\"792\">Klju\u010dne zna\u010dajke:<\/strong><br data-start=\"792\" data-end=\"795\" \/>\u2714 <strong data-start=\"797\" data-end=\"833\">Originalni dio Dell Latitude 7212<\/strong> \u2013 Osigurava savr\u0161eno pristajanje i kompatibilnost<br data-start=\"873\" data-end=\"876\" \/>\u2714 <strong data-start=\"878\" data-end=\"932\">\u0160titi SSD, DisplayPort, SD karticu i audio priklju\u010dak<\/strong> od pra\u0161ine i krhotina<br data-start=\"953\" data-end=\"956\" \/>\u2714 <strong data-start=\"958\" data-end=\"999\">Izdr\u017eljiva i visokokvalitetna konstrukcija<\/strong> za dugotrajnu upotrebu<br data-start=\"1017\" data-end=\"1020\" data-is-only-node=\"\" \/>\u2714 <strong data-start=\"1022\" data-end=\"1041\">Jednostavna instalacija<\/strong> \u2013 Nisu potrebne izmjene<\/p>\n<p class=\"\" data-start=\"1071\" data-end=\"1239\">\ud83d\udccc <strong data-start=\"1074\" data-end=\"1083\">Napomena:<\/strong> Ovaj popis uklju\u010duje <strong data-start=\"1110\" data-end=\"1145\">stvarni dio prikazan na fotografijama<\/strong>. Ako trebate bilo kakvu pomo\u0107 ili imate pitanja o kompatibilnosti, slobodno nam po\u0161aljite poruku!<\/p>\n","protected":false},"excerpt":{"rendered":"<p>Za\u0161titite SSD, DisplayPort, utor za SD karticu i audio priklju\u010dak svog Dell Latitude 7212 ovim originalnim zamjenskim poklopcem. Dizajniran za savr\u0161eno pristajanje, poma\u017ee u za\u0161titi od pra\u0161ine i krhotina, osiguravaju\u0107i dugovje\u010dnost va\u0161eg prijenosnog ra\u010dunala.<\/p>\n","protected":false},"featured_media":28203,"template":"","meta":[],"product_brand":[],"product_cat":[51],"product_tag":[],"class_list":{"0":"post-28138","1":"product","2":"type-product","3":"status-publish","4":"has-post-thumbnail","6":"product_cat-laptop-housing","8":"first","9":"instock","10":"taxable","11":"shipping-taxable","12":"purchasable","13":"product-type-simple"},"_links":{"self":[{"href":"https:\/\/boreait.com\/hr\/wp-json\/wp\/v2\/product\/28138","targetHints":{"allow":["GET"]}}],"collection":[{"href":"https:\/\/boreait.com\/hr\/wp-json\/wp\/v2\/product"}],"about":[{"href":"https:\/\/boreait.com\/hr\/wp-json\/wp\/v2\/types\/product"}],"wp:featuredmedia":[{"embeddable":true,"href":"https:\/\/boreait.com\/hr\/wp-json\/wp\/v2\/media\/28203"}],"wp:attachment":[{"href":"https:\/\/boreait.com\/hr\/wp-json\/wp\/v2\/media?parent=28138"}],"wp:term":[{"taxonomy":"product_brand","embeddable":true,"href":"https:\/\/boreait.com\/hr\/wp-json\/wp\/v2\/product_brand?post=28138"},{"taxonomy":"product_cat","embeddable":true,"href":"https:\/\/boreait.com\/hr\/wp-json\/wp\/v2\/product_cat?post=28138"},{"taxonomy":"product_tag","embeddable":true,"href":"https:\/\/boreait.com\/hr\/wp-json\/wp\/v2\/product_tag?post=28138"}],"curies":[{"name":"wp","href":"https:\/\/api.w.org\/{rel}","templated":true}]}}