{"id":28122,"date":"2025-07-25T13:43:16","date_gmt":"2025-07-25T13:43:16","guid":{"rendered":"https:\/\/boreait.com\/hr\/?post_type=product&#038;p=28122"},"modified":"2025-07-25T13:44:55","modified_gmt":"2025-07-25T13:44:55","slug":"dell-latitude-7212-7202-robusni-led-poklopac-od-stakla-za-objektiv-straznje-kamere-originalni-dio-za-prijenosno-racunalo","status":"publish","type":"product","link":"https:\/\/boreait.com\/hr\/product\/dell-latitude-7212-7202-robusni-led-poklopac-od-stakla-za-objektiv-straznje-kamere-originalni-dio-za-prijenosno-racunalo\/","title":{"rendered":"Dell Latitude 7212 7202 robusni LED poklopac od stakla za objektiv stra\u017enje kamere \u2013 originalni dio za prijenosno ra\u010dunalo"},"content":{"rendered":"<p class=\"\" data-start=\"519\" data-end=\"785\">Nadogradite ili popravite svoj <strong data-start=\"542\" data-end=\"578\">Dell Latitude 7212 &amp; 7202 Robusno<\/strong>prijenosno ra\u010dunalo s ovim <strong data-start=\"596\" data-end=\"641\">originalnim LED poklopcem staklene le\u0107e stra\u017enje kamere<\/strong>. Dizajniran za <strong data-start=\"656\" data-end=\"678\">maksimalnu izdr\u017eljivost<\/strong>, ovaj zamjenski dio osigurava da stra\u017enja kamera va\u0161eg prijenosnog ra\u010dunala ostane za\u0161ti\u0107ena i funkcionira optimalno.<\/p>\n<p class=\"\" data-start=\"787\" data-end=\"1259\"><strong data-start=\"787\" data-end=\"804\">Klju\u010dne zna\u010dajke:<\/strong><br data-start=\"804\" data-end=\"807\" \/>\u2714 <strong data-start=\"809\" data-end=\"830\">Originalni dio Dell<\/strong> \u2013 Izra\u0111en posebno za <strong data-start=\"859\" data-end=\"890\">Latitude 7212 &amp; 7202 Rugged<\/strong> modeli.<br data-start=\"898\" data-end=\"901\" \/>\u2714 <strong data-start=\"903\" data-end=\"931\">Crystal-Clear Protection<\/strong> \u2013 \u010cuva va\u0161u stra\u017enju le\u0107u kamere od ogrebotina, pra\u0161ine i o\u0161te\u0107enja.<br data-start=\"1000\" data-end=\"1003\" \/>\u2714 <strong data-start=\"1005\" data-end=\"1020\">Savr\u0161eno pristajanje<\/strong> \u2013 Osigurava besprijekornu instalaciju bez modifikacija.<br data-start=\"1075\" data-end=\"1078\" \/>\u2714 <strong data-start=\"1080\" data-end=\"1109\">Visokokvalitetna konstrukcija<\/strong> \u2013 Izra\u0111eno da izdr\u017ei te\u0161ke uvjete okru\u017eenjima, ba\u0161 poput va\u0161eg Rugged prijenosnog ra\u010dunala.<br data-start=\"1180\" data-end=\"1183\" \/>\u2714 <strong data-start=\"1185\" data-end=\"1200\">Prave fotografije<\/strong> \u2013 Stavka na slikama je upravo ono \u0161to \u0107ete dobiti!<\/p>\n<p class=\"\" data-start=\"1261\" data-end=\"1281\"><strong data-start=\"1261\" data-end=\"1279\">Kompatibilnost:<\/strong><\/p>\n<ul data-start=\"1282\" data-end=\"1349\">\n<li class=\"\" data-start=\"1282\" data-end=\"1315\">\n<p class=\"\" data-start=\"1284\" data-end=\"1315\"><strong data-start=\"1284\" data-end=\"1313\">Dell Latitude 7212 Rugged<\/strong><\/p>\n<\/li>\n<li class=\"\" data-start=\"1316\" data-end=\"1349\">\n<p class=\"\" data-start=\"1318\" data-end=\"1349\"><strong data-start=\"1318\" data-end=\"1347\">Dell Latitude 7202 Rugged<\/strong><\/p>\n<\/li>\n<\/ul>\n<p class=\"\" data-start=\"1351\" data-end=\"1372\">\ud83d\udccc <strong data-start=\"1354\" data-end=\"1370\">Napomena:<\/strong><\/p>\n<ul data-start=\"1373\" data-end=\"1525\">\n<li class=\"\" data-start=\"1373\" data-end=\"1468\">\n<p class=\"\" data-start=\"1375\" data-end=\"1468\"><strong data-start=\"1375\" data-end=\"1417\">Upute za instalaciju nisu uklju\u010dene.<\/strong> Ako trebate pomo\u0107, slobodno nam po\u0161aljite poruku.<\/p>\n<\/li>\n<li class=\"\" data-start=\"1469\" data-end=\"1525\">\n<p class=\"\" data-start=\"1471\" data-end=\"1525\"><strong data-start=\"1471\" data-end=\"1490\">Fotografije su stvarne<\/strong>\u2014dobijete to\u010dno ono \u0161to je na slici.<\/p>\n<\/li>\n<\/ul>\n<p class=\"\" data-start=\"1527\" data-end=\"1617\">\ud83d\udd39 <strong data-start=\"1530\" data-end=\"1562\">Dostupna dostava diljem svijeta<\/strong> \u2013 Brza i sigurna dostava diljem Europe i \u0161ire!<\/p>\n","protected":false},"excerpt":{"rendered":"<p>Originalni <strong data-start=\"254\" data-end=\"290\">LED poklopac staklene le\u0107e stra\u017enje kamere<\/strong> za <strong data-start=\"295\" data-end=\"331\">Dell Latitude 7212 &amp; 7202 Robusna<\/strong>prijenosna ra\u010dunala. Savr\u0161en zamjenski dio za vra\u0107anje jasno\u0107e i za\u0161tite fotoaparata. <strong data-start=\"408\" data-end=\"455\">Prave fotografije \u2013 ono \u0161to vidite to i dobijete!<\/strong><\/p>\n","protected":false},"featured_media":28185,"template":"","meta":[],"product_brand":[],"product_cat":[51],"product_tag":[],"class_list":{"0":"post-28122","1":"product","2":"type-product","3":"status-publish","4":"has-post-thumbnail","6":"product_cat-laptop-housing","8":"first","9":"instock","10":"taxable","11":"shipping-taxable","12":"purchasable","13":"product-type-simple"},"_links":{"self":[{"href":"https:\/\/boreait.com\/hr\/wp-json\/wp\/v2\/product\/28122","targetHints":{"allow":["GET"]}}],"collection":[{"href":"https:\/\/boreait.com\/hr\/wp-json\/wp\/v2\/product"}],"about":[{"href":"https:\/\/boreait.com\/hr\/wp-json\/wp\/v2\/types\/product"}],"wp:featuredmedia":[{"embeddable":true,"href":"https:\/\/boreait.com\/hr\/wp-json\/wp\/v2\/media\/28185"}],"wp:attachment":[{"href":"https:\/\/boreait.com\/hr\/wp-json\/wp\/v2\/media?parent=28122"}],"wp:term":[{"taxonomy":"product_brand","embeddable":true,"href":"https:\/\/boreait.com\/hr\/wp-json\/wp\/v2\/product_brand?post=28122"},{"taxonomy":"product_cat","embeddable":true,"href":"https:\/\/boreait.com\/hr\/wp-json\/wp\/v2\/product_cat?post=28122"},{"taxonomy":"product_tag","embeddable":true,"href":"https:\/\/boreait.com\/hr\/wp-json\/wp\/v2\/product_tag?post=28122"}],"curies":[{"name":"wp","href":"https:\/\/api.w.org\/{rel}","templated":true}]}}