{"id":27807,"date":"2025-07-25T13:34:55","date_gmt":"2025-07-25T13:34:55","guid":{"rendered":"https:\/\/boreait.com\/hr\/?post_type=product&#038;p=27807"},"modified":"2026-02-08T15:11:09","modified_gmt":"2026-02-08T15:11:09","slug":"dell-latitude-7214-konektorska-ploca-ama01-78h0r-oem-rabljeni-dio-prijenosnog-racunala-dell","status":"publish","type":"product","link":"https:\/\/boreait.com\/hr\/product\/dell-latitude-7214-konektorska-ploca-ama01-78h0r-oem-rabljeni-dio-prijenosnog-racunala-dell\/","title":{"rendered":"Dell Latitude 7214 konektorska plo\u010da AMA01 78H0R OEM rabljeni dio prijenosnog ra\u010dunala Dell"},"content":{"rendered":"<p class=\"\" data-start=\"430\" data-end=\"685\">Ovo je <strong data-start=\"440\" data-end=\"479\">rabljena, originalna Dell konektorska plo\u010da<\/strong> za prijenosno ra\u010dunalo <strong data-start=\"488\" data-end=\"512\">Latitude 7214 Rugged<\/strong>. Kompatibilno s vi\u0161e brojeva dijelova: <strong data-start=\"560\" data-end=\"569\">AMA01<\/strong>, <strong data-start=\"571\" data-end=\"587\">1414-0ADV000<\/strong>, <strong data-start=\"589\" data-end=\"598\">78H0R<\/strong> i <strong data-start=\"604\" data-end=\"614\">078H0R<\/strong>. Potpuno ispitan i spreman za zamjenu neispravnih ili o\u0161te\u0107enih konektorskih plo\u010da.<\/p>\n<p class=\"\" data-start=\"687\" data-end=\"711\">\u2705 <strong data-start=\"689\" data-end=\"709\">Kompatibilno s:<\/strong><\/p>\n<ul data-start=\"712\" data-end=\"739\">\n<li class=\"\" data-start=\"712\" data-end=\"739\">\n<p class=\"\" data-start=\"714\" data-end=\"739\">Dell Latitude 7214 Rugged<\/p>\n<\/li>\n<\/ul>\n<p class=\"\" data-start=\"741\" data-end=\"762\">\u2705 <strong data-start=\"743\" data-end=\"760\">Brojevi dijelova:<\/strong><\/p>\n<ul data-start=\"763\" data-end=\"806\">\n<li class=\"\" data-start=\"763\" data-end=\"772\">\n<p class=\"\" data-start=\"765\" data-end=\"772\">AMA01<\/p>\n<\/li>\n<li class=\"\" data-start=\"773\" data-end=\"789\">\n<p class=\"\" data-start=\"775\" data-end=\"789\">1414-0ADV000<\/p>\n<\/li>\n<li class=\"\" data-start=\"790\" data-end=\"806\">\n<p class=\"\" data-start=\"792\" data-end=\"806\">78H0R \/ 078H0R<\/p>\n<\/li>\n<\/ul>\n<p class=\"\" data-start=\"808\" data-end=\"829\">\u2705 <strong data-start=\"810\" data-end=\"827\">Klju\u010dne zna\u010dajke:<\/strong><\/p>\n<ul data-start=\"830\" data-end=\"1031\">\n<li class=\"\" data-start=\"830\" data-end=\"858\">\n<p class=\"\" data-start=\"832\" data-end=\"858\">Originalni dio prijenosnog ra\u010dunala Dell<\/p>\n<\/li>\n<li class=\"\" data-start=\"859\" data-end=\"911\">\n<p class=\"\" data-start=\"861\" data-end=\"911\">Kori\u0161ten i testiran \u2013 u izvrsnom radnom stanju<\/p>\n<\/li>\n<li class=\"\" data-start=\"912\" data-end=\"952\">\n<p class=\"\" data-start=\"914\" data-end=\"952\">Osigurava ispravnu internu povezanost<\/p>\n<\/li>\n<li class=\"\" data-start=\"953\" data-end=\"1003\">\n<p class=\"\" data-start=\"955\" data-end=\"1003\">Idealno za profesionalne popravke i odr\u017eavanje<\/p>\n<\/li>\n<li class=\"\" data-start=\"1004\" data-end=\"1031\">\n<p class=\"\" data-start=\"1006\" data-end=\"1031\">Brza dostava iz Europe<\/p>\n<\/li>\n<\/ul>\n<p class=\"\" data-start=\"1033\" data-end=\"1121\">Savr\u0161eno za tehni\u010dare i stru\u010dnjake za popravke koji tra\u017ee pouzdane <strong data-start=\"1099\" data-end=\"1120\">dijelove prijenosnih ra\u010dunala Dell<\/strong>.<\/p>\n","protected":false},"excerpt":{"rendered":"<p>Rabljena Dell OEM konektorska plo\u010da za Latitude 7214 Rugged. Uklju\u010duje brojeve dijelova AMA01, 1414-0ADV000, 78H0R i 078H0R. Potpuno testiran dio prijenosnog ra\u010dunala Dell.<\/p>\n","protected":false},"featured_media":27866,"template":"","meta":[],"product_brand":[],"product_cat":[62],"product_tag":[52],"class_list":{"0":"post-27807","1":"product","2":"type-product","3":"status-publish","4":"has-post-thumbnail","6":"product_cat-motherboards-board-parts","7":"product_tag-dell","9":"first","10":"instock","11":"taxable","12":"shipping-taxable","13":"purchasable","14":"product-type-simple"},"_links":{"self":[{"href":"https:\/\/boreait.com\/hr\/wp-json\/wp\/v2\/product\/27807","targetHints":{"allow":["GET"]}}],"collection":[{"href":"https:\/\/boreait.com\/hr\/wp-json\/wp\/v2\/product"}],"about":[{"href":"https:\/\/boreait.com\/hr\/wp-json\/wp\/v2\/types\/product"}],"wp:featuredmedia":[{"embeddable":true,"href":"https:\/\/boreait.com\/hr\/wp-json\/wp\/v2\/media\/27866"}],"wp:attachment":[{"href":"https:\/\/boreait.com\/hr\/wp-json\/wp\/v2\/media?parent=27807"}],"wp:term":[{"taxonomy":"product_brand","embeddable":true,"href":"https:\/\/boreait.com\/hr\/wp-json\/wp\/v2\/product_brand?post=27807"},{"taxonomy":"product_cat","embeddable":true,"href":"https:\/\/boreait.com\/hr\/wp-json\/wp\/v2\/product_cat?post=27807"},{"taxonomy":"product_tag","embeddable":true,"href":"https:\/\/boreait.com\/hr\/wp-json\/wp\/v2\/product_tag?post=27807"}],"curies":[{"name":"wp","href":"https:\/\/api.w.org\/{rel}","templated":true}]}}