{"id":27805,"date":"2025-07-25T13:34:55","date_gmt":"2025-07-25T13:34:55","guid":{"rendered":"https:\/\/boreait.com\/hr\/?post_type=product&#038;p=27805"},"modified":"2026-02-08T15:10:50","modified_gmt":"2026-02-08T15:10:50","slug":"dell-latitude-7214-rugged-hard-drive-caddy-13nj-1ca0f11-oem-rabljen","status":"publish","type":"product","link":"https:\/\/boreait.com\/hr\/product\/dell-latitude-7214-rugged-hard-drive-caddy-13nj-1ca0f11-oem-rabljen\/","title":{"rendered":"Dell Latitude 7214 Rugged Hard Drive Caddy 13NJ-1CA0F11 OEM Rabljen"},"content":{"rendered":"<p class=\"\" data-start=\"390\" data-end=\"656\">Ovaj <strong data-start=\"395\" data-end=\"424\">rabljeni OEM nosa\u010d tvrdog diska<\/strong> kompatibilan je s prijenosnim ra\u010dunalom <strong data-start=\"448\" data-end=\"477\">Dell Latitude 7214 Rugged<\/strong>. Broj dijela <strong data-start=\"498\" data-end=\"514\">13NJ-1CA0F11<\/strong>. Dizajniran je za sigurno postavljanje va\u0161eg 2,5&#8243; tvrdog diska ili SSD-a i bitna je komponenta za pravilnu ugradnju unutar robusnog ku\u0107i\u0161ta.<\/p>\n<p class=\"\" data-start=\"658\" data-end=\"682\">\u2705 <strong data-start=\"660\" data-end=\"680\">Kompatibilno s:<\/strong><\/p>\n<ul data-start=\"683\" data-end=\"710\">\n<li class=\"\" data-start=\"683\" data-end=\"710\">\n<p class=\"\" data-start=\"685\" data-end=\"710\">Dell Latitude 7214 Rugged<\/p>\n<\/li>\n<\/ul>\n<p class=\"\" data-start=\"712\" data-end=\"732\">\u2705 <strong data-start=\"714\" data-end=\"730\">Broj dijela:<\/strong><\/p>\n<ul data-start=\"733\" data-end=\"747\">\n<li class=\"\" data-start=\"733\" data-end=\"747\">\n<p class=\"\" data-start=\"735\" data-end=\"747\">13NJ-1CA0F11<\/p>\n<\/li>\n<\/ul>\n<p class=\"\" data-start=\"749\" data-end=\"770\">\u2705 <strong data-start=\"751\" data-end=\"768\">Klju\u010dne zna\u010dajke:<\/strong><\/p>\n<ul data-start=\"771\" data-end=\"955\">\n<li class=\"\" data-start=\"771\" data-end=\"799\">\n<p class=\"\" data-start=\"773\" data-end=\"799\">Originalni dio prijenosnog ra\u010dunala Dell<\/p>\n<\/li>\n<li class=\"\" data-start=\"800\" data-end=\"837\">\n<p class=\"\" data-start=\"802\" data-end=\"837\">Podr\u017eava standardne 2,5&#8243; HDD ili SSD<\/p>\n<\/li>\n<li class=\"\" data-start=\"838\" data-end=\"885\">\n<p class=\"\" data-start=\"840\" data-end=\"885\">Idealna zamjena za izgubljeni ili o\u0161te\u0107eni nosa\u010d<\/p>\n<\/li>\n<li class=\"\" data-start=\"886\" data-end=\"907\">\n<p class=\"\" data-start=\"888\" data-end=\"907\">Jednostavna instalacija<\/p>\n<\/li>\n<li class=\"\" data-start=\"908\" data-end=\"955\">\n<p class=\"\" data-start=\"910\" data-end=\"955\">Kori\u0161ten i potpuno funkcionalan \u2013 temeljito testiran<\/p>\n<\/li>\n<\/ul>\n<p class=\"\" data-start=\"957\" data-end=\"1050\">Savr\u0161eno za popravke ili nadogradnje pomo\u0107u pouzdanih <strong data-start=\"1004\" data-end=\"1025\">dijelova prijenosnog ra\u010dunala Dell<\/strong>. Brza dostava iz Europe.<\/p>\n","protected":false},"excerpt":{"rendered":"<p>Rabljeni \u010dvrsti nosa\u010d tvrdog diska Dell Latitude 7214 \u2013 broj dijela 13NJ-1CA0F11. OEM Dell laptop dio, savr\u0161en za HDD ili SSD instalaciju.<\/p>\n","protected":false},"featured_media":27854,"template":"","meta":[],"product_brand":[],"product_cat":[51],"product_tag":[52],"class_list":{"0":"post-27805","1":"product","2":"type-product","3":"status-publish","4":"has-post-thumbnail","6":"product_cat-laptop-housing","7":"product_tag-dell","9":"first","10":"instock","11":"taxable","12":"shipping-taxable","13":"purchasable","14":"product-type-simple"},"_links":{"self":[{"href":"https:\/\/boreait.com\/hr\/wp-json\/wp\/v2\/product\/27805","targetHints":{"allow":["GET"]}}],"collection":[{"href":"https:\/\/boreait.com\/hr\/wp-json\/wp\/v2\/product"}],"about":[{"href":"https:\/\/boreait.com\/hr\/wp-json\/wp\/v2\/types\/product"}],"wp:featuredmedia":[{"embeddable":true,"href":"https:\/\/boreait.com\/hr\/wp-json\/wp\/v2\/media\/27854"}],"wp:attachment":[{"href":"https:\/\/boreait.com\/hr\/wp-json\/wp\/v2\/media?parent=27805"}],"wp:term":[{"taxonomy":"product_brand","embeddable":true,"href":"https:\/\/boreait.com\/hr\/wp-json\/wp\/v2\/product_brand?post=27805"},{"taxonomy":"product_cat","embeddable":true,"href":"https:\/\/boreait.com\/hr\/wp-json\/wp\/v2\/product_cat?post=27805"},{"taxonomy":"product_tag","embeddable":true,"href":"https:\/\/boreait.com\/hr\/wp-json\/wp\/v2\/product_tag?post=27805"}],"curies":[{"name":"wp","href":"https:\/\/api.w.org\/{rel}","templated":true}]}}