{"id":27791,"date":"2025-07-25T13:34:31","date_gmt":"2025-07-25T13:34:31","guid":{"rendered":"https:\/\/boreait.com\/hr\/?post_type=product&#038;p=27791"},"modified":"2026-02-08T11:49:03","modified_gmt":"2026-02-08T11:49:03","slug":"0801-2gw4000-flex-kabel-za-dell-latitude-7204-rugged-extreme-oem-c_lid_c-fpc","status":"publish","type":"product","link":"https:\/\/boreait.com\/hr\/product\/0801-2gw4000-flex-kabel-za-dell-latitude-7204-rugged-extreme-oem-c_lid_c-fpc\/","title":{"rendered":"0801-2GW4000 Flex kabel za Dell Latitude 7204 Rugged Extreme \u2013 OEM C_LID_C FPC"},"content":{"rendered":"<p class=\"\" data-start=\"431\" data-end=\"769\">Zamijenite svoj o\u0161te\u0107eni ili neispravni fleksibilni kabel ovim originalnim <strong data-start=\"492\" data-end=\"522\">OEM C_LID_C FPC fleksibilnim kabelom<\/strong> (Broj dijela: <strong data-start=\"537\" data-end=\"553\">0801-2GW4000<\/strong>) dizajniranim posebno za <strong data-start=\"585\" data-end=\"622\">Dell Latitude 7204 Rugged Extreme<\/strong> seriju. Ova visokokvalitetna zamjena osigurava pouzdanu vezu izme\u0111u komponenti i poma\u017ee vratiti punu funkcionalnost va\u0161em robusnom prijenosnom ra\u010dunalu.<\/p>\n<p class=\"\" data-start=\"771\" data-end=\"898\"><strong data-start=\"771\" data-end=\"791\">Kompatibilno s:<\/strong><br data-start=\"791\" data-end=\"794\" \/>\u2714\ufe0f Dell Latitude 7204 Rugged Extreme<br data-start=\"830\" data-end=\"833\" \/>\u2714\ufe0f Broj dijela: 0801-2GW4000<br data-start=\"858\" data-end=\"861\" \/>\u2714\ufe0f Vrsta: OEM C_LID_C FPC Flex kabel<\/p>\n<p class=\"\" data-start=\"900\" data-end=\"915\"><strong data-start=\"900\" data-end=\"913\">Zna\u010dajke:<\/strong><\/p>\n<ul data-start=\"916\" data-end=\"1089\">\n<li class=\"\" data-start=\"916\" data-end=\"954\">\n<p class=\"\" data-start=\"918\" data-end=\"954\">Originalni OEM dio \u2013 100% kompatibilan<\/p>\n<\/li>\n<li class=\"\" data-start=\"955\" data-end=\"996\">\n<p class=\"\" data-start=\"957\" data-end=\"996\">Lako se instalira uz odgovaraju\u0107e alate<\/p>\n<\/li>\n<li class=\"\" data-start=\"997\" data-end=\"1040\">\n<p class=\"\" data-start=\"999\" data-end=\"1040\">Izdr\u017eljiv i napravljen za ekstremne uvjete<\/p>\n<\/li>\n<li class=\"\" data-start=\"1041\" data-end=\"1089\">\n<p class=\"\" data-start=\"1043\" data-end=\"1089\">Idealno za stru\u010dnjake za popravke i korisnike koji rade sami<\/p>\n<\/li>\n<\/ul>\n","protected":false},"excerpt":{"rendered":"<p>Kupite OEM 0801-2GW4000 savitljivi kabel za Dell Latitude 7204 Rugged Extreme. Vratite svoj ure\u0111aj ovim originalnim C_LID_C FPC zamjenskim dijelom.<\/p>\n","protected":false},"featured_media":27851,"template":"","meta":[],"product_brand":[],"product_cat":[55],"product_tag":[52],"class_list":{"0":"post-27791","1":"product","2":"type-product","3":"status-publish","4":"has-post-thumbnail","6":"product_cat-cables","7":"product_tag-dell","9":"first","10":"instock","11":"taxable","12":"shipping-taxable","13":"purchasable","14":"product-type-simple"},"_links":{"self":[{"href":"https:\/\/boreait.com\/hr\/wp-json\/wp\/v2\/product\/27791","targetHints":{"allow":["GET"]}}],"collection":[{"href":"https:\/\/boreait.com\/hr\/wp-json\/wp\/v2\/product"}],"about":[{"href":"https:\/\/boreait.com\/hr\/wp-json\/wp\/v2\/types\/product"}],"wp:featuredmedia":[{"embeddable":true,"href":"https:\/\/boreait.com\/hr\/wp-json\/wp\/v2\/media\/27851"}],"wp:attachment":[{"href":"https:\/\/boreait.com\/hr\/wp-json\/wp\/v2\/media?parent=27791"}],"wp:term":[{"taxonomy":"product_brand","embeddable":true,"href":"https:\/\/boreait.com\/hr\/wp-json\/wp\/v2\/product_brand?post=27791"},{"taxonomy":"product_cat","embeddable":true,"href":"https:\/\/boreait.com\/hr\/wp-json\/wp\/v2\/product_cat?post=27791"},{"taxonomy":"product_tag","embeddable":true,"href":"https:\/\/boreait.com\/hr\/wp-json\/wp\/v2\/product_tag?post=27791"}],"curies":[{"name":"wp","href":"https:\/\/api.w.org\/{rel}","templated":true}]}}