{"id":27777,"date":"2025-07-25T13:34:06","date_gmt":"2025-07-25T13:34:06","guid":{"rendered":"https:\/\/boreait.com\/hr\/?post_type=product&#038;p=27777"},"modified":"2025-07-25T13:35:50","modified_gmt":"2025-07-25T13:35:50","slug":"latitude-rugged-e7214-vrata-za-hdmi-i-usb-prikljucak-originalni-zamjenski-dio-za-prijenosno-racunalo","status":"publish","type":"product","link":"https:\/\/boreait.com\/hr\/product\/latitude-rugged-e7214-vrata-za-hdmi-i-usb-prikljucak-originalni-zamjenski-dio-za-prijenosno-racunalo\/","title":{"rendered":"Latitude Rugged E7214 vrata za HDMI i USB priklju\u010dak \u2013 originalni zamjenski dio za prijenosno ra\u010dunalo"},"content":{"rendered":"<p class=\"\" data-start=\"614\" data-end=\"876\">Vratite svoje prijenosno ra\u010dunalo <strong data-start=\"627\" data-end=\"652\">Latitude Rugged E7214<\/strong> u izvorno stanje pomo\u0107u ove zamjene za <strong data-start=\"696\" data-end=\"730\">originalni HDMI i USB priklju\u010dak<\/strong>. Ako je poklopac va\u0161eg trenutnog priklju\u010dka napuknut ili nedostaje, ovaj izdr\u017eljivi dio osigurava za\u0161titu va\u0161ih priklju\u010daka i va\u0161 ure\u0111aj izgleda kao nov.<\/p>\n<p class=\"\" data-start=\"878\" data-end=\"1313\">\ud83d\udd39 <strong data-start=\"881\" data-end=\"898\">Klju\u010dne zna\u010dajke:<\/strong><br data-start=\"898\" data-end=\"901\" \/>\u2714 <strong data-start=\"903\" data-end=\"941\">Genuine Latitude Rugged E7214 Dio<\/strong> \u2013 Originalna, visokokvalitetna zamjena<br data-start=\"978\" data-end=\"981\" \/>\u2714 <strong data-start=\"983\" data-end=\"998\">Savr\u0161eno pristajanje<\/strong> \u2013 Dizajnirano posebno za <strong data-start=\"1031\" data-end=\"1056\">Latitude E7214 Rugged<\/strong><br data-start=\"1056\" data-end=\"1059\" \/>\u2714 <strong data-start=\"1061\" data-end=\"1093\">Izdr\u017eljiva plasti\u010dna konstrukcija<\/strong> \u2013 \u0160titi va\u0161e HDMI i USB priklju\u010dke od pra\u0161ine i o\u0161te\u0107enja<br data-start=\"1149\" data-end=\"1152\" \/>\u2714 <strong data-start=\"1154\" data-end=\"1175\">Jednostavna instalacija<\/strong> \u2013 Lako postavite poklopac na mjesto kako biste osigurali svoje priklju\u010dke<br data-start=\"1231\" data-end=\"1234\" \/>\u2714 <strong data-start=\"1236\" data-end=\"1251\">Prave fotografije<\/strong> \u2013 Ono \u0161to vidite na slikama to\u010dno je ono \u0161to \u0107ete i dobiti<\/p>\n<p class=\"\" data-start=\"1315\" data-end=\"1338\">\ud83d\udca1 <strong data-start=\"1318\" data-end=\"1336\">Kompatibilnost:<\/strong><\/p>\n<ul data-start=\"1339\" data-end=\"1475\">\n<li class=\"\" data-start=\"1339\" data-end=\"1389\">\n<p class=\"\" data-start=\"1341\" data-end=\"1389\">Kompatibilno s <strong data-start=\"1357\" data-end=\"1387\">Dell Latitude Rugged E7214<\/strong><\/p>\n<\/li>\n<li class=\"\" data-start=\"1390\" data-end=\"1475\">\n<p class=\"\" data-start=\"1392\" data-end=\"1475\">Savr\u0161eno za zamjenu <strong data-start=\"1418\" data-end=\"1444\">vrata HDMI i USB priklju\u010dka<\/strong> koja \u0161tite kriti\u010dne priklju\u010dke<\/p>\n<\/li>\n<\/ul>\n<p class=\"\" data-start=\"1477\" data-end=\"1614\">\ud83d\udcf8 <strong data-start=\"1480\" data-end=\"1496\">Prave fotografije:<\/strong> Fotografije u popisu predstavljaju stvarni <strong data-start=\"1544\" data-end=\"1569\">Latitude Rugged E7214<\/strong> <strong data-start=\"1570\" data-end=\"1583\">priklju\u010dna vrata<\/strong> dobit \u0107ete \u2013 bez iznena\u0111enja!<\/p>\n<p class=\"\" data-start=\"1616\" data-end=\"1742\">\u2753 <strong data-start=\"1618\" data-end=\"1632\">Trebate li pomo\u0107?<\/strong> Ne pru\u017eamo detaljne upute za instalaciju, ali ako trebate smjernice, slobodno nam <strong data-start=\"1725\" data-end=\"1739\">po\u0161aljite poruku<\/strong>!<\/p>\n<p class=\"\" data-start=\"1744\" data-end=\"1844\">\ud83d\udce6 <strong data-start=\"1747\" data-end=\"1775\">Brza dostava diljem svijeta!<\/strong> Vratite svoje prijenosno ra\u010dunalo u vrhunsku formu pomo\u0107u ovih <strong data-start=\"1820\" data-end=\"1841\">originalnih ulaznih vrata<\/strong>.<\/p>\n","protected":false},"excerpt":{"rendered":"<p class=\"\" data-start=\"306\" data-end=\"533\">Zamijenite svoja o\u0161te\u0107ena ili nedostaju\u0107a <strong data-start=\"338\" data-end=\"364\">vrata HDMI i USB priklju\u010dka<\/strong> ovim <strong data-start=\"375\" data-end=\"413\">originalnim Latitude Rugged E7214 dijelom<\/strong>. Savr\u0161eno odgovara za besprijekornu za\u0161titu priklju\u010daka va\u0161eg prijenosnog ra\u010dunala. <strong data-start=\"477\" data-end=\"533\">Uklju\u010dene su prave fotografije \u2013 dobivate to\u010dno ono \u0161to vidite!<\/strong><\/p>\n","protected":false},"featured_media":27846,"template":"","meta":[],"product_brand":[],"product_cat":[51],"product_tag":[52],"class_list":{"0":"post-27777","1":"product","2":"type-product","3":"status-publish","4":"has-post-thumbnail","6":"product_cat-laptop-housing","7":"product_tag-dell","9":"first","10":"instock","11":"taxable","12":"shipping-taxable","13":"purchasable","14":"product-type-simple"},"_links":{"self":[{"href":"https:\/\/boreait.com\/hr\/wp-json\/wp\/v2\/product\/27777","targetHints":{"allow":["GET"]}}],"collection":[{"href":"https:\/\/boreait.com\/hr\/wp-json\/wp\/v2\/product"}],"about":[{"href":"https:\/\/boreait.com\/hr\/wp-json\/wp\/v2\/types\/product"}],"wp:featuredmedia":[{"embeddable":true,"href":"https:\/\/boreait.com\/hr\/wp-json\/wp\/v2\/media\/27846"}],"wp:attachment":[{"href":"https:\/\/boreait.com\/hr\/wp-json\/wp\/v2\/media?parent=27777"}],"wp:term":[{"taxonomy":"product_brand","embeddable":true,"href":"https:\/\/boreait.com\/hr\/wp-json\/wp\/v2\/product_brand?post=27777"},{"taxonomy":"product_cat","embeddable":true,"href":"https:\/\/boreait.com\/hr\/wp-json\/wp\/v2\/product_cat?post=27777"},{"taxonomy":"product_tag","embeddable":true,"href":"https:\/\/boreait.com\/hr\/wp-json\/wp\/v2\/product_tag?post=27777"}],"curies":[{"name":"wp","href":"https:\/\/api.w.org\/{rel}","templated":true}]}}