{"id":27758,"date":"2025-07-25T13:33:41","date_gmt":"2025-07-25T13:33:41","guid":{"rendered":"https:\/\/boreait.com\/hr\/?post_type=product&#038;p=27758"},"modified":"2026-03-10T11:52:37","modified_gmt":"2026-03-10T11:52:37","slug":"4gb-1rx16-pc4-2666v-sc0-11-ddr4-ram-za-prijenosno-racunalo-originalna-nadogradnja-memorije","status":"publish","type":"product","link":"https:\/\/boreait.com\/hr\/product\/4gb-1rx16-pc4-2666v-sc0-11-ddr4-ram-za-prijenosno-racunalo-originalna-nadogradnja-memorije\/","title":{"rendered":"4GB 1Rx16 PC4-2666V SC0 11 DDR4 RAM za prijenosno ra\u010dunalo \u2013 originalna nadogradnja memorije"},"content":{"rendered":"<p class=\"\" data-start=\"573\" data-end=\"833\">Nadogradite memoriju svog prijenosnog ra\u010dunala s ovim <strong data-start=\"612\" data-end=\"661\">4 GB DDR4 2666MHz RAM-a (1Rx16 PC4-2666V SC0 11)<\/strong> za ve\u0107e brzine i pobolj\u0161ani multitasking. Bilo da radite, strujite ili igrate igrice, ovaj <strong data-start=\"758\" data-end=\"789\">RAM za prijenosno ra\u010dunalo visokih performansi<\/strong> osigurava glatku i u\u010dinkovitu izvedbu.<\/p>\n<p class=\"\" data-start=\"835\" data-end=\"1231\">\ud83d\udd39 <strong data-start=\"838\" data-end=\"855\">Klju\u010dne zna\u010dajke:<\/strong><br data-start=\"855\" data-end=\"858\" \/>\u2714 <strong data-start=\"860\" data-end=\"873\">Kapacitet:<\/strong> 4GB DDR4 \u2013 Idealno za osnovno ra\u010dunalstvo i multitasking<br data-start=\"927\" data-end=\"930\" \/>\u2714 <strong data-start=\"932\" data-end=\"942\">Brzina:<\/strong> <strong data-start=\"943\" data-end=\"973\">2666MHz (PC4-2666V SC0 11)<\/strong> \u2013 Pobolj\u0161ava odziv sustava<br data-start=\"1006\" data-end=\"1009\" \/>\u2714 <strong data-start=\"1011\" data-end=\"1027\">Faktor oblika:<\/strong> SO-DIMM \u2013 Dizajnirano za <strong data-start=\"1051\" data-end=\"1078\">prijenosna i kompaktna ra\u010dunala<\/strong><br data-start=\"1078\" data-end=\"1081\" \/>\u2714 <strong data-start=\"1083\" data-end=\"1108\">Rang &amp; Konfiguracija:<\/strong> 1Rx16 \u2013 Optimizirano za moderne mati\u010dne plo\u010de prijenosnih ra\u010dunala<br data-start=\"1157\" data-end=\"1160\" \/>\u2714 <strong data-start=\"1162\" data-end=\"1183\">Energetsko u\u010dinkovito:<\/strong> Niska potro\u0161nja energije za dulje trajanje baterije<\/p>\n<p class=\"\" data-start=\"1233\" data-end=\"1256\">\ud83d\udca1 <strong data-start=\"1236\" data-end=\"1254\">Kompatibilnost:<\/strong><\/p>\n<ul data-start=\"1257\" data-end=\"1440\">\n<li class=\"\" data-start=\"1257\" data-end=\"1324\">\n<p class=\"\" data-start=\"1259\" data-end=\"1324\">Kompatibilno s <strong data-start=\"1275\" data-end=\"1322\">prijenosnim ra\u010dunalima koja podr\u017eavaju DDR4 2666MHz SO-DIMM RAM<\/strong><\/p>\n<\/li>\n<li class=\"\" data-start=\"1325\" data-end=\"1440\">\n<p class=\"\" data-start=\"1327\" data-end=\"1440\">Radi s velikim robnim markama kao \u0161to su HP, Dell, Lenovo, ASUS, Acer i drugi (provjerite specifikacije svog sustava prije kupnje)<\/p>\n<\/li>\n<\/ul>\n<p class=\"\" data-start=\"1442\" data-end=\"1543\">\ud83d\udcf8 <strong data-start=\"1445\" data-end=\"1461\">Prave fotografije:<\/strong> Slike u ovom popisu pokazuju to\u010dan artikl koji \u0107ete dobiti \u2013 nema iznena\u0111enja!<\/p>\n<p class=\"\" data-start=\"1545\" data-end=\"1643\">\u2753 <strong data-start=\"1547\" data-end=\"1561\">Trebate li pomo\u0107?<\/strong> Ako imate pitanja o kompatibilnosti, slobodno nam <strong data-start=\"1626\" data-end=\"1640\">po\u0161aljite poruku<\/strong>.<\/p>\n<p class=\"\" data-start=\"1645\" data-end=\"1781\">\ud83d\udce6 <strong data-start=\"1648\" data-end=\"1676\">Brza dostava diljem svijeta!<\/strong> Nadogradite memoriju svog prijenosnog ra\u010dunala danas i u\u017eivajte u br\u017eim performansama s <strong data-start=\"1746\" data-end=\"1778\">ovim originalnim DDR4 RAM-om modul<\/strong>.<\/p>\n","protected":false},"excerpt":{"rendered":"<p>Pobolj\u0161ajte performanse svog prijenosnog ra\u010dunala s ovim <strong data-start=\"337\" data-end=\"386\">4 GB DDR4 2666MHz RAM-a (1Rx16 PC4-2666V SC0 11)<\/strong>. Pouzdana memorija velike brzine za lak\u0161i multitasking. <strong data-start=\"443\" data-end=\"490\">Prave fotografije \u2013 ono \u0161to vidite to i dobijete!<\/strong><\/p>\n","protected":false},"featured_media":27818,"template":"","meta":[],"product_brand":[],"product_cat":[75,71],"product_tag":[],"class_list":{"0":"post-27758","1":"product","2":"type-product","3":"status-publish","4":"has-post-thumbnail","6":"product_cat-ddr4","7":"product_cat-ram-memory","9":"first","10":"instock","11":"taxable","12":"shipping-taxable","13":"purchasable","14":"product-type-simple"},"_links":{"self":[{"href":"https:\/\/boreait.com\/hr\/wp-json\/wp\/v2\/product\/27758","targetHints":{"allow":["GET"]}}],"collection":[{"href":"https:\/\/boreait.com\/hr\/wp-json\/wp\/v2\/product"}],"about":[{"href":"https:\/\/boreait.com\/hr\/wp-json\/wp\/v2\/types\/product"}],"wp:featuredmedia":[{"embeddable":true,"href":"https:\/\/boreait.com\/hr\/wp-json\/wp\/v2\/media\/27818"}],"wp:attachment":[{"href":"https:\/\/boreait.com\/hr\/wp-json\/wp\/v2\/media?parent=27758"}],"wp:term":[{"taxonomy":"product_brand","embeddable":true,"href":"https:\/\/boreait.com\/hr\/wp-json\/wp\/v2\/product_brand?post=27758"},{"taxonomy":"product_cat","embeddable":true,"href":"https:\/\/boreait.com\/hr\/wp-json\/wp\/v2\/product_cat?post=27758"},{"taxonomy":"product_tag","embeddable":true,"href":"https:\/\/boreait.com\/hr\/wp-json\/wp\/v2\/product_tag?post=27758"}],"curies":[{"name":"wp","href":"https:\/\/api.w.org\/{rel}","templated":true}]}}