{"id":27751,"date":"2025-07-25T13:33:40","date_gmt":"2025-07-25T13:33:40","guid":{"rendered":"https:\/\/boreait.com\/hr\/?post_type=product&#038;p=27751"},"modified":"2025-07-25T13:34:57","modified_gmt":"2025-07-25T13:34:57","slug":"dell-latitude-5424-rugged-hdmi-serial-port-door-originalna-maska-za-prijenosno-racunalo","status":"publish","type":"product","link":"https:\/\/boreait.com\/hr\/product\/dell-latitude-5424-rugged-hdmi-serial-port-door-originalna-maska-za-prijenosno-racunalo\/","title":{"rendered":"Dell Latitude 5424 Rugged HDMI &#038; Serial Port Door \u2013 originalna maska za prijenosno ra\u010dunalo"},"content":{"rendered":"<p class=\"\" data-start=\"551\" data-end=\"825\">Osigurajte da va\u0161e <strong data-start=\"563\" data-end=\"599\">Dell Latitude 5424 Rugged prijenosno ra\u010dunalo<\/strong> ostane za\u0161ti\u0107eno ovim <strong data-start=\"626\" data-end=\"661\">originalnim HDMI &amp; Vrata za serijski port<\/strong>. Dizajniran posebno za <strong data-start=\"689\" data-end=\"725\">Dell Latitude 5424 Rugged modele<\/strong>, ovaj izdr\u017eljivi poklopac \u0161titi priklju\u010dke va\u0161eg prijenosnog ra\u010dunala od pra\u0161ine, krhotina i slu\u010dajnih o\u0161te\u0107enja.<\/p>\n<p class=\"\" data-start=\"827\" data-end=\"1155\">\ud83d\udd39 <strong data-start=\"830\" data-end=\"847\">Klju\u010dne zna\u010dajke:<\/strong><br data-start=\"847\" data-end=\"850\" \/>\u2714 <strong data-start=\"852\" data-end=\"873\">Originalni dio Dell<\/strong> \u2013 Osigurava savr\u0161en pristajanje i izdr\u017eljivost<br data-start=\"910\" data-end=\"913\" \/>\u2714 <strong data-start=\"915\" data-end=\"947\">\u0160titi HDMI &amp; Serijski priklju\u010dci<\/strong> \u2013 \u0160titi pra\u0161inu i vlagu<br data-start=\"977\" data-end=\"980\" \/>\u2714 <strong data-start=\"982\" data-end=\"1002\">\u010cvrst &amp; Izdr\u017eljiv<\/strong> \u2013 Napravljen za ekstremna okru\u017eenja<br data-start=\"1034\" data-end=\"1037\" \/>\u2714 <strong data-start=\"1039\" data-end=\"1075\">To\u010dno odgovara Dell Latitude 5424<\/strong> \u2013 Nisu potrebne modifikacije<br data-start=\"1101\" data-end=\"1104\" \/>\u2714 <strong data-start=\"1106\" data-end=\"1125\">Jednostavna zamjena<\/strong> \u2013 jednostavno ga postavite na mjesto<\/p>\n<p class=\"\" data-start=\"1157\" data-end=\"1180\">\ud83d\udca1 <strong data-start=\"1160\" data-end=\"1178\">Kompatibilnost:<\/strong><\/p>\n<ul data-start=\"1181\" data-end=\"1318\">\n<li class=\"\" data-start=\"1181\" data-end=\"1248\">\n<p class=\"\" data-start=\"1183\" data-end=\"1248\">Posebno dizajniran za <strong data-start=\"1209\" data-end=\"1238\">Dell Latitude 5424 Rugged<\/strong> prijenosna ra\u010dunala<\/p>\n<\/li>\n<li class=\"\" data-start=\"1249\" data-end=\"1318\">\n<p class=\"\" data-start=\"1251\" data-end=\"1318\">Provjerite model prijenosnog ra\u010dunala prije kupnje kako biste osigurali kompatibilnost<\/p>\n<\/li>\n<\/ul>\n<p class=\"\" data-start=\"1320\" data-end=\"1423\">\ud83d\udcf8 <strong data-start=\"1323\" data-end=\"1339\">Prave fotografije:<\/strong> Slike u ovom popisu pokazuju to\u010dan artikl koji \u0107ete dobiti \u2013 nema iznena\u0111enja!<\/p>\n<p class=\"\" data-start=\"1425\" data-end=\"1571\">\u2753 <strong data-start=\"1427\" data-end=\"1441\">Trebate li pomo\u0107?<\/strong> Ne dajemo upute za instalaciju, ali mo\u017eete nam <strong data-start=\"1498\" data-end=\"1512\">poru\u010diti<\/strong> ako imate pitanja prije ili nakon kupnje.<\/p>\n<p class=\"\" data-start=\"1573\" data-end=\"1700\">\ud83d\udce6 <strong data-start=\"1576\" data-end=\"1604\">Brza dostava diljem svijeta!<\/strong> Nabavite svoj <strong data-start=\"1614\" data-end=\"1660\">Dell Latitude 5424 HDMI &amp; Vrata za serijski priklju\u010dak<\/strong> danas i za\u0161titite svoje prijenosno ra\u010dunalo.<\/p>\n","protected":false},"excerpt":{"rendered":"<p>Originalni <strong data-start=\"322\" data-end=\"375\">Dell Latitude 5424 robusni HDMI &amp; vrata serijskog porta<\/strong>. \u0160titi priklju\u010dke od pra\u0161ine, prljav\u0161tine i o\u0161te\u0107enja. <strong data-start=\"421\" data-end=\"468\">Prave fotografije \u2013 ono \u0161to vidite to i dobijete!<\/strong><\/p>\n","protected":false},"featured_media":27811,"template":"","meta":[],"product_brand":[],"product_cat":[51],"product_tag":[52],"class_list":{"0":"post-27751","1":"product","2":"type-product","3":"status-publish","4":"has-post-thumbnail","6":"product_cat-laptop-housing","7":"product_tag-dell","9":"first","10":"instock","11":"taxable","12":"shipping-taxable","13":"purchasable","14":"product-type-simple"},"_links":{"self":[{"href":"https:\/\/boreait.com\/hr\/wp-json\/wp\/v2\/product\/27751","targetHints":{"allow":["GET"]}}],"collection":[{"href":"https:\/\/boreait.com\/hr\/wp-json\/wp\/v2\/product"}],"about":[{"href":"https:\/\/boreait.com\/hr\/wp-json\/wp\/v2\/types\/product"}],"wp:featuredmedia":[{"embeddable":true,"href":"https:\/\/boreait.com\/hr\/wp-json\/wp\/v2\/media\/27811"}],"wp:attachment":[{"href":"https:\/\/boreait.com\/hr\/wp-json\/wp\/v2\/media?parent=27751"}],"wp:term":[{"taxonomy":"product_brand","embeddable":true,"href":"https:\/\/boreait.com\/hr\/wp-json\/wp\/v2\/product_brand?post=27751"},{"taxonomy":"product_cat","embeddable":true,"href":"https:\/\/boreait.com\/hr\/wp-json\/wp\/v2\/product_cat?post=27751"},{"taxonomy":"product_tag","embeddable":true,"href":"https:\/\/boreait.com\/hr\/wp-json\/wp\/v2\/product_tag?post=27751"}],"curies":[{"name":"wp","href":"https:\/\/api.w.org\/{rel}","templated":true}]}}