{"id":27749,"date":"2025-07-25T13:33:40","date_gmt":"2025-07-25T13:33:40","guid":{"rendered":"https:\/\/boreait.com\/hr\/?post_type=product&#038;p=27749"},"modified":"2025-07-25T13:34:49","modified_gmt":"2025-07-25T13:34:49","slug":"dell-rugged-5420-gps-ploca-originalni-oem-dio-prijenosnog-racunala-0dxrjf-dxrjf","status":"publish","type":"product","link":"https:\/\/boreait.com\/hr\/product\/dell-rugged-5420-gps-ploca-originalni-oem-dio-prijenosnog-racunala-0dxrjf-dxrjf\/","title":{"rendered":"Dell Rugged 5420 GPS plo\u010da \u2013 originalni OEM dio prijenosnog ra\u010dunala \u2013 0DXRJF DXRJF"},"content":{"rendered":"<p class=\"\" data-start=\"533\" data-end=\"841\">Pobolj\u0161ajte svoj <strong data-start=\"546\" data-end=\"568\">Dell Rugged 5420<\/strong> s ovom <strong data-start=\"579\" data-end=\"604\">originalnom OEM GPS plo\u010dom<\/strong>, dizajniranom za pru\u017eanje to\u010dnog pra\u0107enja lokacije za poslovne, navigacijske i sigurnosne aplikacije. Ovaj modul je <strong data-start=\"723\" data-end=\"745\">izravna zamjena<\/strong> za originalni dio, osiguravaju\u0107i potpunu kompatibilnost i besprijekornu integraciju s va\u0161im prijenosnim ra\u010dunalom.<\/p>\n<p class=\"\" data-start=\"843\" data-end=\"1199\">\ud83d\udd39 <strong data-start=\"846\" data-end=\"863\">Klju\u010dne zna\u010dajke:<\/strong><br data-start=\"863\" data-end=\"866\" \/>\u2714 <strong data-start=\"868\" data-end=\"893\">Originalni Dell OEM dio 0DXRJF DXRJF<\/strong> \u2013 Osigurava pouzdanost i punu kompatibilnost<br data-start=\"938\" data-end=\"941\" \/>\u2714 <strong data-start=\"943\" data-end=\"964\">GPS funkcionalnost<\/strong> \u2013 Omogu\u0107uje to\u010dno pozicioniranje i pra\u0107enje<br data-start=\"1008\" data-end=\"1011\" \/>\u2714 <strong data-start=\"1013\" data-end=\"1055\">Model: Dizajniran za Dell Rugged 5420<\/strong> \u2013 OEM precizno pristajanje<br data-start=\"1075\" data-end=\"1078\" \/>\u2714 <strong data-start=\"1080\" data-end=\"1101\">Jednostavna instalacija<\/strong> \u2013 Izravna plug-and-play zamjena<br data-start=\"1136\" data-end=\"1139\" \/>\u2714 <strong data-start=\"1141\" data-end=\"1164\">Compact &amp; U\u010dinkovito<\/strong> \u2013 minimalan utjecaj na trajanje baterije<\/p>\n<p class=\"\" data-start=\"1201\" data-end=\"1224\">\ud83d\udca1 <strong data-start=\"1204\" data-end=\"1222\">Kompatibilnost:<\/strong><\/p>\n<ul data-start=\"1225\" data-end=\"1357\">\n<li class=\"\" data-start=\"1225\" data-end=\"1295\">\n<p class=\"\" data-start=\"1227\" data-end=\"1295\"><strong data-start=\"1227\" data-end=\"1249\">Dell Rugged 5420<\/strong> (Provjerite model prijenosnog ra\u010dunala prije kupnje)<\/p>\n<\/li>\n<li class=\"\" data-start=\"1296\" data-end=\"1357\">\n<p class=\"\" data-start=\"1298\" data-end=\"1357\">Standardna interna veza za prijenosna ra\u010dunala Dell s omogu\u0107enim GPS-om<\/p>\n<\/li>\n<\/ul>\n<p class=\"\" data-start=\"1359\" data-end=\"1468\">\ud83d\udcf8 <strong data-start=\"1362\" data-end=\"1378\">Prave fotografije:<\/strong> Slike u ovom popisu prikazuju to\u010dnu GPS plo\u010du koju \u0107ete dobiti \u2013 nema fotografija iz skladi\u0161ta!<\/p>\n<p class=\"\" data-start=\"1470\" data-end=\"1622\">\u2753 <strong data-start=\"1472\" data-end=\"1486\">Trebate li pomo\u0107?<\/strong> Ne dajemo upute za instalaciju, ali slobodno <strong data-start=\"1548\" data-end=\"1562\">nam po\u0161aljite poruku<\/strong> ako trebate bilo kakvu pomo\u0107 prije ili nakon kupnje.<\/p>\n<p class=\"\" data-start=\"1624\" data-end=\"1739\">\ud83d\udce6 <strong data-start=\"1627\" data-end=\"1655\">Brza dostava \u0161irom svijeta!<\/strong> Opremite svoje prijenosno ra\u010dunalo GPS funkcijom pomo\u0107u ovog <strong data-start=\"1715\" data-end=\"1736\">originalnog dijela Dell<\/strong>.<\/p>\n","protected":false},"excerpt":{"rendered":"<p>Nadogradite svoj <strong data-start=\"313\" data-end=\"335\">Dell Rugged 5420<\/strong> ovom <strong data-start=\"346\" data-end=\"371\">originalnom OEM GPS plo\u010dom<\/strong> za precizno pra\u0107enje lokacije. <strong data-start=\"403\" data-end=\"450\">Prave fotografije \u2013 ono \u0161to vidite to i dobijete!<\/strong><\/p>\n","protected":false},"featured_media":27800,"template":"","meta":[],"product_brand":[],"product_cat":[62],"product_tag":[52],"class_list":{"0":"post-27749","1":"product","2":"type-product","3":"status-publish","4":"has-post-thumbnail","6":"product_cat-motherboards-board-parts","7":"product_tag-dell","9":"first","10":"instock","11":"taxable","12":"shipping-taxable","13":"purchasable","14":"product-type-simple"},"_links":{"self":[{"href":"https:\/\/boreait.com\/hr\/wp-json\/wp\/v2\/product\/27749","targetHints":{"allow":["GET"]}}],"collection":[{"href":"https:\/\/boreait.com\/hr\/wp-json\/wp\/v2\/product"}],"about":[{"href":"https:\/\/boreait.com\/hr\/wp-json\/wp\/v2\/types\/product"}],"wp:featuredmedia":[{"embeddable":true,"href":"https:\/\/boreait.com\/hr\/wp-json\/wp\/v2\/media\/27800"}],"wp:attachment":[{"href":"https:\/\/boreait.com\/hr\/wp-json\/wp\/v2\/media?parent=27749"}],"wp:term":[{"taxonomy":"product_brand","embeddable":true,"href":"https:\/\/boreait.com\/hr\/wp-json\/wp\/v2\/product_brand?post=27749"},{"taxonomy":"product_cat","embeddable":true,"href":"https:\/\/boreait.com\/hr\/wp-json\/wp\/v2\/product_cat?post=27749"},{"taxonomy":"product_tag","embeddable":true,"href":"https:\/\/boreait.com\/hr\/wp-json\/wp\/v2\/product_tag?post=27749"}],"curies":[{"name":"wp","href":"https:\/\/api.w.org\/{rel}","templated":true}]}}