{"id":27678,"date":"2025-07-25T13:31:43","date_gmt":"2025-07-25T13:31:43","guid":{"rendered":"https:\/\/boreait.com\/hr\/?post_type=product&#038;p=27678"},"modified":"2025-07-25T13:33:21","modified_gmt":"2025-07-25T13:33:21","slug":"dell-53h59-15-6-led-lcd-zaslon-wxga-hd-053h59-lp156wh4tlp1-ploca-prijenosnog-racunala","status":"publish","type":"product","link":"https:\/\/boreait.com\/hr\/product\/dell-53h59-15-6-led-lcd-zaslon-wxga-hd-053h59-lp156wh4tlp1-ploca-prijenosnog-racunala\/","title":{"rendered":"DELL 53H59 15.6&#8243; LED LCD zaslon WXGA HD 053H59 LP156WH4(TL)(P1) plo\u010da prijenosnog ra\u010dunala"},"content":{"rendered":"<p data-start=\"640\" data-end=\"897\">Vratite svoje prijenosno ra\u010dunalo u akciju s ovim <strong data-start=\"681\" data-end=\"732\">originalnim zamjenskim LCD zaslonom za prijenosna ra\u010dunala Dell<\/strong>. Ovaj <strong data-start=\"739\" data-end=\"770\">15,6-in\u010dni WXGA HD LED panel<\/strong> izravna je zamjena za <strong data-start=\"803\" data-end=\"843\">Dell 53H59 (053H59 LP156WH4(TL)(P1))<\/strong>, nudi jasne slike i besprijekornu kompatibilnost.<\/p>\n<p data-start=\"899\" data-end=\"1319\">\ud83d\udd39 <strong data-start=\"902\" data-end=\"919\">Klju\u010dne zna\u010dajke:<\/strong><br data-start=\"919\" data-end=\"922\" \/>\u2714 <strong data-start=\"924\" data-end=\"954\">To\u010dno podudaranje za Dell 53H59<\/strong> \u2013 Kompatibilno s razli\u010ditim modelima prijenosnih ra\u010dunala Dell<br data-start=\"999\" data-end=\"1002\" \/>\u2714 <strong data-start=\"1004\" data-end=\"1026\">Veli\u010dina zaslona: 15,6&#8243;<\/strong> \u2013 Standardni \u0161iroki zaslon<br data-start=\"1056\" data-end=\"1059\" \/>\u2714 <strong data-start=\"1061\" data-end=\"1095\">Rezolucija: WXGA HD (1366&#215;768)<\/strong> \u2013 Jasne i \u017eivopisne slike<br data-start=\"1123\" data-end=\"1126\" \/>\u2714 <strong data-start=\"1128\" data-end=\"1145\">LED pozadinsko osvjetljenje<\/strong> \u2013 Energetski u\u010dinkovito i dugotrajno<br data-start=\"1181\" data-end=\"1184\" \/>\u2714 <strong data-start=\"1186\" data-end=\"1211\">Konektor: 40-pinski eDP<\/strong> \u2013 Standardno su\u010delje za jednostavnu instalaciju<br data-start=\"1254\" data-end=\"1257\" \/>\u2714 <strong data-start=\"1259\" data-end=\"1283\">Opcije mat\/sjaj<\/strong> \u2013 Ovisno o dostupnosti zaliha<\/p>\n<p data-start=\"1321\" data-end=\"1344\">\ud83d\udca1 <strong data-start=\"1324\" data-end=\"1342\">Kompatibilnost:<\/strong><\/p>\n<ul data-start=\"1345\" data-end=\"1503\">\n<li data-start=\"1345\" data-end=\"1423\">Posebno dizajnirano za <strong data-start=\"1373\" data-end=\"1421\">Dell prijenosna ra\u010dunala s brojem dijela 53H59 (053H59)<\/strong><\/li>\n<li data-start=\"1424\" data-end=\"1503\">Tako\u0111er zamjenjuje <strong data-start=\"1440\" data-end=\"1460\">LP156WH4(TL)(P1)<\/strong> ili ekvivalentne modele s odgovaraju\u0107im specifikacijama<\/li>\n<\/ul>\n<p data-start=\"1505\" data-end=\"1606\">\ud83d\udcf8 <strong data-start=\"1508\" data-end=\"1524\">Prave fotografije:<\/strong> Slike u ovom popisu prikazuju to\u010dno ono \u0161to \u0107ete dobiti \u2013 nema iznena\u0111enja!<\/p>\n<p data-start=\"1608\" data-end=\"1762\">\u2753 <strong data-start=\"1610\" data-end=\"1624\">Trebate li pomo\u0107?<\/strong> Iako ne pru\u017eamo upute za instalaciju, slobodno nam <strong data-start=\"1688\" data-end=\"1702\">po\u0161aljite poruku<\/strong> ako vam je potrebna pomo\u0107 prije ili nakon kupnje.<\/p>\n<p data-start=\"1764\" data-end=\"1886\">\ud83d\udce6 <strong data-start=\"1767\" data-end=\"1795\">Brza dostava diljem svijeta!<\/strong> Neka va\u0161e prijenosno ra\u010dunalo radi kao novo uz ovu <strong data-start=\"1839\" data-end=\"1883\">zamjenu LCD zaslona visoke kvalitete<\/strong>.<\/p>\n","protected":false},"excerpt":{"rendered":"<p data-start=\"341\" data-end=\"559\">Zamijenite svoj pokvareni ili neispravni <strong data-start=\"371\" data-end=\"396\">Dell 53H59 LCD zaslon<\/strong> ovim <strong data-start=\"407\" data-end=\"434\">15,6&#8243; WXGA HD LED panelom<\/strong>. Visokokvalitetni <strong data-start=\"449\" data-end=\"488\">053H59 LP156WH4(TL)(P1) zamjena<\/strong> za o\u0161tar zaslon <strong data-start=\"510\" data-end=\"557\">Prave fotografije \u2013 ono \u0161to vidite to i dobivate!<\/strong><\/p>\n","protected":false},"featured_media":27740,"template":"","meta":[],"product_brand":[],"product_cat":[57,56],"product_tag":[52],"class_list":{"0":"post-27678","1":"product","2":"type-product","3":"status-publish","4":"has-post-thumbnail","6":"product_cat-15-6","7":"product_cat-laptop-screens-lcd-panels","8":"product_tag-dell","10":"first","11":"instock","12":"taxable","13":"shipping-taxable","14":"purchasable","15":"product-type-simple"},"_links":{"self":[{"href":"https:\/\/boreait.com\/hr\/wp-json\/wp\/v2\/product\/27678","targetHints":{"allow":["GET"]}}],"collection":[{"href":"https:\/\/boreait.com\/hr\/wp-json\/wp\/v2\/product"}],"about":[{"href":"https:\/\/boreait.com\/hr\/wp-json\/wp\/v2\/types\/product"}],"wp:featuredmedia":[{"embeddable":true,"href":"https:\/\/boreait.com\/hr\/wp-json\/wp\/v2\/media\/27740"}],"wp:attachment":[{"href":"https:\/\/boreait.com\/hr\/wp-json\/wp\/v2\/media?parent=27678"}],"wp:term":[{"taxonomy":"product_brand","embeddable":true,"href":"https:\/\/boreait.com\/hr\/wp-json\/wp\/v2\/product_brand?post=27678"},{"taxonomy":"product_cat","embeddable":true,"href":"https:\/\/boreait.com\/hr\/wp-json\/wp\/v2\/product_cat?post=27678"},{"taxonomy":"product_tag","embeddable":true,"href":"https:\/\/boreait.com\/hr\/wp-json\/wp\/v2\/product_tag?post=27678"}],"curies":[{"name":"wp","href":"https:\/\/api.w.org\/{rel}","templated":true}]}}