{"id":27667,"date":"2025-07-25T13:31:21","date_gmt":"2025-07-25T13:31:21","guid":{"rendered":"https:\/\/boreait.com\/hr\/?post_type=product&#038;p=27667"},"modified":"2025-07-25T13:32:46","modified_gmt":"2025-07-25T13:32:46","slug":"15-6-lcd-zaslon-lp156wh4tln1-1366x768-60hz-za-asus-x52n-x53by","status":"publish","type":"product","link":"https:\/\/boreait.com\/hr\/product\/15-6-lcd-zaslon-lp156wh4tln1-1366x768-60hz-za-asus-x52n-x53by\/","title":{"rendered":"15.6 LCD zaslon LP156WH4(TL)(N1) 1366&#215;768 60Hz za ASUS X52N X53BY"},"content":{"rendered":"<p data-start=\"650\" data-end=\"1021\">Dajte svom <strong data-start=\"660\" data-end=\"687\">ASUS X52N, X53BY-SX196V<\/strong> novi \u017eivot s ovim visokokvalitetnim <strong data-start=\"722\" data-end=\"759\">15,6&#8243; LCD zaslonom (LP156WH4-TL-N1)<\/strong>. Ovaj zamjenski zaslon ima <strong data-start=\"798\" data-end=\"824\">HD 1366&#215;768 rezoluciju<\/strong>, pru\u017eaju\u0107i jasne slike za svakodnevne zadatke, pregledavanje i zabavu. dok <strong data-start=\"964\" data-end=\"980\">mat zavr\u0161ni sloj<\/strong> smanjuje odsjaj za ugodno gledanje.<\/p>\n<p data-start=\"1023\" data-end=\"1446\">\ud83d\udd39 <strong data-start=\"1026\" data-end=\"1043\">Klju\u010dne zna\u010dajke:<\/strong><br data-start=\"1043\" data-end=\"1046\" \/>\u2714 <strong data-start=\"1048\" data-end=\"1091\">Kompatibilno s ASUS X52N, X53BY-SX196V<\/strong> \u2013 Provjerite svoj model prije kupnje<br data-start=\"1126\" data-end=\"1129\" \/>\u2714 <strong data-start=\"1131\" data-end=\"1140\">Veli\u010dina:<\/strong> 15,6 in\u010da \u2013 Savr\u0161eno odgovara va\u0161em prijenosnom ra\u010dunalu<br data-start=\"1182\" data-end=\"1185\" \/>\u2714 <strong data-start=\"1187\" data-end=\"1202\">Rezolucija:<\/strong> <strong data-start=\"1203\" data-end=\"1218\">1366&#215;768 HD<\/strong> \u2013 o\u0161tar i jasan zaslon<br data-start=\"1244\" data-end=\"1247\" \/>\u2714 <strong data-start=\"1249\" data-end=\"1266\">Brzina osvje\u017eavanja:<\/strong> <strong data-start=\"1267\" data-end=\"1275\">60Hz<\/strong> \u2013 Glatki vizualni prikazi za svakodnevnu upotrebu<br data-start=\"1306\" data-end=\"1309\" \/>\u2714 <strong data-start=\"1311\" data-end=\"1326\">Vrsta plo\u010de:<\/strong> LCD<br data-start=\"1330\" data-end=\"1333\" \/>\u2714 <strong data-start=\"1335\" data-end=\"1349\" data-is-only-node=\"\">Konektor:<\/strong> <strong data-start=\"1350\" data-end=\"1364\">40-pinski eDP<\/strong> \u2013 Standard za ASUS prijenosna ra\u010dunala<br data-start=\"1392\" data-end=\"1395\" \/>\u2714 <strong data-start=\"1397\" data-end=\"1414\">Mat zavr\u0161etak:<\/strong> Smanjuje refleksiju i odsjaj<\/p>\n<p data-start=\"1448\" data-end=\"1478\">\ud83d\udca1 <strong data-start=\"1451\" data-end=\"1476\">Obavijest o kompatibilnosti:<\/strong><\/p>\n<ul data-start=\"1479\" data-end=\"1641\">\n<li data-start=\"1479\" data-end=\"1568\">Dizajniran za <strong data-start=\"1494\" data-end=\"1521\">ASUS X52N, X53BY-SX196V<\/strong> (Provjerite model prijenosnog ra\u010dunala prije naru\u010divanja)<\/li>\n<li data-start=\"1569\" data-end=\"1641\">Kompatibilno s prijenosnim ra\u010dunalima koja koriste <strong data-start=\"1605\" data-end=\"1626\">LP156WH4 (TL)(N1)<\/strong> model zaslona<\/li>\n<\/ul>\n<p data-start=\"1643\" data-end=\"1742\">\ud83d\udcf8 <strong data-start=\"1646\" data-end=\"1662\">Prave fotografije:<\/strong> Slike u ovom popisu prikazuju <strong data-start=\"1701\" data-end=\"1722\">stvarni LCD zaslon<\/strong> koji \u0107ete dobiti!<\/p>\n<p data-start=\"1744\" data-end=\"1887\">\u2753 <strong data-start=\"1746\" data-end=\"1760\">Trebate li pomo\u0107?<\/strong> Iako ne pru\u017eamo upute za instalaciju, slobodno nam <strong data-start=\"1824\" data-end=\"1838\">po\u0161aljite poruku<\/strong> ako imate pitanja o kompatibilnosti.<\/p>\n<p data-start=\"1889\" data-end=\"2015\">\ud83d\udce6 <strong data-start=\"1892\" data-end=\"1920\">Brza dostava \u0161irom svijeta!<\/strong> Vratite svoje prijenosno ra\u010dunalo u savr\u0161eno stanje s ovim <strong data-start=\"1973\" data-end=\"2012\">zamjenskim LCD zaslonom visoke kvalitete<\/strong>.<\/p>\n","protected":false},"excerpt":{"rendered":"<p>Nadogradite svoje ASUS prijenosno ra\u010dunalo ovim <strong data-start=\"352\" data-end=\"401\">zamjenskim LCD zaslonom od 15,6&#8243; (LP156WH4-TL-N1)<\/strong>. Sadr\u017ei <strong data-start=\"415\" data-end=\"441\">1366&#215;768 HD rezoluciju<\/strong>, <strong data-start=\"443\" data-end=\"464\">60Hz u\u010destalost osvje\u017eavanja<\/strong> i <strong data-start=\"470\" data-end=\"486\">mat zavr\u0161ni sloj<\/strong> za jasan zaslon bez odsjaja <strong data-start=\"520\" data-end=\"567\">Prave fotografije \u2013 ono \u0161to vidite to i dobivate!<\/strong><\/p>\n","protected":false},"featured_media":27717,"template":"","meta":[],"product_brand":[],"product_cat":[57,56],"product_tag":[65],"class_list":{"0":"post-27667","1":"product","2":"type-product","3":"status-publish","4":"has-post-thumbnail","6":"product_cat-15-6","7":"product_cat-laptop-screens-lcd-panels","8":"product_tag-asus","10":"first","11":"instock","12":"taxable","13":"shipping-taxable","14":"purchasable","15":"product-type-simple"},"_links":{"self":[{"href":"https:\/\/boreait.com\/hr\/wp-json\/wp\/v2\/product\/27667","targetHints":{"allow":["GET"]}}],"collection":[{"href":"https:\/\/boreait.com\/hr\/wp-json\/wp\/v2\/product"}],"about":[{"href":"https:\/\/boreait.com\/hr\/wp-json\/wp\/v2\/types\/product"}],"wp:featuredmedia":[{"embeddable":true,"href":"https:\/\/boreait.com\/hr\/wp-json\/wp\/v2\/media\/27717"}],"wp:attachment":[{"href":"https:\/\/boreait.com\/hr\/wp-json\/wp\/v2\/media?parent=27667"}],"wp:term":[{"taxonomy":"product_brand","embeddable":true,"href":"https:\/\/boreait.com\/hr\/wp-json\/wp\/v2\/product_brand?post=27667"},{"taxonomy":"product_cat","embeddable":true,"href":"https:\/\/boreait.com\/hr\/wp-json\/wp\/v2\/product_cat?post=27667"},{"taxonomy":"product_tag","embeddable":true,"href":"https:\/\/boreait.com\/hr\/wp-json\/wp\/v2\/product_tag?post=27667"}],"curies":[{"name":"wp","href":"https:\/\/api.w.org\/{rel}","templated":true}]}}