{"id":27621,"date":"2025-07-25T13:29:41","date_gmt":"2025-07-25T13:29:41","guid":{"rendered":"https:\/\/boreait.com\/hr\/?post_type=product&#038;p=27621"},"modified":"2026-02-08T11:48:03","modified_gmt":"2026-02-08T11:48:03","slug":"dell-latitude-e6400-e6410-nosac-tvrdog-diska-i-poklopac-za-hdd-originalni-dio-za-prijenosno-racunalo","status":"publish","type":"product","link":"https:\/\/boreait.com\/hr\/product\/dell-latitude-e6400-e6410-nosac-tvrdog-diska-i-poklopac-za-hdd-originalni-dio-za-prijenosno-racunalo\/","title":{"rendered":"Dell Latitude E6400 E6410 nosa\u010d tvrdog diska i poklopac za HDD \u2013 originalni dio za prijenosno ra\u010dunalo"},"content":{"rendered":"<p data-start=\"631\" data-end=\"873\">\u010cuvajte tvrdi disk va\u0161eg prijenosnog ra\u010dunala sigurnim i sigurnim uz ovaj <strong data-start=\"687\" data-end=\"757\">originalni Dell Latitude E6400 \/ E6410 HDD poklopac i nosa\u010d tvrdog diska<\/strong>. Bilo da zamjenjujete izgubljeni ili o\u0161te\u0107eni dio, ova <strong data-start=\"813\" data-end=\"832\">OEM zamjena<\/strong> osigurava savr\u0161eno pristajanje i kompatibilnost.<\/p>\n<p data-start=\"875\" data-end=\"1218\">\ud83d\udd39 <strong data-start=\"878\" data-end=\"895\">Klju\u010dne zna\u010dajke:<\/strong><br data-start=\"895\" data-end=\"898\" \/>\u2714 <strong data-start=\"900\" data-end=\"922\">Originalni Dell dio<\/strong> \u2013 Dizajniran posebno za Dell Latitude <strong data-start=\"965\" data-end=\"982\">E6400 \/ E6410<\/strong><br data-start=\"982\" data-end=\"985\" \/>\u2714 <strong data-start=\"987\" data-end=\"1017\">Poklopac HDD &amp; Caddy uklju\u010den<\/strong> \u2013 Sve \u0161to vam je potrebno da osigurate svoj tvrdi disk<br data-start=\"1065\" data-end=\"1068\" \/>\u2714 <strong data-start=\"1070\" data-end=\"1094\">Izdr\u017eljiv &amp; Sigurno postavljanje<\/strong> \u2013 Odr\u017eava va\u0161 HDD na mjestu i za\u0161ti\u0107en<br data-start=\"1134\" data-end=\"1137\" \/>\u2714 <strong data-start=\"1139\" data-end=\"1160\">Jednostavna instalacija<\/strong> \u2013 Zamjena bez muke sa standardnim to\u010dkama za montiranje<\/p>\n<p data-start=\"1220\" data-end=\"1243\">\ud83d\udca1 <strong data-start=\"1223\" data-end=\"1241\">Kompatibilnost:<\/strong><\/p>\n<ul data-start=\"1244\" data-end=\"1331\">\n<li data-start=\"1244\" data-end=\"1279\"><strong data-start=\"1246\" data-end=\"1277\">Dell Latitude E6400 \/ E6410<\/strong><\/li>\n<li data-start=\"1280\" data-end=\"1331\">Podr\u017eava <strong data-start=\"1291\" data-end=\"1316\">2,5&#8243; SATA tvrde diskove<\/strong> (HDD ili SSD)<\/li>\n<\/ul>\n<p data-start=\"1333\" data-end=\"1438\">\ud83d\udcf8 <strong data-start=\"1336\" data-end=\"1352\">Prave fotografije:<\/strong> Slike u ovom popisu prikazuju <strong data-start=\"1389\" data-end=\"1403\">to\u010dan artikl<\/strong> koji \u0107ete dobiti \u2013 bez iznena\u0111enja!<\/p>\n<p data-start=\"1440\" data-end=\"1587\">\u2753 <strong data-start=\"1442\" data-end=\"1456\">Trebate li pomo\u0107?<\/strong> Ne dajemo upute za instalaciju, ali slobodno <strong data-start=\"1518\" data-end=\"1532\">nam po\u0161aljite poruku<\/strong> ako trebate bilo kakvu pomo\u0107 prije ili nakon kupnje.<\/p>\n<p data-start=\"1589\" data-end=\"1711\">\ud83d\udce6 <strong data-start=\"1592\" data-end=\"1620\">Brza dostava \u0161irom svijeta!<\/strong> Vratite svoje prijenosno ra\u010dunalo u vrhunsku formu s ovim <strong data-start=\"1665\" data-end=\"1708\">autenti\u010dnim Dell nosa\u010dem tvrdog diska &amp; omot<\/strong>.<\/p>\n","protected":false},"excerpt":{"rendered":"<p>Zamijenite svoj nedostaju\u0107i ili o\u0161te\u0107eni <strong data-start=\"357\" data-end=\"417\">Dell Latitude E6400 \/ E6410 HDD poklopac &amp; nosa\u010d tvrdog diska<\/strong> s ovim <strong data-start=\"428\" data-end=\"448\">originalnim OEM dijelom<\/strong>. Osigurava sigurno i udobno pristajanje za va\u0161 tvrdi disk. <strong data-start=\"501\" data-end=\"548\">Prave fotografije \u2013 ono \u0161to vidite to i dobijete!<\/strong><\/p>\n","protected":false},"featured_media":27685,"template":"","meta":[],"product_brand":[],"product_cat":[51],"product_tag":[],"class_list":{"0":"post-27621","1":"product","2":"type-product","3":"status-publish","4":"has-post-thumbnail","6":"product_cat-laptop-housing","8":"first","9":"instock","10":"taxable","11":"shipping-taxable","12":"purchasable","13":"product-type-simple"},"_links":{"self":[{"href":"https:\/\/boreait.com\/hr\/wp-json\/wp\/v2\/product\/27621","targetHints":{"allow":["GET"]}}],"collection":[{"href":"https:\/\/boreait.com\/hr\/wp-json\/wp\/v2\/product"}],"about":[{"href":"https:\/\/boreait.com\/hr\/wp-json\/wp\/v2\/types\/product"}],"wp:featuredmedia":[{"embeddable":true,"href":"https:\/\/boreait.com\/hr\/wp-json\/wp\/v2\/media\/27685"}],"wp:attachment":[{"href":"https:\/\/boreait.com\/hr\/wp-json\/wp\/v2\/media?parent=27621"}],"wp:term":[{"taxonomy":"product_brand","embeddable":true,"href":"https:\/\/boreait.com\/hr\/wp-json\/wp\/v2\/product_brand?post=27621"},{"taxonomy":"product_cat","embeddable":true,"href":"https:\/\/boreait.com\/hr\/wp-json\/wp\/v2\/product_cat?post=27621"},{"taxonomy":"product_tag","embeddable":true,"href":"https:\/\/boreait.com\/hr\/wp-json\/wp\/v2\/product_tag?post=27621"}],"curies":[{"name":"wp","href":"https:\/\/api.w.org\/{rel}","templated":true}]}}