{"id":27620,"date":"2025-07-25T13:29:41","date_gmt":"2025-07-25T13:29:41","guid":{"rendered":"https:\/\/boreait.com\/hr\/?post_type=product&#038;p=27620"},"modified":"2025-07-25T13:32:00","modified_gmt":"2025-07-25T13:32:00","slug":"novo-acer-nitro-5-an515-52-an515-42-n17c1-sarke-za-prijenosno-racunalo-komplet-lijevo-i-desno","status":"publish","type":"product","link":"https:\/\/boreait.com\/hr\/product\/novo-acer-nitro-5-an515-52-an515-42-n17c1-sarke-za-prijenosno-racunalo-komplet-lijevo-i-desno\/","title":{"rendered":"NOVO Acer Nitro 5 AN515-52 AN515-42 N17C1 \u0161arke za prijenosno ra\u010dunalo \u2013 komplet lijevo i desno"},"content":{"rendered":"<p data-start=\"609\" data-end=\"822\">Dajte svom <strong data-start=\"619\" data-end=\"663\">Acer Nitro 5 AN515-52 \/ AN515-42 (N17C1)<\/strong> novi \u017eivot s ovim <strong data-start=\"685\" data-end=\"713\">kompletom \u0161arki za originalno prijenosno ra\u010dunalo<\/strong>. Ako vam se zaslon \u010dini labavim, klimavim ili ne mo\u017ee ostati na mjestu, zamjena \u0161arki savr\u0161eno je rje\u0161enje.<\/p>\n<p data-start=\"824\" data-end=\"1125\">\ud83d\udd39 <strong data-start=\"827\" data-end=\"844\">Klju\u010dne zna\u010dajke:<\/strong><br data-start=\"844\" data-end=\"847\" \/>\u2714 <strong data-start=\"849\" data-end=\"872\">Originalne Acer \u0161arke<\/strong> \u2013 Dizajnirane posebno za Nitro 5 modeli<br data-start=\"915\" data-end=\"918\" \/>\u2714 <strong data-start=\"920\" data-end=\"940\">Lijevo &amp; Pravi set<\/strong> \u2013 Kompletna zamjena za obje \u0161arke<br data-start=\"979\" data-end=\"982\" \/>\u2714 <strong data-start=\"984\" data-end=\"1014\">Izdr\u017eljiv &amp; Besprijekoran rad<\/strong> \u2013 Osigurava odgovaraju\u0107u stabilnost zaslona<br data-start=\"1048\" data-end=\"1051\" \/>\u2714 <strong data-start=\"1053\" data-end=\"1080\">OEM Fit &amp; Kompatibilnost<\/strong> \u2013 Nisu potrebne izmjene, jednostavno se instalira<\/p>\n<p data-start=\"1127\" data-end=\"1150\">\ud83d\udca1 <strong data-start=\"1130\" data-end=\"1148\">Kompatibilnost:<\/strong><\/p>\n<ul data-start=\"1151\" data-end=\"1277\">\n<li data-start=\"1151\" data-end=\"1201\"><strong data-start=\"1153\" data-end=\"1162\">Odgovara:<\/strong> Acer Nitro 5 <strong data-start=\"1176\" data-end=\"1199\">AN515-52 \/ AN515-42<\/strong><\/li>\n<li data-start=\"1202\" data-end=\"1227\"><strong data-start=\"1204\" data-end=\"1219\">K\u00f4d modela:<\/strong> N17C1<\/li>\n<li data-start=\"1228\" data-end=\"1277\"><strong data-start=\"1230\" data-end=\"1257\">Provjerite model svog prijenosnog ra\u010dunala<\/strong> prije kupnje<\/li>\n<\/ul>\n<p data-start=\"1279\" data-end=\"1378\">\ud83d\udcf8 <strong data-start=\"1282\" data-end=\"1298\">Prave fotografije:<\/strong> Slike u ovom popisu prikazuju to\u010dan artikl koji \u0107ete dobiti \u2013 nema iznena\u0111enja!<\/p>\n<p data-start=\"1380\" data-end=\"1534\">\u2753 <strong data-start=\"1382\" data-end=\"1396\">Trebate li pomo\u0107?<\/strong> Iako ne pru\u017eamo upute za instalaciju, slobodno nam <strong data-start=\"1460\" data-end=\"1474\">po\u0161aljite poruku<\/strong> ako vam je potrebna pomo\u0107 prije ili nakon kupnje.<\/p>\n<p data-start=\"1536\" data-end=\"1650\">\ud83d\udce6 <strong data-start=\"1539\" data-end=\"1567\">Brza dostava diljem svijeta!<\/strong> Neka va\u0161e prijenosno ra\u010dunalo radi kao novo uz ove <strong data-start=\"1612\" data-end=\"1647\">visokokvalitetne zamjenske \u0161arke<\/strong>.<\/p>\n","protected":false},"excerpt":{"rendered":"<p>Vratite svoje <strong data-start=\"320\" data-end=\"364\">Acer Nitro 5 AN515-52 \/ AN515-42 (N17C1)<\/strong> prijenosno ra\u010dunalo s ovim <strong data-start=\"382\" data-end=\"403\">originalnim kompletom \u0161arki<\/strong>. Uklju\u010duje <strong data-start=\"414\" data-end=\"437\">lijevo &amp; desne \u0161arke<\/strong>za sigurno i glatko kretanje zaslona. <strong data-start=\"479\" data-end=\"526\">Prave fotografije \u2013 ono \u0161to vidite to i dobijete!<\/strong><\/p>\n","protected":false},"featured_media":27684,"template":"","meta":[],"product_brand":[],"product_cat":[54],"product_tag":[64],"class_list":{"0":"post-27620","1":"product","2":"type-product","3":"status-publish","4":"has-post-thumbnail","6":"product_cat-screen-hinge","7":"product_tag-acer","9":"first","10":"instock","11":"taxable","12":"shipping-taxable","13":"purchasable","14":"product-type-simple"},"_links":{"self":[{"href":"https:\/\/boreait.com\/hr\/wp-json\/wp\/v2\/product\/27620","targetHints":{"allow":["GET"]}}],"collection":[{"href":"https:\/\/boreait.com\/hr\/wp-json\/wp\/v2\/product"}],"about":[{"href":"https:\/\/boreait.com\/hr\/wp-json\/wp\/v2\/types\/product"}],"wp:featuredmedia":[{"embeddable":true,"href":"https:\/\/boreait.com\/hr\/wp-json\/wp\/v2\/media\/27684"}],"wp:attachment":[{"href":"https:\/\/boreait.com\/hr\/wp-json\/wp\/v2\/media?parent=27620"}],"wp:term":[{"taxonomy":"product_brand","embeddable":true,"href":"https:\/\/boreait.com\/hr\/wp-json\/wp\/v2\/product_brand?post=27620"},{"taxonomy":"product_cat","embeddable":true,"href":"https:\/\/boreait.com\/hr\/wp-json\/wp\/v2\/product_cat?post=27620"},{"taxonomy":"product_tag","embeddable":true,"href":"https:\/\/boreait.com\/hr\/wp-json\/wp\/v2\/product_tag?post=27620"}],"curies":[{"name":"wp","href":"https:\/\/api.w.org\/{rel}","templated":true}]}}