{"id":27600,"date":"2025-07-25T13:28:53","date_gmt":"2025-07-25T13:28:53","guid":{"rendered":"https:\/\/boreait.com\/hr\/?post_type=product&#038;p=27600"},"modified":"2025-07-25T13:31:41","modified_gmt":"2025-07-25T13:31:41","slug":"msi-ge60-2pc-apache-dc-kabel-za-napajanje-popravak-originalnog-prikljucka-za-punjenje-prijenosnog-racunala","status":"publish","type":"product","link":"https:\/\/boreait.com\/hr\/product\/msi-ge60-2pc-apache-dc-kabel-za-napajanje-popravak-originalnog-prikljucka-za-punjenje-prijenosnog-racunala\/","title":{"rendered":"MSI GE60 2PC Apache DC kabel za napajanje \u2013 popravak originalnog priklju\u010dka za punjenje prijenosnog ra\u010dunala"},"content":{"rendered":"<p data-start=\"603\" data-end=\"673\"><strong data-start=\"606\" data-end=\"671\">MSI GE60 2PC Apache DC kabel za napajanje \u2013 originalna zamjena<\/strong><\/p>\n<p data-start=\"675\" data-end=\"922\">Ako va\u0161e prijenosno ra\u010dunalo <strong data-start=\"683\" data-end=\"706\">MSI GE60 2PC Apache<\/strong> ima problema s punjenjem, uzrok mo\u017ee biti neispravan <strong data-start=\"751\" data-end=\"774\">kabel istosmjerne struje<\/strong>. Ovaj <strong data-start=\"800\" data-end=\"833\">zamjenski dio visoke kvalitete<\/strong> vra\u0107a va\u0161em prijenosnom ra\u010dunalu sposobnost da se u\u010dinkovito puni i odr\u017eava stabilnu vezu.<\/p>\n<p data-start=\"924\" data-end=\"1364\">\ud83d\udd39 <strong data-start=\"927\" data-end=\"944\">Klju\u010dne zna\u010dajke:<\/strong><br data-start=\"944\" data-end=\"947\" \/>\u2714 <strong data-start=\"949\" data-end=\"972\">Originalna zamjena<\/strong> \u2013 Posebno dizajnirano za MSI GE60 2PC Apache prijenosna ra\u010dunala<br data-start=\"1028\" data-end=\"1031\" \/>\u2714 <strong data-start=\"1033\" data-end=\"1059\">Durable &amp; Visoka kvaliteta<\/strong> \u2013 Osigurava stabilnu vezu napajanja za glatko punjenje<br data-start=\"1115\" data-end=\"1118\" \/>\u2714 <strong data-start=\"1120\" data-end=\"1146\">Prethodno zalemljeni konektor<\/strong> \u2013 Spremno za instalaciju za zamjenu bez muke<br data-start=\"1195\" data-end=\"1198\" \/>\u2714 <strong data-start=\"1200\" data-end=\"1215\">Savr\u0161eno pristajanje<\/strong> \u2013 Odgovara izvornom DC kabelu za jednostavnu instalaciju<br data-start=\"1274\" data-end=\"1277\" \/>\u2714 <strong data-start=\"1279\" data-end=\"1301\">OEM specifikacije<\/strong> \u2013 Ista kvaliteta kao i originalni dio za pouzdan rad<\/p>\n<p data-start=\"1366\" data-end=\"1389\">\ud83d\udca1 <strong data-start=\"1369\" data-end=\"1387\">Kompatibilnost:<\/strong><\/p>\n<ul data-start=\"1390\" data-end=\"1535\">\n<li data-start=\"1390\" data-end=\"1474\">Dizajniran za <strong data-start=\"1405\" data-end=\"1428\">MSI GE60 2PC Apache<\/strong> (provjerite model prijenosnog ra\u010dunala prije kupnje)<\/li>\n<li data-start=\"1475\" data-end=\"1535\">Standardni <strong data-start=\"1486\" data-end=\"1512\">kabel DC priklju\u010dka za punjenje<\/strong> \u2013 Odgovara OEM dizajnu<\/li>\n<\/ul>\n<p data-start=\"1537\" data-end=\"1640\">\ud83d\udcf8 <strong data-start=\"1540\" data-end=\"1556\">Prave fotografije:<\/strong> Slike proizvoda stvarne su fotografije artikla koji \u0107ete dobiti \u2013 bez iznena\u0111enja!<\/p>\n<p data-start=\"1642\" data-end=\"1785\">\u2753 <strong data-start=\"1644\" data-end=\"1658\">Trebate li pomo\u0107?<\/strong> Ne dajemo upute za instalaciju, ali mo\u017eete <strong data-start=\"1715\" data-end=\"1729\">nam poslati poruku<\/strong> ako vam je potrebna pomo\u0107 prije ili nakon kupnje.<\/p>\n<p data-start=\"1787\" data-end=\"1898\">\ud83d\udce6 <strong data-start=\"1790\" data-end=\"1818\">Brza dostava diljem svijeta!<\/strong> Vratite svoje MSI prijenosno ra\u010dunalo u akciju s ovim <strong data-start=\"1864\" data-end=\"1895\">originalnim DC kabelom<\/strong>.<\/p>\n","protected":false},"excerpt":{"rendered":"<p data-start=\"310\" data-end=\"522\">Zamijenite o\u0161te\u0107eni priklju\u010dak za punjenje ovim <strong data-start=\"352\" data-end=\"403\">originalnim MSI GE60 2PC Apache DC kabelom za napajanje<\/strong>. Savr\u0161eno pristajanje i visokokvalitetna zamjena za stabilnu isporuku energije. <strong data-start=\"473\" data-end=\"520\">Prave fotografije \u2013 ono \u0161to vidite to i dobijete!<\/strong><\/p>\n","protected":false},"featured_media":27673,"template":"","meta":[],"product_brand":[],"product_cat":[55],"product_tag":[81],"class_list":{"0":"post-27600","1":"product","2":"type-product","3":"status-publish","4":"has-post-thumbnail","6":"product_cat-cables","7":"product_tag-msi","9":"first","10":"instock","11":"taxable","12":"shipping-taxable","13":"purchasable","14":"product-type-simple"},"_links":{"self":[{"href":"https:\/\/boreait.com\/hr\/wp-json\/wp\/v2\/product\/27600","targetHints":{"allow":["GET"]}}],"collection":[{"href":"https:\/\/boreait.com\/hr\/wp-json\/wp\/v2\/product"}],"about":[{"href":"https:\/\/boreait.com\/hr\/wp-json\/wp\/v2\/types\/product"}],"wp:featuredmedia":[{"embeddable":true,"href":"https:\/\/boreait.com\/hr\/wp-json\/wp\/v2\/media\/27673"}],"wp:attachment":[{"href":"https:\/\/boreait.com\/hr\/wp-json\/wp\/v2\/media?parent=27600"}],"wp:term":[{"taxonomy":"product_brand","embeddable":true,"href":"https:\/\/boreait.com\/hr\/wp-json\/wp\/v2\/product_brand?post=27600"},{"taxonomy":"product_cat","embeddable":true,"href":"https:\/\/boreait.com\/hr\/wp-json\/wp\/v2\/product_cat?post=27600"},{"taxonomy":"product_tag","embeddable":true,"href":"https:\/\/boreait.com\/hr\/wp-json\/wp\/v2\/product_tag?post=27600"}],"curies":[{"name":"wp","href":"https:\/\/api.w.org\/{rel}","templated":true}]}}