{"id":27590,"date":"2025-07-25T13:28:30","date_gmt":"2025-07-25T13:28:30","guid":{"rendered":"https:\/\/boreait.com\/hr\/?post_type=product&#038;p=27590"},"modified":"2025-07-25T13:31:29","modified_gmt":"2025-07-25T13:31:29","slug":"msi-ge60-2pc-apache-set-zvucnika-originalni-dijelovi-za-bezicni-signal-prijenosnog-racunala","status":"publish","type":"product","link":"https:\/\/boreait.com\/hr\/product\/msi-ge60-2pc-apache-set-zvucnika-originalni-dijelovi-za-bezicni-signal-prijenosnog-racunala\/","title":{"rendered":"MSI GE60 2PC Apache set zvu\u010dnika \u2013 originalni dijelovi za be\u017ei\u010dni signal prijenosnog ra\u010dunala"},"content":{"rendered":"<p data-start=\"585\" data-end=\"894\">MSI GE60 2PC Apache set zvu\u010dnika \u2013 originalni dijelovi za be\u017ei\u010dni signal prijenosnog ra\u010dunala. Pogledajte fotografiju, ovo prijenosno ra\u010dunalo ima 2 kompleta zvu\u010dnika!<\/p>\n<p data-start=\"896\" data-end=\"1278\">\ud83d\udd39 <strong data-start=\"899\" data-end=\"916\">Klju\u010dne zna\u010dajke:<\/strong><br data-start=\"916\" data-end=\"919\" \/>\u2714 <strong data-start=\"921\" data-end=\"941\">Originalni MSI dio<\/strong> \u2013 Dizajniran posebno za GE60 2PC Apache model<br data-start=\"995\" data-end=\"998\" \/>\u2714 <strong data-start=\"1222\" data-end=\"1250\">Plug &amp; Igrajte instalaciju<\/strong> \u2013 nisu potrebne izmjene<\/p>\n<p data-start=\"1280\" data-end=\"1303\">\ud83d\udca1 <strong data-start=\"1283\" data-end=\"1301\">Kompatibilnost:<\/strong><\/p>\n<ul data-start=\"1304\" data-end=\"1474\">\n<li data-start=\"1304\" data-end=\"1338\"><strong data-start=\"1306\" data-end=\"1316\">Model:<\/strong> MSI GE60 2PC Apache<\/li>\n<li data-start=\"1401\" data-end=\"1474\"><strong data-start=\"1403\" data-end=\"1430\">Provjerite model prijenosnog ra\u010dunala<\/strong> prije kupnje kako biste osigurali kompatibilnost<\/li>\n<\/ul>\n<p data-start=\"1476\" data-end=\"1581\">\ud83d\udcf8 <strong data-start=\"1479\" data-end=\"1495\">Prave fotografije:<\/strong> Slike u ovom popisu prikazuju to\u010dno one antene koje \u0107ete dobiti \u2013 nema iznena\u0111enja!<\/p>\n<p data-start=\"1583\" data-end=\"1737\">\u2753 <strong data-start=\"1585\" data-end=\"1599\">Trebate li pomo\u0107?<\/strong> Iako ne pru\u017eamo upute za instalaciju, slobodno nam <strong data-start=\"1663\" data-end=\"1677\">po\u0161aljite poruku<\/strong> ako trebate bilo kakvu pomo\u0107 prije ili nakon kupnje.<\/p>\n<p data-start=\"1739\" data-end=\"1878\">\n","protected":false},"excerpt":{"rendered":"<p data-start=\"304\" data-end=\"504\">MSI GE60 2PC Apache set zvu\u010dnika \u2013 originalni dijelovi za be\u017ei\u010dni signal prijenosnog ra\u010dunala. Pogledajte fotografiju, ovo prijenosno ra\u010dunalo ima 2 kompleta zvu\u010dnika!<\/p>\n","protected":false},"featured_media":27670,"template":"","meta":[],"product_brand":[],"product_cat":[53],"product_tag":[81],"class_list":{"0":"post-27590","1":"product","2":"type-product","3":"status-publish","4":"has-post-thumbnail","6":"product_cat-laptop-speakers","7":"product_tag-msi","9":"first","10":"instock","11":"taxable","12":"shipping-taxable","13":"purchasable","14":"product-type-simple"},"_links":{"self":[{"href":"https:\/\/boreait.com\/hr\/wp-json\/wp\/v2\/product\/27590","targetHints":{"allow":["GET"]}}],"collection":[{"href":"https:\/\/boreait.com\/hr\/wp-json\/wp\/v2\/product"}],"about":[{"href":"https:\/\/boreait.com\/hr\/wp-json\/wp\/v2\/types\/product"}],"wp:featuredmedia":[{"embeddable":true,"href":"https:\/\/boreait.com\/hr\/wp-json\/wp\/v2\/media\/27670"}],"wp:attachment":[{"href":"https:\/\/boreait.com\/hr\/wp-json\/wp\/v2\/media?parent=27590"}],"wp:term":[{"taxonomy":"product_brand","embeddable":true,"href":"https:\/\/boreait.com\/hr\/wp-json\/wp\/v2\/product_brand?post=27590"},{"taxonomy":"product_cat","embeddable":true,"href":"https:\/\/boreait.com\/hr\/wp-json\/wp\/v2\/product_cat?post=27590"},{"taxonomy":"product_tag","embeddable":true,"href":"https:\/\/boreait.com\/hr\/wp-json\/wp\/v2\/product_tag?post=27590"}],"curies":[{"name":"wp","href":"https:\/\/api.w.org\/{rel}","templated":true}]}}