{"id":27563,"date":"2025-07-25T13:27:43","date_gmt":"2025-07-25T13:27:43","guid":{"rendered":"https:\/\/boreait.com\/hr\/?post_type=product&#038;p=27563"},"modified":"2025-07-25T13:30:28","modified_gmt":"2025-07-25T13:30:28","slug":"sarke-i-web-kamera-za-samsung-chromebook-xe303c12-303c-originalni-dijelovi","status":"publish","type":"product","link":"https:\/\/boreait.com\/hr\/product\/sarke-i-web-kamera-za-samsung-chromebook-xe303c12-303c-originalni-dijelovi\/","title":{"rendered":"\u0160arke i web kamera za Samsung Chromebook XE303C12 303C \u2013 originalni dijelovi"},"content":{"rendered":"<p data-start=\"588\" data-end=\"843\">Vratite svoj <strong data-start=\"601\" data-end=\"639\">Samsung Chromebook XE303C12 \/ 303C<\/strong> ovim <strong data-start=\"650\" data-end=\"677\">originalnim zamjenskim setom<\/strong>, uklju\u010duju\u0107i oba <strong data-start=\"694\" data-end=\"704\">\u0161arke<\/strong> i <strong data-start=\"711\" data-end=\"728\">kamera web kamere<\/strong>. Ako se zaslon va\u0161eg Chromebooka klati ili va\u0161a web-kamera ne radi, ovaj \u0107e dio vratiti va\u0161 ure\u0111aj u formu!<\/p>\n<p data-start=\"845\" data-end=\"1223\">\ud83d\udd39 <strong data-start=\"848\" data-end=\"865\">Klju\u010dne zna\u010dajke:<\/strong><br data-start=\"865\" data-end=\"868\" \/>\u2714 <strong data-start=\"870\" data-end=\"896\">Originalni Samsung dijelovi<\/strong> \u2013 zajam\u010deno odgovara i kvalitetu<br data-start=\"925\" data-end=\"928\" \/>\u2714 <strong data-start=\"930\" data-end=\"958\">Uklju\u010duje \u0161arke &amp; Web kamera<\/strong> \u2013 Rje\u0161ava probleme sa stabilno\u0161\u0107u zaslona i kamerom<br data-start=\"1001\" data-end=\"1004\" \/>\u2714 <strong data-start=\"1006\" data-end=\"1041\">Savr\u0161eno odgovara za XE303C12 \/ 303C<\/strong> \u2013 Dizajnirano za besprijekornu kompatibilnost<br data-start=\"1079\" data-end=\"1082\" \/>\u2714 <strong data-start=\"1084\" data-end=\"1113\">Visokokvalitetna konstrukcija<\/strong> \u2013 Izdr\u017eljive \u0161arke za dugotrajne performanse<br data-start=\"1159\" data-end=\"1162\" \/>\u2714 <strong data-start=\"1164\" data-end=\"1193\">Plug &amp; Play Camera Module<\/strong> \u2013 Nije potrebno slo\u017eeno postavljanje<\/p>\n<p data-start=\"1225\" data-end=\"1248\">\ud83d\udca1 <strong data-start=\"1228\" data-end=\"1246\">Kompatibilnost:<\/strong><\/p>\n<ul data-start=\"1249\" data-end=\"1373\">\n<li data-start=\"1249\" data-end=\"1303\">Odgovara <strong data-start=\"1256\" data-end=\"1294\">Samsung Chromebook XE303C12 \/ 303C<\/strong> modelima<\/li>\n<li data-start=\"1304\" data-end=\"1373\">Provjerite model prijenosnog ra\u010dunala prije kupnje kako biste osigurali kompatibilnost<\/li>\n<\/ul>\n<p data-start=\"1375\" data-end=\"1475\">\ud83d\udcf8 <strong data-start=\"1378\" data-end=\"1394\">Prave fotografije:<\/strong> Slike u ovom popisu prikazuju to\u010dno one dijelove koje \u0107ete dobiti \u2013 nema iznena\u0111enja!<\/p>\n<p data-start=\"1477\" data-end=\"1631\">\u2753 <strong data-start=\"1479\" data-end=\"1493\">Trebate li pomo\u0107?<\/strong> Iako ne pru\u017eamo upute za instalaciju, slobodno nam <strong data-start=\"1557\" data-end=\"1571\">po\u0161aljite poruku<\/strong> ako vam je potrebna pomo\u0107 prije ili nakon kupnje.<\/p>\n<p data-start=\"1633\" data-end=\"1759\">\ud83d\udce6 <strong data-start=\"1636\" data-end=\"1664\">Brza dostava \u0161irom svijeta!<\/strong> Neka va\u0161 Chromebook ponovno radi kao nov uz ove <strong data-start=\"1719\" data-end=\"1756\">originalne Samsungove zamjenske dijelove<\/strong>.<\/p>\n","protected":false},"excerpt":{"rendered":"<p>Originalni <strong data-start=\"331\" data-end=\"392\">Samsung Chromebook XE303C12 \/ 303C \u0161arke &amp; Zamjena web kamere<\/strong>. Savr\u0161eno za popravljanje olabavljenih \u0161arki ili neispravne web kamere. <strong data-start=\"458\" data-end=\"505\">Prave fotografije \u2013 ono \u0161to vidite to i dobijete!<\/strong><\/p>\n","protected":false},"featured_media":27639,"template":"","meta":[],"product_brand":[],"product_cat":[58],"product_tag":[83],"class_list":{"0":"post-27563","1":"product","2":"type-product","3":"status-publish","4":"has-post-thumbnail","6":"product_cat-laptop-camera","7":"product_tag-samsung","9":"first","10":"instock","11":"taxable","12":"shipping-taxable","13":"purchasable","14":"product-type-simple"},"_links":{"self":[{"href":"https:\/\/boreait.com\/hr\/wp-json\/wp\/v2\/product\/27563","targetHints":{"allow":["GET"]}}],"collection":[{"href":"https:\/\/boreait.com\/hr\/wp-json\/wp\/v2\/product"}],"about":[{"href":"https:\/\/boreait.com\/hr\/wp-json\/wp\/v2\/types\/product"}],"wp:featuredmedia":[{"embeddable":true,"href":"https:\/\/boreait.com\/hr\/wp-json\/wp\/v2\/media\/27639"}],"wp:attachment":[{"href":"https:\/\/boreait.com\/hr\/wp-json\/wp\/v2\/media?parent=27563"}],"wp:term":[{"taxonomy":"product_brand","embeddable":true,"href":"https:\/\/boreait.com\/hr\/wp-json\/wp\/v2\/product_brand?post=27563"},{"taxonomy":"product_cat","embeddable":true,"href":"https:\/\/boreait.com\/hr\/wp-json\/wp\/v2\/product_cat?post=27563"},{"taxonomy":"product_tag","embeddable":true,"href":"https:\/\/boreait.com\/hr\/wp-json\/wp\/v2\/product_tag?post=27563"}],"curies":[{"name":"wp","href":"https:\/\/api.w.org\/{rel}","templated":true}]}}