{"id":27551,"date":"2025-07-25T13:27:20","date_gmt":"2025-07-25T13:27:20","guid":{"rendered":"https:\/\/boreait.com\/hr\/?post_type=product&#038;p=27551"},"modified":"2025-07-25T13:29:58","modified_gmt":"2025-07-25T13:29:58","slug":"hp-9z-n6guf-20g-njemacka-tipkovnica-srebrni-okvir-crne-tipke-pokazivac-probook-6560b-6565b-6570b-6575b-8560p-8570p","status":"publish","type":"product","link":"https:\/\/boreait.com\/hr\/product\/hp-9z-n6guf-20g-njemacka-tipkovnica-srebrni-okvir-crne-tipke-pokazivac-probook-6560b-6565b-6570b-6575b-8560p-8570p\/","title":{"rendered":"HP 9Z.N6GUF.20G njema\u010dka tipkovnica \u2013 srebrni okvir, crne tipke, pokaziva\u010d \u2013 Probook 6560B 6565B 6570B 6575B 8560p 8570p"},"content":{"rendered":"<p data-start=\"648\" data-end=\"955\"><strong>Po\u0161aljite nam poruku nakon kupnje i recite nam koji klju\u010d ili klju\u010deve \u017eelite. Svi dostupni klju\u010devi prikazani su na fotografiji u popisu!<\/strong><\/p>\n<p data-start=\"648\" data-end=\"955\">Nadogradite svoje <strong data-start=\"661\" data-end=\"674\">HP prijenosno ra\u010dunalo<\/strong> ovom <strong data-start=\"685\" data-end=\"729\">originalnom HP 9Z.N6GUF.20G njema\u010dkom tipkovnicom<\/strong>, koja sadr\u017ei <strong data-start=\"743\" data-end=\"795\">srebrni okvir, crne tipke i ugra\u0111eni pokaziva\u010d<\/strong>za jednostavnu navigaciju. Bilo da mijenjate dotrajalu tipkovnicu ili obnavljate prijenosno ra\u010dunalo, ovaj <strong data-start=\"893\" data-end=\"905\">OEM dio<\/strong> osigurava najbolju kompatibilnost i performanse.<\/p>\n<p data-start=\"957\" data-end=\"1310\">\ud83d\udd39 <strong data-start=\"960\" data-end=\"977\">Klju\u010dne zna\u010dajke:<\/strong><br data-start=\"977\" data-end=\"980\" \/>\u2714 <strong data-start=\"982\" data-end=\"1001\">Originalni HP dio<\/strong> \u2013 Pouzdana izvedba i be\u0161avno pristajanje \/ Probook 6560B 6565B 6570B 6575B 8560p 8570p\u00a0<br data-start=\"1041\" data-end=\"1044\" \/>\u2714 <strong data-start=\"1046\" data-end=\"1072\">Njema\u010dki raspored (QWERTZ)<\/strong> \u2013 Savr\u0161en za govornike njema\u010dkog jezika korisnici<br data-start=\"1108\" data-end=\"1111\" \/>\u2714 <strong data-start=\"1113\" data-end=\"1133\">Ugra\u0111eni pokaziva\u010d<\/strong> \u2013 Pobolj\u0161ava navigaciju i produktivnost<br data-start=\"1172\" data-end=\"1175\" \/>\u2714 <strong data-start=\"1177\" data-end=\"1209\">Crne tipke sa srebrnim okvirom<\/strong> \u2013 moderan, profesionalan izgled<br data-start=\"1238\" data-end=\"1241\" \/>\u2714 <strong data-start=\"1243\" data-end=\"1272\">Visokokvalitetna konstrukcija<\/strong> \u2013 izdr\u017eljive tipke za dugotrajnu upotrebu<\/p>\n<p data-start=\"1312\" data-end=\"1335\">\ud83d\udca1 <strong data-start=\"1315\" data-end=\"1333\">Kompatibilnost:<\/strong><\/p>\n<ul data-start=\"1336\" data-end=\"1465\">\n<li data-start=\"1336\" data-end=\"1391\"><strong data-start=\"1338\" data-end=\"1352\">HP Prijenosna ra\u010dunala<\/strong> (Provjerite svoj model prije kupnje)<\/li>\n<li data-start=\"1392\" data-end=\"1465\">Dizajniran da odgovara <strong data-start=\"1410\" data-end=\"1463\">specifi\u010dnim HP modelima koji koriste broj dijela 9Z.N6GUF.20G<\/strong><\/li>\n<\/ul>\n<p data-start=\"1467\" data-end=\"1576\">\ud83d\udcf8 <strong data-start=\"1470\" data-end=\"1486\">Prave fotografije:<\/strong> Slike u ovom popisu prikazuju <strong data-start=\"1523\" data-end=\"1541\">to\u010dnu tipkovnicu<\/strong> koju \u0107ete dobiti \u2013 bez iznena\u0111enja!<\/p>\n<p data-start=\"1578\" data-end=\"1729\">\u2753 <strong data-start=\"1580\" data-end=\"1594\">Trebate li pomo\u0107?<\/strong> Ne dajemo upute za instalaciju, ali slobodno nam <strong data-start=\"1656\" data-end=\"1670\">po\u0161aljite poruku<\/strong> ako imate pitanja prije ili nakon kupnje.<\/p>\n<p data-start=\"1731\" data-end=\"1845\">\ud83d\udce6 <strong data-start=\"1734\" data-end=\"1762\">Brza dostava \u0161irom svijeta!<\/strong> Vratite svoje prijenosno ra\u010dunalo u vrhunsku formu s ovom <strong data-start=\"1807\" data-end=\"1842\">originalnom HP-ovom zamjenskom tipkovnicom<\/strong>.<\/p>\n","protected":false},"excerpt":{"rendered":"<p>Zamijenite svoju o\u0161te\u0107enu tipkovnicu ovom <strong data-start=\"378\" data-end=\"428\">originalnom HP 9Z.N6GUF.20G njema\u010dkom tipkovnicom<\/strong>. Sadr\u017ei <strong data-start=\"439\" data-end=\"493\">crne tipke, srebrni okvir i ugra\u0111eni pokaziva\u010d<\/strong> za preciznu navigaciju. <strong data-start=\"518\" data-end=\"565\">Prave fotografije \u2013 ono \u0161to vidite to i dobijete!<\/strong><\/p>\n","protected":false},"featured_media":27626,"template":"","meta":[],"product_brand":[],"product_cat":[59],"product_tag":[60],"class_list":{"0":"post-27551","1":"product","2":"type-product","3":"status-publish","4":"has-post-thumbnail","6":"product_cat-individual-keyboard-keys","7":"product_tag-hp","9":"first","10":"instock","11":"taxable","12":"shipping-taxable","13":"purchasable","14":"product-type-simple"},"_links":{"self":[{"href":"https:\/\/boreait.com\/hr\/wp-json\/wp\/v2\/product\/27551","targetHints":{"allow":["GET"]}}],"collection":[{"href":"https:\/\/boreait.com\/hr\/wp-json\/wp\/v2\/product"}],"about":[{"href":"https:\/\/boreait.com\/hr\/wp-json\/wp\/v2\/types\/product"}],"wp:featuredmedia":[{"embeddable":true,"href":"https:\/\/boreait.com\/hr\/wp-json\/wp\/v2\/media\/27626"}],"wp:attachment":[{"href":"https:\/\/boreait.com\/hr\/wp-json\/wp\/v2\/media?parent=27551"}],"wp:term":[{"taxonomy":"product_brand","embeddable":true,"href":"https:\/\/boreait.com\/hr\/wp-json\/wp\/v2\/product_brand?post=27551"},{"taxonomy":"product_cat","embeddable":true,"href":"https:\/\/boreait.com\/hr\/wp-json\/wp\/v2\/product_cat?post=27551"},{"taxonomy":"product_tag","embeddable":true,"href":"https:\/\/boreait.com\/hr\/wp-json\/wp\/v2\/product_tag?post=27551"}],"curies":[{"name":"wp","href":"https:\/\/api.w.org\/{rel}","templated":true}]}}