{"id":27550,"date":"2025-07-25T13:27:20","date_gmt":"2025-07-25T13:27:20","guid":{"rendered":"https:\/\/boreait.com\/hr\/?post_type=product&#038;p=27550"},"modified":"2025-07-25T13:29:49","modified_gmt":"2025-07-25T13:29:49","slug":"tipke-tipkovnice-prijenosnog-racunala-hp-6531s-6731s-6530s-ph-pn-701485-ba1-originalni-dijelovi","status":"publish","type":"product","link":"https:\/\/boreait.com\/hr\/product\/tipke-tipkovnice-prijenosnog-racunala-hp-6531s-6731s-6530s-ph-pn-701485-ba1-originalni-dijelovi\/","title":{"rendered":"Tipke tipkovnice prijenosnog ra\u010dunala HP 6531S 6731S 6530S PH PN 701485-BA1 \u2013 originalni dijelovi"},"content":{"rendered":"<p data-start=\"603\" data-end=\"673\"><strong>Po\u0161aljite nam poruku nakon kupnje i recite nam koji klju\u010d ili klju\u010deve \u017eelite. Svi dostupni klju\u010devi prikazani su na fotografiji u popisu!<\/strong><\/p>\n<p data-start=\"603\" data-end=\"673\"><strong data-start=\"606\" data-end=\"671\">Tipke tipkovnice HP 6531S \/ 6731S \/ 6530S \u2013 originalni dijelovi prijenosnog ra\u010dunala<\/strong><\/p>\n<p data-start=\"675\" data-end=\"871\">Izgubljene ili o\u0161te\u0107ene tipke tipkovnice? Ovaj <strong data-start=\"711\" data-end=\"738\">set zamjenskih klju\u010deva<\/strong> to\u010dno odgovara va\u0161im <strong data-start=\"766\" data-end=\"810\">modelima prijenosnih ra\u010dunala HP 6531S, 6731S i 6530S<\/strong>, osiguravaju\u0107i besprijekorno pristajanje i brzo iskustvo tipkanja.<\/p>\n<h3 data-start=\"873\" data-end=\"898\"><strong data-start=\"877\" data-end=\"896\">\u2705 Klju\u010dne zna\u010dajke:<\/strong><\/h3>\n<p data-start=\"899\" data-end=\"1274\">\u2714 <strong data-start=\"901\" data-end=\"929\">Originalne HP tipke tipkovnice<\/strong> \u2013 savr\u0161ena zamjena za izgubljene ili pokvarene tipke<br data-start=\"975\" data-end=\"978\" \/>\u2714 <strong data-start=\"980\" data-end=\"1009\">Kompatibilno s HP modelima<\/strong> \u2013 6531S, 6731S, 6530S (Provjerite PH PN 701485-BA1)<br data-start=\"1056\" data-end=\"1059\" \/>\u2714 <strong data-start=\"1061\" data-end=\"1082\">Isti oblik &amp; Osje\u0107aj<\/strong> \u2013 Osigurava dosljedno iskustvo tipkanja<br data-start=\"1123\" data-end=\"1126\" \/>\u2714 <strong data-start=\"1128\" data-end=\"1147\">Jednostavna instalacija<\/strong> \u2013 Samo ih postavite na mjesto (\u0161arke nisu uklju\u010dene)<br data-start=\"1197\" data-end=\"1200\" \/>\u2714 <strong data-start=\"1202\" data-end=\"1226\">Pru\u017eene prave fotografije<\/strong> \u2013 Ono \u0161to vidite to\u010dno je ono \u0161to \u0107ete i dobiti<\/p>\n<h3 data-start=\"1276\" data-end=\"1303\"><strong data-start=\"1280\" data-end=\"1301\">\ud83d\udee0 Kompatibilnost:<\/strong><\/h3>\n<ul data-start=\"1304\" data-end=\"1451\">\n<li data-start=\"1304\" data-end=\"1365\">Kompatibilno s <strong data-start=\"1322\" data-end=\"1363\">prijenosnim ra\u010dunalima serije HP 6531S, 6731S, 6530S<\/strong><\/li>\n<li data-start=\"1366\" data-end=\"1451\">Broj dijela: <strong data-start=\"1381\" data-end=\"1395\">701485-BA1<\/strong> (Uparite s postoje\u0107om tipkovnicom prije kupnje)<\/li>\n<\/ul>\n<p data-start=\"1453\" data-end=\"1540\">\ud83d\udcf8 <strong data-start=\"1456\" data-end=\"1472\">Prave fotografije:<\/strong> Slike u ovom popisu prikazuju stvarne klju\u010deve koje \u0107ete dobiti!<\/p>\n<p data-start=\"1542\" data-end=\"1657\">\u2753 <strong data-start=\"1544\" data-end=\"1558\">Trebate li pomo\u0107?<\/strong> Ne dajemo upute za instalaciju, ali nam slobodno <strong data-start=\"1621\" data-end=\"1635\">po\u0161aljite poruku<\/strong> za bilo kakvu pomo\u0107.<\/p>\n<p data-start=\"1659\" data-end=\"1741\">\ud83d\udce6 <strong data-start=\"1662\" data-end=\"1690\">Brza dostava diljem svijeta!<\/strong> Neka tipkovnica va\u0161eg prijenosnog ra\u010dunala opet izgleda kao nova.<\/p>\n","protected":false},"excerpt":{"rendered":"<p>Trebate zamjenske klju\u010deve za svoje <strong data-start=\"364\" data-end=\"399\">prijenosno ra\u010dunalo HP 6531S \/ 6731S \/ 6530S<\/strong>? Ove <strong data-start=\"407\" data-end=\"451\">originalne tipke tipkovnice (PH PN 701485-BA1)<\/strong> savr\u0161eno odgovaraju. <strong data-start=\"473\" data-end=\"520\">Prave fotografije \u2013 ono \u0161to vidite to i dobijete!<\/strong><\/p>\n","protected":false},"featured_media":27623,"template":"","meta":[],"product_brand":[],"product_cat":[59],"product_tag":[60],"class_list":{"0":"post-27550","1":"product","2":"type-product","3":"status-publish","4":"has-post-thumbnail","6":"product_cat-individual-keyboard-keys","7":"product_tag-hp","9":"first","10":"instock","11":"taxable","12":"shipping-taxable","13":"purchasable","14":"product-type-simple"},"_links":{"self":[{"href":"https:\/\/boreait.com\/hr\/wp-json\/wp\/v2\/product\/27550","targetHints":{"allow":["GET"]}}],"collection":[{"href":"https:\/\/boreait.com\/hr\/wp-json\/wp\/v2\/product"}],"about":[{"href":"https:\/\/boreait.com\/hr\/wp-json\/wp\/v2\/types\/product"}],"wp:featuredmedia":[{"embeddable":true,"href":"https:\/\/boreait.com\/hr\/wp-json\/wp\/v2\/media\/27623"}],"wp:attachment":[{"href":"https:\/\/boreait.com\/hr\/wp-json\/wp\/v2\/media?parent=27550"}],"wp:term":[{"taxonomy":"product_brand","embeddable":true,"href":"https:\/\/boreait.com\/hr\/wp-json\/wp\/v2\/product_brand?post=27550"},{"taxonomy":"product_cat","embeddable":true,"href":"https:\/\/boreait.com\/hr\/wp-json\/wp\/v2\/product_cat?post=27550"},{"taxonomy":"product_tag","embeddable":true,"href":"https:\/\/boreait.com\/hr\/wp-json\/wp\/v2\/product_tag?post=27550"}],"curies":[{"name":"wp","href":"https:\/\/api.w.org\/{rel}","templated":true}]}}