{"id":27541,"date":"2025-07-25T13:26:55","date_gmt":"2025-07-25T13:26:55","guid":{"rendered":"https:\/\/boreait.com\/hr\/?post_type=product&#038;p=27541"},"modified":"2025-07-25T13:29:31","modified_gmt":"2025-07-25T13:29:31","slug":"acer-aspire-e1-531-oslonac-za-ruku-i-tipke-tipkovnice-originalni-dijelovi-prijenosnog-racunala","status":"publish","type":"product","link":"https:\/\/boreait.com\/hr\/product\/acer-aspire-e1-531-oslonac-za-ruku-i-tipke-tipkovnice-originalni-dijelovi-prijenosnog-racunala\/","title":{"rendered":"Acer Aspire E1-531 oslonac za ruku i tipke tipkovnice \u2013 originalni dijelovi prijenosnog ra\u010dunala"},"content":{"rendered":"<p data-start=\"547\" data-end=\"807\"><strong>Po\u0161aljite nam poruku nakon kupnje i recite nam koji klju\u010d ili klju\u010deve \u017eelite. Svi dostupni klju\u010devi prikazani su na fotografiji u popisu!<\/strong><\/p>\n<p data-start=\"547\" data-end=\"807\">Vratite izgled i funkcionalnost svog <strong data-start=\"590\" data-end=\"612\">Acer Aspire E1-531<\/strong> s ovom <strong data-start=\"623\" data-end=\"661\">originalnom zamjenom tipki za oslonac za dlan i tipkovnicu<\/strong>. Bilo da va\u0161oj tipkovnici nedostaju tipke ili je oslonac za dlanove istro\u0161en, ovaj set osigurava <strong data-start=\"762\" data-end=\"804\">savr\u0161eno pristajanje i besprijekornu kompatibilnost<\/strong>.<\/p>\n<p data-start=\"809\" data-end=\"1126\">\ud83d\udd39 <strong data-start=\"812\" data-end=\"829\">Klju\u010dne zna\u010dajke:<\/strong><br data-start=\"829\" data-end=\"832\" \/>\u2714 <strong data-start=\"834\" data-end=\"856\">Originalni Acer dio<\/strong> \u2013 Pouzdana kvaliteta za savr\u0161enu odgovara<br data-start=\"893\" data-end=\"896\" \/>\u2714 <strong data-start=\"898\" data-end=\"935\">Uklju\u010duje oslonac za ruku &amp; Tipke tipkovnice<\/strong> \u2013 Idealne za popravak ili restauraciju<br data-start=\"969\" data-end=\"972\" \/>\u2714 <strong data-start=\"974\" data-end=\"1012\">Kompatibilne s Acer Aspire E1-531<\/strong> \u2013 Osigurajte da va\u0161e prijenosno ra\u010dunalo izgleda i funkcionira kao novo<br data-start=\"1062\" data-end=\"1065\" \/>\u2714 <strong data-start=\"1067\" data-end=\"1092\">Izdr\u017eljiv &amp; Udoban<\/strong>\u2013 Dizajniran za dugotrajnu upotrebu<\/p>\n<p data-start=\"1128\" data-end=\"1151\">\ud83d\udca1 <strong data-start=\"1131\" data-end=\"1149\">Kompatibilnost:<\/strong><\/p>\n<ul data-start=\"1152\" data-end=\"1286\">\n<li data-start=\"1152\" data-end=\"1230\">Posebno za <strong data-start=\"1171\" data-end=\"1193\">Acer Aspire E1-531<\/strong> (provjerite svoj model prije kupnje)<\/li>\n<li data-start=\"1231\" data-end=\"1286\">Standardni <strong data-start=\"1242\" data-end=\"1256\">OEM dizajn<\/strong> \u2013 Osigurava jednostavnu instalaciju<\/li>\n<\/ul>\n<p data-start=\"1288\" data-end=\"1389\">\ud83d\udcf8 <strong data-start=\"1291\" data-end=\"1307\">Prave fotografije:<\/strong> Slike u ovom popisu pokazuju to\u010dan artikl koji \u0107ete dobiti \u2013 nema iznena\u0111enja!<\/p>\n<p data-start=\"1391\" data-end=\"1526\">\u2753 <strong data-start=\"1393\" data-end=\"1407\">Trebate li pomo\u0107?<\/strong> Ne dajemo upute za instalaciju, ali mo\u017eete <strong data-start=\"1464\" data-end=\"1478\">nam poslati poruku<\/strong> za pomo\u0107 prije ili nakon kupnje.<\/p>\n<p data-start=\"1528\" data-end=\"1653\">\ud83d\udce6 <strong data-start=\"1531\" data-end=\"1559\">Brza dostava diljem svijeta!<\/strong> Neka va\u0161e prijenosno ra\u010dunalo ponovno izgleda novo uz ovaj <strong data-start=\"1604\" data-end=\"1650\">Acer zamjenski oslonac za ruku i tipkovnicu<\/strong>.<\/p>\n","protected":false},"excerpt":{"rendered":"<p>Originalni <strong data-start=\"318\" data-end=\"368\">Acer Aspire E1-531 naslon za ruku s tipkama na tipkovnici<\/strong>. Savr\u0161ena zamjena za istro\u0161ene ili o\u0161te\u0107ene dijelove. <strong data-start=\"417\" data-end=\"464\">Prave fotografije \u2013 ono \u0161to vidite to i dobijete!<\/strong><\/p>\n","protected":false},"featured_media":27615,"template":"","meta":[],"product_brand":[],"product_cat":[59],"product_tag":[64],"class_list":{"0":"post-27541","1":"product","2":"type-product","3":"status-publish","4":"has-post-thumbnail","6":"product_cat-individual-keyboard-keys","7":"product_tag-acer","9":"first","10":"instock","11":"taxable","12":"shipping-taxable","13":"purchasable","14":"product-type-simple"},"_links":{"self":[{"href":"https:\/\/boreait.com\/hr\/wp-json\/wp\/v2\/product\/27541","targetHints":{"allow":["GET"]}}],"collection":[{"href":"https:\/\/boreait.com\/hr\/wp-json\/wp\/v2\/product"}],"about":[{"href":"https:\/\/boreait.com\/hr\/wp-json\/wp\/v2\/types\/product"}],"wp:featuredmedia":[{"embeddable":true,"href":"https:\/\/boreait.com\/hr\/wp-json\/wp\/v2\/media\/27615"}],"wp:attachment":[{"href":"https:\/\/boreait.com\/hr\/wp-json\/wp\/v2\/media?parent=27541"}],"wp:term":[{"taxonomy":"product_brand","embeddable":true,"href":"https:\/\/boreait.com\/hr\/wp-json\/wp\/v2\/product_brand?post=27541"},{"taxonomy":"product_cat","embeddable":true,"href":"https:\/\/boreait.com\/hr\/wp-json\/wp\/v2\/product_cat?post=27541"},{"taxonomy":"product_tag","embeddable":true,"href":"https:\/\/boreait.com\/hr\/wp-json\/wp\/v2\/product_tag?post=27541"}],"curies":[{"name":"wp","href":"https:\/\/api.w.org\/{rel}","templated":true}]}}