{"id":27539,"date":"2025-07-25T13:26:54","date_gmt":"2025-07-25T13:26:54","guid":{"rendered":"https:\/\/boreait.com\/hr\/?post_type=product&#038;p=27539"},"modified":"2025-07-25T13:29:15","modified_gmt":"2025-07-25T13:29:15","slug":"hp-probook-430-g6-oslonac-za-ruku-i-tipke-tipkovnice-originalni-zamjenski-dio-za-prijenosno-racunalo","status":"publish","type":"product","link":"https:\/\/boreait.com\/hr\/product\/hp-probook-430-g6-oslonac-za-ruku-i-tipke-tipkovnice-originalni-zamjenski-dio-za-prijenosno-racunalo\/","title":{"rendered":"HP ProBook 430 G6 oslonac za ruku i tipke tipkovnice \u2013 originalni zamjenski dio za prijenosno ra\u010dunalo"},"content":{"rendered":"<p data-start=\"545\" data-end=\"786\"><strong>Po\u0161aljite nam poruku nakon kupnje i recite nam koji klju\u010d ili klju\u010deve \u017eelite. Svi dostupni klju\u010devi prikazani su na fotografiji u popisu!<\/strong><\/p>\n<p data-start=\"545\" data-end=\"786\">O\u017eivite svoj <strong data-start=\"557\" data-end=\"578\">HP ProBook 430 G6<\/strong> ovom <strong data-start=\"589\" data-end=\"628\">originalnom zamjenom tipki za oslonac za ruku i tipkovnicu<\/strong>. Bilo da va\u0161oj tipkovnici nedostaju tipke ili vam je oslonac za dlanove istro\u0161en, ovaj <strong data-start=\"715\" data-end=\"734\">originalni HP dio<\/strong> osigurava savr\u0161eno pristajanje i besprijekornu funkcionalnost.<\/p>\n<p data-start=\"788\" data-end=\"1166\">\ud83d\udd39 <strong data-start=\"791\" data-end=\"808\">Klju\u010dne zna\u010dajke:<\/strong><br data-start=\"808\" data-end=\"811\" \/>\u2714 <strong data-start=\"813\" data-end=\"832\">Originalni HP dio<\/strong> \u2013 Dizajniran posebno za HP ProBook 430 G6<br data-start=\"878\" data-end=\"881\" \/>\u2714 <strong data-start=\"883\" data-end=\"920\">Uklju\u010duje oslonac za ruku &amp; Tipke tipkovnice<\/strong> \u2013 Potpuna zamjena gornjeg ku\u0107i\u0161ta<br data-start=\"948\" data-end=\"951\" \/>\u2714 <strong data-start=\"953\" data-end=\"979\">Unaprijed instalirana tipkovnica<\/strong> \u2013 Nema potrebe za zasebnim zamjenama tipki<br data-start=\"1019\" data-end=\"1022\" \/>\u2714 <strong data-start=\"1024\" data-end=\"1049\">Izdr\u017eljiv &amp; Udobno<\/strong> \u2013 glatko iskustvo tipkanja uz vrhunsku kvalitetu izrade<br data-start=\"1103\" data-end=\"1106\" \/>\u2714 <strong data-start=\"1108\" data-end=\"1129\">Jednostavna instalacija<\/strong> \u2013 Izravno pristajanje za brzu zamjenu<\/p>\n<p data-start=\"1168\" data-end=\"1191\">\ud83d\udca1 <strong data-start=\"1171\" data-end=\"1189\">Kompatibilnost:<\/strong><\/p>\n<ul data-start=\"1192\" data-end=\"1343\">\n<li data-start=\"1192\" data-end=\"1267\">Dizajniran za <strong data-start=\"1207\" data-end=\"1228\">HP ProBook 430 G6<\/strong> (Provjerite broj modela prije kupnje)<\/li>\n<li data-start=\"1268\" data-end=\"1343\">Standardni <strong data-start=\"1279\" data-end=\"1305\">izgled QWERTY tipkovnice<\/strong> (po potrebi potvrdite jezi\u010dni raspored)<\/li>\n<\/ul>\n<p data-start=\"1345\" data-end=\"1452\">\ud83d\udcf8 <strong data-start=\"1348\" data-end=\"1364\">Prave fotografije:<\/strong> Slike u ovom popisu dio su stvarnog dijela koji \u0107ete dobiti \u2013 nema skladi\u0161nih slika!<\/p>\n<p data-start=\"1454\" data-end=\"1574\">\u2753 <strong data-start=\"1456\" data-end=\"1470\">Trebate li pomo\u0107?<\/strong> Iako ne pru\u017eamo upute za instalaciju, slobodno nam <strong data-start=\"1534\" data-end=\"1548\">po\u0161aljite poruku<\/strong> ako vam je potrebna pomo\u0107.<\/p>\n<p data-start=\"1576\" data-end=\"1695\">\ud83d\udce6 <strong data-start=\"1579\" data-end=\"1607\">Brza dostava diljem svijeta!<\/strong> Brza isporuka <strong data-start=\"1617\" data-end=\"1633\">dijelova za prijenosno ra\u010dunalo<\/strong> kako biste vratili svoj ure\u0111aj u vrhunsko stanje.<\/p>\n","protected":false},"excerpt":{"rendered":"<p>Originalni <strong data-start=\"321\" data-end=\"370\">HP ProBook 430 G6 naslon za ruku s tipkama tipkovnice<\/strong>. Savr\u0161ena zamjena za istro\u0161ene ili o\u0161te\u0107ene dijelove. <strong data-start=\"423\" data-end=\"462\">Prave fotografije \u2013 dobijete ono \u0161to vidite!<\/strong><\/p>\n","protected":false},"featured_media":27607,"template":"","meta":[],"product_brand":[],"product_cat":[59],"product_tag":[60],"class_list":{"0":"post-27539","1":"product","2":"type-product","3":"status-publish","4":"has-post-thumbnail","6":"product_cat-individual-keyboard-keys","7":"product_tag-hp","9":"first","10":"instock","11":"taxable","12":"shipping-taxable","13":"purchasable","14":"product-type-simple"},"_links":{"self":[{"href":"https:\/\/boreait.com\/hr\/wp-json\/wp\/v2\/product\/27539","targetHints":{"allow":["GET"]}}],"collection":[{"href":"https:\/\/boreait.com\/hr\/wp-json\/wp\/v2\/product"}],"about":[{"href":"https:\/\/boreait.com\/hr\/wp-json\/wp\/v2\/types\/product"}],"wp:featuredmedia":[{"embeddable":true,"href":"https:\/\/boreait.com\/hr\/wp-json\/wp\/v2\/media\/27607"}],"wp:attachment":[{"href":"https:\/\/boreait.com\/hr\/wp-json\/wp\/v2\/media?parent=27539"}],"wp:term":[{"taxonomy":"product_brand","embeddable":true,"href":"https:\/\/boreait.com\/hr\/wp-json\/wp\/v2\/product_brand?post=27539"},{"taxonomy":"product_cat","embeddable":true,"href":"https:\/\/boreait.com\/hr\/wp-json\/wp\/v2\/product_cat?post=27539"},{"taxonomy":"product_tag","embeddable":true,"href":"https:\/\/boreait.com\/hr\/wp-json\/wp\/v2\/product_tag?post=27539"}],"curies":[{"name":"wp","href":"https:\/\/api.w.org\/{rel}","templated":true}]}}