{"id":27538,"date":"2025-07-25T13:26:54","date_gmt":"2025-07-25T13:26:54","guid":{"rendered":"https:\/\/boreait.com\/hr\/?post_type=product&#038;p=27538"},"modified":"2026-02-27T10:38:25","modified_gmt":"2026-02-27T10:38:25","slug":"hp-probook-450-g8-naslon-za-ruku-s-tipkovnicom-originalni-zamjenski-dio-za-prijenosno-racunalo","status":"publish","type":"product","link":"https:\/\/boreait.com\/hr\/product\/hp-probook-450-g8-naslon-za-ruku-s-tipkovnicom-originalni-zamjenski-dio-za-prijenosno-racunalo\/","title":{"rendered":"HP ProBook 450 G8 naslon za ruku s tipkovnicom \u2013 originalni zamjenski dio za prijenosno ra\u010dunalo"},"content":{"rendered":"<p data-start=\"592\" data-end=\"818\"><strong>Po\u0161aljite nam poruku nakon kupnje i recite nam koji klju\u010d ili klju\u010deve \u017eelite. Svi dostupni klju\u010devi prikazani su na fotografiji u popisu!<\/strong><\/p>\n<p data-start=\"592\" data-end=\"818\">Vratite svoj <strong data-start=\"605\" data-end=\"626\">HP ProBook 450 G8<\/strong> s ovom <strong data-start=\"637\" data-end=\"682\">originalnom zamjenom oslonca za dlan i tipkovnice<\/strong>. Bilo da va\u0161oj staroj tipkovnici nedostaju tipke ili je oslonac za dlanove istro\u0161en, ovaj <strong data-start=\"761\" data-end=\"781\">originalni HP-ov dio<\/strong> osigurava tvorni\u010dki prikladnu zamjenu.<\/p>\n<p data-start=\"820\" data-end=\"1176\">\ud83d\udd39 <strong data-start=\"823\" data-end=\"840\">Klju\u010dne zna\u010dajke:<\/strong><br data-start=\"840\" data-end=\"843\" \/>\u2714 <strong data-start=\"845\" data-end=\"864\">Originalni HP dio<\/strong> \u2013 Osigurava savr\u0161eno pristajanje i izdr\u017eljivost<br data-start=\"901\" data-end=\"904\" \/>\u2714 <strong data-start=\"906\" data-end=\"938\">Oslonac za dlan + uklju\u010dena tipkovnica<\/strong> \u2013 sveobuhvatno zamjensko rje\u0161enje<br data-start=\"972\" data-end=\"975\" \/>\u2714 <strong data-start=\"977\" data-end=\"1005\">Glatko &amp; Responzivne tipke<\/strong> \u2013 Dizajnirane za ugodno iskustvo tipkanja<br data-start=\"1052\" data-end=\"1055\" \/>\u2714 <strong data-start=\"1057\" data-end=\"1071\">OEM dizajn<\/strong> \u2013 Odgovara izvornoj tvorni\u010dkoj zavr\u0161nici<br data-start=\"1109\" data-end=\"1112\" \/>\u2714 <strong data-start=\"1114\" data-end=\"1140\">Unaprijed instalirana tipkovnica<\/strong> \u2013 Nema potrebe za dodatnim sastavljanjem<\/p>\n<p data-start=\"1178\" data-end=\"1201\">\ud83d\udca1 <strong data-start=\"1181\" data-end=\"1199\">Kompatibilnost:<\/strong><\/p>\n<ul data-start=\"1202\" data-end=\"1305\">\n<li data-start=\"1202\" data-end=\"1253\">Posebno dizajnirano za <strong data-start=\"1230\" data-end=\"1251\">HP ProBook 450 G8<\/strong><\/li>\n<li data-start=\"1254\" data-end=\"1305\">Provjerite model prijenosnog ra\u010dunala kako biste osigurali kompatibilnost<\/li>\n<\/ul>\n<p data-start=\"1307\" data-end=\"1397\">\ud83d\udcf8 <strong data-start=\"1310\" data-end=\"1326\">Prave fotografije:<\/strong> Slike u ovom popisu prikazuju <strong data-start=\"1363\" data-end=\"1372\">to\u010dan<\/strong> artikl koji \u0107ete dobiti.<\/p>\n<p data-start=\"1399\" data-end=\"1521\">\u2753 <strong data-start=\"1401\" data-end=\"1415\">Trebate li pomo\u0107?<\/strong> Ne dajemo upute za instalaciju, ali slobodno <strong data-start=\"1477\" data-end=\"1491\">nam po\u0161aljite poruku<\/strong> ako trebate bilo kakvu pomo\u0107.<\/p>\n<p data-start=\"1523\" data-end=\"1634\">\ud83d\udce6 <strong data-start=\"1526\" data-end=\"1554\">Brza dostava diljem svijeta!<\/strong> Naru\u010dite sada da obnovite svoje prijenosno ra\u010dunalo ovim <strong data-start=\"1598\" data-end=\"1631\">autenti\u010dnim HP-ovim zamjenskim dijelom<\/strong>.<\/p>\n","protected":false},"excerpt":{"rendered":"<p>Zamijenite svoj o\u0161te\u0107eni <strong data-start=\"334\" data-end=\"377\">HP ProBook 450 G8 naslon za ruku i tipkovnicu<\/strong> ovim <strong data-start=\"388\" data-end=\"408\">originalnim OEM dijelom<\/strong>. Osigurava savr\u0161eno pristajanje i glatko iskustvo tipkanja. <strong data-start=\"462\" data-end=\"509\">Prave fotografije \u2013 ono \u0161to vidite to i dobijete!<\/strong><\/p>\n","protected":false},"featured_media":29534,"template":"","meta":[],"product_brand":[],"product_cat":[59],"product_tag":[60],"class_list":{"0":"post-27538","1":"product","2":"type-product","3":"status-publish","4":"has-post-thumbnail","6":"product_cat-individual-keyboard-keys","7":"product_tag-hp","9":"first","10":"instock","11":"taxable","12":"shipping-taxable","13":"purchasable","14":"product-type-simple"},"_links":{"self":[{"href":"https:\/\/boreait.com\/hr\/wp-json\/wp\/v2\/product\/27538","targetHints":{"allow":["GET"]}}],"collection":[{"href":"https:\/\/boreait.com\/hr\/wp-json\/wp\/v2\/product"}],"about":[{"href":"https:\/\/boreait.com\/hr\/wp-json\/wp\/v2\/types\/product"}],"wp:featuredmedia":[{"embeddable":true,"href":"https:\/\/boreait.com\/hr\/wp-json\/wp\/v2\/media\/29534"}],"wp:attachment":[{"href":"https:\/\/boreait.com\/hr\/wp-json\/wp\/v2\/media?parent=27538"}],"wp:term":[{"taxonomy":"product_brand","embeddable":true,"href":"https:\/\/boreait.com\/hr\/wp-json\/wp\/v2\/product_brand?post=27538"},{"taxonomy":"product_cat","embeddable":true,"href":"https:\/\/boreait.com\/hr\/wp-json\/wp\/v2\/product_cat?post=27538"},{"taxonomy":"product_tag","embeddable":true,"href":"https:\/\/boreait.com\/hr\/wp-json\/wp\/v2\/product_tag?post=27538"}],"curies":[{"name":"wp","href":"https:\/\/api.w.org\/{rel}","templated":true}]}}