{"id":27527,"date":"2025-07-25T13:26:30","date_gmt":"2025-07-25T13:26:30","guid":{"rendered":"https:\/\/boreait.com\/hr\/?post_type=product&#038;p=27527"},"modified":"2025-07-25T13:28:39","modified_gmt":"2025-07-25T13:28:39","slug":"tipke-tipkovnice-hp-pavilion-dv6-7000-dv6-7100-originalne-rezervne-hp-639396-ba1","status":"publish","type":"product","link":"https:\/\/boreait.com\/hr\/product\/tipke-tipkovnice-hp-pavilion-dv6-7000-dv6-7100-originalne-rezervne-hp-639396-ba1\/","title":{"rendered":"Tipke tipkovnice HP Pavilion DV6-7000 DV6-7100 \u2013 originalne rezervne HP 639396-BA1"},"content":{"rendered":"<p data-start=\"614\" data-end=\"870\"><strong>Po\u0161aljite nam poruku nakon kupnje i recite nam koji klju\u010d ili klju\u010deve \u017eelite. Svi dostupni klju\u010devi prikazani su na fotografiji u popisu!<\/strong><\/p>\n<p data-start=\"614\" data-end=\"870\">Vratite svoju <strong data-start=\"627\" data-end=\"671\">HP Pavilion DV6-7000 \/ DV6-7100 tipkovnicu<\/strong> s <strong data-start=\"677\" data-end=\"739\">originalnim pojedina\u010dnim zamjenskim tipkama (HP Spare 639396-BA1)<\/strong>. Bez obzira jeste li izgubili, slomili ili istro\u0161ili tipku, ovo je savr\u0161eno rje\u0161enje da va\u0161a tipkovnica izgleda i radi kao nova.<\/p>\n<p data-start=\"872\" data-end=\"1262\">\ud83d\udd39 <strong data-start=\"875\" data-end=\"892\">Klju\u010dne zna\u010dajke:<\/strong><br data-start=\"892\" data-end=\"895\" \/>\u2714 <strong data-start=\"897\" data-end=\"922\">Originalni HP rezervni dio<\/strong> \u2013 savr\u0161eno odgovara originalu tipkovnica<br data-start=\"964\" data-end=\"967\" \/>\u2714 <strong data-start=\"969\" data-end=\"999\">HP broj dijela: 639396-BA1<\/strong> \u2013 Osigurava kompatibilnost i izdr\u017eljivost<br data-start=\"1038\" data-end=\"1041\" \/>\u2714 <strong data-start=\"1043\" data-end=\"1082\">Uklju\u010duje kapicu klju\u010da, \u0161arku i amp; Gumena \u010da\u0161ica<\/strong> \u2013 Cijeli sklop za pravilno pristajanje<br data-start=\"1115\" data-end=\"1118\" \/>\u2714 <strong data-start=\"1120\" data-end=\"1139\">Laka za zamjenu<\/strong> \u2013 Nema potrebe za kupnjom cijele nove tipkovnice<br data-start=\"1177\" data-end=\"1180\" \/>\u2714 <strong data-start=\"1182\" data-end=\"1206\">Pru\u017eene prave fotografije<\/strong> \u2013 Dobit \u0107ete to\u010dne klju\u010deve prikazane na slikama<\/p>\n<p data-start=\"1264\" data-end=\"1287\">\ud83d\udca1 <strong data-start=\"1267\" data-end=\"1285\">Kompatibilnost:<\/strong><\/p>\n<ul data-start=\"1288\" data-end=\"1434\">\n<li data-start=\"1288\" data-end=\"1362\">Posebno dizajnirano za <strong data-start=\"1316\" data-end=\"1360\">HP Pavilion DV6-7000 i DV6-7100 serije<\/strong><\/li>\n<li data-start=\"1363\" data-end=\"1434\">Provjerite svoj <strong data-start=\"1383\" data-end=\"1414\">model prijenosnog ra\u010dunala i vrstu \u0161arke<\/strong> prije kupnje<\/li>\n<\/ul>\n<p data-start=\"1436\" data-end=\"1565\">\ud83d\udcf8 <strong data-start=\"1439\" data-end=\"1455\">Prave fotografije:<\/strong> Prodajemo samo ono \u0161to poka\u017eemo! Slike u ovom popisu prikazuju stvarne <strong data-start=\"1528\" data-end=\"1562\">tipke na tipkovnici koje \u0107ete dobiti<\/strong>.<\/p>\n<p data-start=\"1567\" data-end=\"1760\">\u2753 <strong data-start=\"1569\" data-end=\"1583\">Trebate li pomo\u0107?<\/strong> Ako niste sigurni o kompatibilnosti ili instalaciji, slobodno nam <strong data-start=\"1651\" data-end=\"1665\">po\u0161aljite poruku<\/strong>. Iako ne pru\u017eamo upute korak po korak, rado \u0107emo vam pomo\u0107i sa svim pitanjima!<\/p>\n<p data-start=\"1762\" data-end=\"1883\">\ud83d\udce6 <strong data-start=\"1765\" data-end=\"1793\">Brza dostava \u0161irom svijeta!<\/strong> Vratite svoju tipkovnicu u savr\u0161eno stanje s na\u0161im <strong data-start=\"1847\" data-end=\"1880\">autenti\u010dnim HP-ovim zamjenskim klju\u010devima<\/strong>.<\/p>\n","protected":false},"excerpt":{"rendered":"<p>Izgubili ili o\u0161tetili klju\u010d? Nabavite <strong data-start=\"368\" data-end=\"407\">originalne pojedina\u010dne zamjenske klju\u010deve<\/strong> za <strong data-start=\"416\" data-end=\"482\">tipkovnicu HP Pavilion DV6-7000 \/ DV6-7100 (HP Spare 639396-BA1)<\/strong>. <strong data-start=\"484\" data-end=\"531\">Prave fotografije \u2013 ono \u0161to vidite to i dobijete!<\/strong><\/p>\n","protected":false},"featured_media":27592,"template":"","meta":[],"product_brand":[],"product_cat":[59],"product_tag":[60],"class_list":{"0":"post-27527","1":"product","2":"type-product","3":"status-publish","4":"has-post-thumbnail","6":"product_cat-individual-keyboard-keys","7":"product_tag-hp","9":"first","10":"instock","11":"taxable","12":"shipping-taxable","13":"purchasable","14":"product-type-simple"},"_links":{"self":[{"href":"https:\/\/boreait.com\/hr\/wp-json\/wp\/v2\/product\/27527","targetHints":{"allow":["GET"]}}],"collection":[{"href":"https:\/\/boreait.com\/hr\/wp-json\/wp\/v2\/product"}],"about":[{"href":"https:\/\/boreait.com\/hr\/wp-json\/wp\/v2\/types\/product"}],"wp:featuredmedia":[{"embeddable":true,"href":"https:\/\/boreait.com\/hr\/wp-json\/wp\/v2\/media\/27592"}],"wp:attachment":[{"href":"https:\/\/boreait.com\/hr\/wp-json\/wp\/v2\/media?parent=27527"}],"wp:term":[{"taxonomy":"product_brand","embeddable":true,"href":"https:\/\/boreait.com\/hr\/wp-json\/wp\/v2\/product_brand?post=27527"},{"taxonomy":"product_cat","embeddable":true,"href":"https:\/\/boreait.com\/hr\/wp-json\/wp\/v2\/product_cat?post=27527"},{"taxonomy":"product_tag","embeddable":true,"href":"https:\/\/boreait.com\/hr\/wp-json\/wp\/v2\/product_tag?post=27527"}],"curies":[{"name":"wp","href":"https:\/\/api.w.org\/{rel}","templated":true}]}}