{"id":27498,"date":"2025-07-25T13:25:42","date_gmt":"2025-07-25T13:25:42","guid":{"rendered":"https:\/\/boreait.com\/hr\/?post_type=product&#038;p=27498"},"modified":"2025-07-25T13:27:29","modified_gmt":"2025-07-25T13:27:29","slug":"dell-latitude-e6410-lcd-okvir-cn-0t8k98-originalni-okvir-zaslona-prijenosnog-racunala","status":"publish","type":"product","link":"https:\/\/boreait.com\/hr\/product\/dell-latitude-e6410-lcd-okvir-cn-0t8k98-originalni-okvir-zaslona-prijenosnog-racunala\/","title":{"rendered":"Dell Latitude E6410 LCD okvir CN-0T8K98 \u2013 originalni okvir zaslona prijenosnog ra\u010dunala"},"content":{"rendered":"<p data-start=\"515\" data-end=\"765\">Zamijenite svoj o\u0161te\u0107eni ili nedostaju\u0107i <strong data-start=\"547\" data-end=\"560\">okvir LCD-a<\/strong> ovim <strong data-start=\"571\" data-end=\"627\">originalnim okvirom zaslona Dell Latitude E6410 (CN-0T8K98)<\/strong>. Dizajniran da besprijekorno pristaje uz zaslon va\u0161eg prijenosnog ra\u010dunala, ovaj <strong data-start=\"691\" data-end=\"713\">originalni Dell dio<\/strong> osigurava <strong data-start=\"724\" data-end=\"762\">sigurno pristajanje i profesionalnu zavr\u0161nu obradu<\/strong>.<\/p>\n<p data-start=\"767\" data-end=\"1180\">\ud83d\udd39 <strong data-start=\"770\" data-end=\"787\">Klju\u010dne zna\u010dajke:<\/strong><br data-start=\"787\" data-end=\"790\" \/>\u2714 <strong data-start=\"792\" data-end=\"813\">Originalni dio Dell<\/strong> \u2013 Osigurava izdr\u017eljivost i savr\u0161eno pristaje<br data-start=\"850\" data-end=\"853\" \/>\u2714 <strong data-start=\"855\" data-end=\"875\">Model: CN-0T8K98<\/strong> \u2013 Posebno dizajniran za <strong data-start=\"904\" data-end=\"927\">Dell Latitude E6410<\/strong><br data-start=\"927\" data-end=\"930\" \/>\u2714 <strong data-start=\"932\" data-end=\"965\">\u0160titi &amp; Uokviruje zaslon<\/strong> \u2013 Odr\u017eava va\u0161 zaslon sigurnim i dobro podr\u017eanim<br data-start=\"1011\" data-end=\"1014\" \/>\u2714 <strong data-start=\"1016\" data-end=\"1040\">Lagan &amp; \u010cvrsto<\/strong> \u2013 Zadr\u017eava izvorni izgled i dojam va\u0161eg prijenosnog ra\u010dunala<br data-start=\"1094\" data-end=\"1097\" \/>\u2714 <strong data-start=\"1099\" data-end=\"1120\">Jednostavna instalacija<\/strong> \u2013 Jednostavna zamjena za \u010dist, profesionalan izgled<\/p>\n<p data-start=\"1182\" data-end=\"1205\">\ud83d\udca1 <strong data-start=\"1185\" data-end=\"1203\">Kompatibilnost:<\/strong><\/p>\n<ul data-start=\"1206\" data-end=\"1360\">\n<li data-start=\"1206\" data-end=\"1290\">Dizajniran za <strong data-start=\"1221\" data-end=\"1244\">Dell Latitude E6410<\/strong> (provjerite model prijenosnog ra\u010dunala prije kupnje)<\/li>\n<li data-start=\"1291\" data-end=\"1360\">OEM odgovara \u2013 odgovara to\u010dnim specifikacijama va\u0161eg originalnog okvira<\/li>\n<\/ul>\n<p data-start=\"1362\" data-end=\"1466\">\ud83d\udcf8 <strong data-start=\"1365\" data-end=\"1381\">Prave fotografije:<\/strong> Slike u ovom popisu pokazuju to\u010dan dio koji \u0107ete dobiti\u2014bez skladi\u0161nih slika!<\/p>\n<p data-start=\"1468\" data-end=\"1589\">\u2753 <strong data-start=\"1470\" data-end=\"1484\">Trebate li pomo\u0107?<\/strong> Ne dajemo upute za instalaciju, ali slobodno nam <strong data-start=\"1546\" data-end=\"1560\">po\u0161aljite poruku<\/strong> ako imate pitanja.<\/p>\n<p data-start=\"1591\" data-end=\"1729\">\ud83d\udce6 <strong data-start=\"1594\" data-end=\"1622\">Brza dostava \u0161irom svijeta!<\/strong> Brzo dostavite svoj <strong data-start=\"1632\" data-end=\"1665\">Dell Latitude E6410 LCD okvir<\/strong> i vratite svom prijenosnom ra\u010dunalu elegantan izgled danas!<\/p>\n","protected":false},"excerpt":{"rendered":"<p>Originalni <strong data-start=\"310\" data-end=\"355\">Dell Latitude E6410 LCD okvir (CN-0T8K98)<\/strong> za savr\u0161eno pristajanje na zaslon. Originalni <strong data-start=\"390\" data-end=\"405\">dio prijenosnog ra\u010dunala<\/strong>\u2014prave fotografije, bez iznena\u0111enja!<\/p>\n","protected":false},"featured_media":27557,"template":"","meta":[],"product_brand":[],"product_cat":[51],"product_tag":[52],"class_list":{"0":"post-27498","1":"product","2":"type-product","3":"status-publish","4":"has-post-thumbnail","6":"product_cat-laptop-housing","7":"product_tag-dell","9":"first","10":"instock","11":"taxable","12":"shipping-taxable","13":"purchasable","14":"product-type-simple"},"_links":{"self":[{"href":"https:\/\/boreait.com\/hr\/wp-json\/wp\/v2\/product\/27498","targetHints":{"allow":["GET"]}}],"collection":[{"href":"https:\/\/boreait.com\/hr\/wp-json\/wp\/v2\/product"}],"about":[{"href":"https:\/\/boreait.com\/hr\/wp-json\/wp\/v2\/types\/product"}],"wp:featuredmedia":[{"embeddable":true,"href":"https:\/\/boreait.com\/hr\/wp-json\/wp\/v2\/media\/27557"}],"wp:attachment":[{"href":"https:\/\/boreait.com\/hr\/wp-json\/wp\/v2\/media?parent=27498"}],"wp:term":[{"taxonomy":"product_brand","embeddable":true,"href":"https:\/\/boreait.com\/hr\/wp-json\/wp\/v2\/product_brand?post=27498"},{"taxonomy":"product_cat","embeddable":true,"href":"https:\/\/boreait.com\/hr\/wp-json\/wp\/v2\/product_cat?post=27498"},{"taxonomy":"product_tag","embeddable":true,"href":"https:\/\/boreait.com\/hr\/wp-json\/wp\/v2\/product_tag?post=27498"}],"curies":[{"name":"wp","href":"https:\/\/api.w.org\/{rel}","templated":true}]}}