{"id":27488,"date":"2025-07-25T13:25:18","date_gmt":"2025-07-25T13:25:18","guid":{"rendered":"https:\/\/boreait.com\/hr\/?post_type=product&#038;p=27488"},"modified":"2025-07-25T13:27:12","modified_gmt":"2025-07-25T13:27:12","slug":"dell-latitude-e6410-firewire-prikljucna-ploca-s-kabelom-x1nhh-6-zilni-6-pinski-konektor","status":"publish","type":"product","link":"https:\/\/boreait.com\/hr\/product\/dell-latitude-e6410-firewire-prikljucna-ploca-s-kabelom-x1nhh-6-zilni-6-pinski-konektor\/","title":{"rendered":"Dell Latitude E6410 FireWire priklju\u010dna plo\u010da s kabelom X1NHH \u2013 6-\u017eilni 6-pinski konektor"},"content":{"rendered":"<p data-start=\"634\" data-end=\"904\">Nadogradite ili zamijenite <strong data-start=\"657\" data-end=\"680\">FireWire port plo\u010du<\/strong> na va\u0161em <strong data-start=\"689\" data-end=\"712\">Dell Latitude E6410<\/strong> ovim <strong data-start=\"723\" data-end=\"756\">originalnim OEM-om dio (P\/N: X1NHH)<\/strong>. Bilo da je va\u0161 FireWire priklju\u010dak o\u0161te\u0107en ili nedostaje, ova zamjenska plo\u010da s <strong data-start=\"838\" data-end=\"870\">6-\u017eilnim\/6-pinskim priklju\u010dnim kabelom<\/strong> osigurava besprijekornu funkcionalnost.<\/p>\n<p data-start=\"906\" data-end=\"1258\">\ud83d\udd39 <strong data-start=\"909\" data-end=\"926\">Klju\u010dne zna\u010dajke:<\/strong><br data-start=\"926\" data-end=\"929\" \/>\u2714 <strong data-start=\"931\" data-end=\"966\">Originalni Dell dio (P\/N: X1NHH)<\/strong> \u2013 Osigurava savr\u0161eno pristajanje i pouzdanost<br data-start=\"1004\" data-end=\"1007\" \/>\u2714 <strong data-start=\"1009\" data-end=\"1035\">6-Wire\/6-Pin konektor<\/strong> \u2013 Standardni FireWire priklju\u010dak za brzi prijenos podataka<br data-start=\"1090\" data-end=\"1093\" \/>\u2714 <strong data-start=\"1095\" data-end=\"1113\">Uklju\u010duje kabel<\/strong> \u2013 Nema potrebe za dodatnim dijelovima, spremno za instalaciju<br data-start=\"1168\" data-end=\"1171\" \/>\u2714 <strong data-start=\"1173\" data-end=\"1212\">Kompatibilno s Dell Latitude E6410<\/strong> \u2013 Provjerite model prijenosnog ra\u010dunala prije kupnja<\/p>\n<p data-start=\"1260\" data-end=\"1283\">\ud83d\udca1 <strong data-start=\"1263\" data-end=\"1281\">Kompatibilnost:<\/strong><\/p>\n<ul data-start=\"1284\" data-end=\"1385\">\n<li data-start=\"1284\" data-end=\"1337\">Posebno dizajniran za <strong data-start=\"1312\" data-end=\"1335\">Dell Latitude E6410<\/strong><\/li>\n<li data-start=\"1338\" data-end=\"1385\">Standardno <strong data-start=\"1349\" data-end=\"1383\">su\u010delje FireWire (IEEE 1394)<\/strong><\/li>\n<\/ul>\n<p data-start=\"1387\" data-end=\"1493\">\ud83d\udcf8 <strong data-start=\"1390\" data-end=\"1406\">Prave fotografije:<\/strong> Slike u ovom popisu su <strong data-start=\"1445\" data-end=\"1475\">stvarnog artikla koji \u0107ete dobiti<\/strong> \u2013 bez iznena\u0111enja!<\/p>\n<p data-start=\"1495\" data-end=\"1638\">\u2753 <strong data-start=\"1497\" data-end=\"1511\">Trebate li pomo\u0107?<\/strong> Iako ne pru\u017eamo upute za instalaciju, mo\u017eete nam <strong data-start=\"1570\" data-end=\"1584\">poru\u010diti<\/strong> ako imate pitanja prije ili nakon kupnje.<\/p>\n<p data-start=\"1640\" data-end=\"1758\">\ud83d\udce6 <strong data-start=\"1643\" data-end=\"1671\">Brza dostava diljem svijeta!<\/strong> Dobijte svoju <strong data-start=\"1681\" data-end=\"1724\">Dell Latitude E6410 FireWire port plo\u010du<\/strong> brzo i sigurno.<\/p>\n","protected":false},"excerpt":{"rendered":"<p>Vratite FireWire vezu na svoj <strong data-start=\"370\" data-end=\"393\">Dell Latitude E6410<\/strong> pomo\u0107u ove originalne <strong data-start=\"412\" data-end=\"448\">FireWire priklju\u010dne plo\u010de (P\/N: X1NHH)<\/strong>. Dolazi s <strong data-start=\"463\" data-end=\"485\">6-\u017eilnim\/6-pinskim kabelom<\/strong> za to\u010dno pristajanje. <strong data-start=\"504\" data-end=\"551\">Prave fotografije \u2013 ono \u0161to vidite to i dobijete!<\/strong><\/p>\n","protected":false},"featured_media":27547,"template":"","meta":[],"product_brand":[],"product_cat":[62],"product_tag":[52],"class_list":{"0":"post-27488","1":"product","2":"type-product","3":"status-publish","4":"has-post-thumbnail","6":"product_cat-motherboards-board-parts","7":"product_tag-dell","9":"first","10":"instock","11":"taxable","12":"shipping-taxable","13":"purchasable","14":"product-type-simple"},"_links":{"self":[{"href":"https:\/\/boreait.com\/hr\/wp-json\/wp\/v2\/product\/27488","targetHints":{"allow":["GET"]}}],"collection":[{"href":"https:\/\/boreait.com\/hr\/wp-json\/wp\/v2\/product"}],"about":[{"href":"https:\/\/boreait.com\/hr\/wp-json\/wp\/v2\/types\/product"}],"wp:featuredmedia":[{"embeddable":true,"href":"https:\/\/boreait.com\/hr\/wp-json\/wp\/v2\/media\/27547"}],"wp:attachment":[{"href":"https:\/\/boreait.com\/hr\/wp-json\/wp\/v2\/media?parent=27488"}],"wp:term":[{"taxonomy":"product_brand","embeddable":true,"href":"https:\/\/boreait.com\/hr\/wp-json\/wp\/v2\/product_brand?post=27488"},{"taxonomy":"product_cat","embeddable":true,"href":"https:\/\/boreait.com\/hr\/wp-json\/wp\/v2\/product_cat?post=27488"},{"taxonomy":"product_tag","embeddable":true,"href":"https:\/\/boreait.com\/hr\/wp-json\/wp\/v2\/product_tag?post=27488"}],"curies":[{"name":"wp","href":"https:\/\/api.w.org\/{rel}","templated":true}]}}