{"id":27475,"date":"2025-07-25T13:24:57","date_gmt":"2025-07-25T13:24:57","guid":{"rendered":"https:\/\/boreait.com\/hr\/?post_type=product&#038;p=27475"},"modified":"2025-07-25T13:26:46","modified_gmt":"2025-07-25T13:26:46","slug":"dell-latitude-e6410-touchpad-tipke-pk37b007200-originalni-dio-prijenosnog-racunala","status":"publish","type":"product","link":"https:\/\/boreait.com\/hr\/product\/dell-latitude-e6410-touchpad-tipke-pk37b007200-originalni-dio-prijenosnog-racunala\/","title":{"rendered":"Dell Latitude E6410 Touchpad tipke PK37B007200 \u2013 originalni dio prijenosnog ra\u010dunala"},"content":{"rendered":"<p data-start=\"562\" data-end=\"831\">Vratite glatku i brzu funkciju dodirne podloge s ovom <strong data-start=\"625\" data-end=\"692\">originalnom plo\u010dom s gumbima dodirne podloge Dell Latitude E6410 (PK37B007200)<\/strong>. Ovaj zamjenski dio dizajniran je posebno za <strong data-start=\"749\" data-end=\"767\">Latitude E6410<\/strong>, osiguravaju\u0107i <strong data-start=\"778\" data-end=\"803\">savr\u0161enu kompatibilnost<\/strong> i pouzdan rad.<\/p>\n<p data-start=\"833\" data-end=\"1129\">\ud83d\udd39 <strong data-start=\"836\" data-end=\"853\">Klju\u010dne zna\u010dajke:<\/strong><br data-start=\"853\" data-end=\"856\" \/>\u2714 <strong data-start=\"858\" data-end=\"880\">Originalni Dell dio<\/strong> \u2013 Model <strong data-start=\"889\" data-end=\"904\">PK37B007200<\/strong><br data-start=\"904\" data-end=\"907\" \/>\u2714 <strong data-start=\"909\" data-end=\"943\">Savr\u0161eno odgovara za Latitude E6410<\/strong> \u2013 Dizajniran za besprijekornu instalaciju<br data-start=\"980\" data-end=\"983\" \/>\u2714 <strong data-start=\"985\" data-end=\"1017\">Odgovaraju\u0107i &amp; Izdr\u017eljivi gumbi<\/strong> \u2013 Vratite funkciju glatkog klikanja<br data-start=\"1057\" data-end=\"1060\" \/>\u2714 <strong data-start=\"1062\" data-end=\"1081\">Jednostavan za instaliranje<\/strong> \u2013 Brzo zamijenite stare ili pokvarene gumbe<\/p>\n<p data-start=\"1131\" data-end=\"1154\">\ud83d\udca1 <strong data-start=\"1134\" data-end=\"1152\">Kompatibilnost:<\/strong><\/p>\n<ul data-start=\"1155\" data-end=\"1267\">\n<li data-start=\"1155\" data-end=\"1195\">Dizajniran za <strong data-start=\"1170\" data-end=\"1193\">Dell Latitude E6410<\/strong><\/li>\n<li data-start=\"1196\" data-end=\"1267\">Provjerite broj dijela prijenosnog ra\u010dunala (<strong data-start=\"1231\" data-end=\"1246\">PK37B007200<\/strong>) prije kupnje<\/li>\n<\/ul>\n<p data-start=\"1269\" data-end=\"1370\">\ud83d\udcf8 <strong data-start=\"1272\" data-end=\"1288\">Prave fotografije:<\/strong> Slike u ovom popisu prikazuju to\u010dno ono \u0161to \u0107ete dobiti \u2013 nema iznena\u0111enja!<\/p>\n<p data-start=\"1372\" data-end=\"1494\">\u2753 <strong data-start=\"1374\" data-end=\"1388\">Trebate li pomo\u0107?<\/strong> Ne dajemo upute za instalaciju, ali slobodno <strong data-start=\"1450\" data-end=\"1464\">nam po\u0161aljite poruku<\/strong> ako trebate bilo kakvu pomo\u0107.<\/p>\n<p data-start=\"1496\" data-end=\"1625\">\ud83d\udce6 <strong data-start=\"1499\" data-end=\"1527\">Brza dostava diljem svijeta!<\/strong> Vratite svoj <strong data-start=\"1537\" data-end=\"1555\">Latitude E6410<\/strong> u vrhunsku formu s ovim <strong data-start=\"1584\" data-end=\"1622\">originalna Dell plo\u010da s gumbima touchpada<\/strong>.<\/p>\n","protected":false},"excerpt":{"rendered":"<p>Zamijenite svoje istro\u0161ene ili neispravne <strong data-start=\"342\" data-end=\"396\">gumbe dodirne plo\u010de Dell Latitude E6410 (PK37B007200)<\/strong> ovim <strong data-start=\"407\" data-end=\"430\">originalnim dijelom prijenosnog ra\u010dunala<\/strong>. <strong data-start=\"432\" data-end=\"479\">Prave fotografije \u2013 ono \u0161to vidite to i dobijete!<\/strong><\/p>\n","protected":false},"featured_media":27533,"template":"","meta":[],"product_brand":[],"product_cat":[51],"product_tag":[52],"class_list":{"0":"post-27475","1":"product","2":"type-product","3":"status-publish","4":"has-post-thumbnail","6":"product_cat-laptop-housing","7":"product_tag-dell","9":"first","10":"instock","11":"taxable","12":"shipping-taxable","13":"purchasable","14":"product-type-simple"},"_links":{"self":[{"href":"https:\/\/boreait.com\/hr\/wp-json\/wp\/v2\/product\/27475","targetHints":{"allow":["GET"]}}],"collection":[{"href":"https:\/\/boreait.com\/hr\/wp-json\/wp\/v2\/product"}],"about":[{"href":"https:\/\/boreait.com\/hr\/wp-json\/wp\/v2\/types\/product"}],"wp:featuredmedia":[{"embeddable":true,"href":"https:\/\/boreait.com\/hr\/wp-json\/wp\/v2\/media\/27533"}],"wp:attachment":[{"href":"https:\/\/boreait.com\/hr\/wp-json\/wp\/v2\/media?parent=27475"}],"wp:term":[{"taxonomy":"product_brand","embeddable":true,"href":"https:\/\/boreait.com\/hr\/wp-json\/wp\/v2\/product_brand?post=27475"},{"taxonomy":"product_cat","embeddable":true,"href":"https:\/\/boreait.com\/hr\/wp-json\/wp\/v2\/product_cat?post=27475"},{"taxonomy":"product_tag","embeddable":true,"href":"https:\/\/boreait.com\/hr\/wp-json\/wp\/v2\/product_tag?post=27475"}],"curies":[{"name":"wp","href":"https:\/\/api.w.org\/{rel}","templated":true}]}}