{"id":27471,"date":"2025-07-25T13:24:57","date_gmt":"2025-07-25T13:24:57","guid":{"rendered":"https:\/\/boreait.com\/hr\/?post_type=product&#038;p=27471"},"modified":"2025-07-25T13:26:33","modified_gmt":"2025-07-25T13:26:33","slug":"macbook-pro-a1286-a1278-flex-kabel-tvrdog-diska-originalni-zamjenski-dio","status":"publish","type":"product","link":"https:\/\/boreait.com\/hr\/product\/macbook-pro-a1286-a1278-flex-kabel-tvrdog-diska-originalni-zamjenski-dio\/","title":{"rendered":"MacBook Pro A1286 A1278 Flex kabel tvrdog diska \u2013 originalni zamjenski dio"},"content":{"rendered":"<p data-start=\"572\" data-end=\"661\">\ud83d\udcbb <strong data-start=\"575\" data-end=\"659\">MacBook Pro Unibody A1286 A1278 Flex kabel za tvrdi disk \u2013 visokokvalitetna zamjena<\/strong><\/p>\n<p data-start=\"663\" data-end=\"947\">Ako va\u0161 <strong data-start=\"671\" data-end=\"701\">MacBook Pro A1286 ili A1278<\/strong> ne otkriva tvrdi disk ili ima pogre\u0161ku pri pokretanju, problem bi mogao biti neispravan <strong data-start=\"774\" data-end=\"792\">savitljivi HDD kabel<\/strong>. Ovaj <strong data-start=\"818\" data-end=\"846\">originalni zamjenski dio<\/strong> uspostavlja ispravnu vezu izme\u0111u va\u0161eg tvrdog diska i mati\u010dne plo\u010de, osiguravaju\u0107i pouzdan rad.<\/p>\n<p data-start=\"949\" data-end=\"1350\">\ud83d\udd39 <strong data-start=\"952\" data-end=\"969\">Klju\u010dne zna\u010dajke:<\/strong><br data-start=\"969\" data-end=\"972\" \/>\u2714 <strong data-start=\"974\" data-end=\"1014\">Originalna zamjena kompatibilna s Appleom<\/strong> \u2013 Osigurava savr\u0161eno pristajanje i optimalnu izvedbu<br data-start=\"1062\" data-end=\"1065\" \/>\u2714 <strong data-start=\"1067\" data-end=\"1104\">Rje\u0161ava probleme s otkrivanjem tvrdog diska<\/strong> \u2013 Rje\u0161ava diskove koji nedostaju ili se ne podi\u017eu<br data-start=\"1145\" data-end=\"1148\" \/>\u2714 <strong data-start=\"1150\" data-end=\"1177\">Flex kabel visoke kvalitete<\/strong> \u2013 Izdr\u017eljiv i dugotrajan<br data-start=\"1204\" data-end=\"1207\" \/>\u2714 <strong data-start=\"1209\" data-end=\"1247\">Podr\u017eava MacBook Pro A1286 &amp; A1278<\/strong> \u2013 Prije kupnje provjerite kompatibilnost<br data-start=\"1285\" data-end=\"1288\" \/>\u2714 <strong data-start=\"1290\" data-end=\"1320\">Plug-and-Play instalacija<\/strong> \u2013 Nisu potrebni posebni alati<\/p>\n<p data-start=\"1352\" data-end=\"1375\">\ud83d\udca1 <strong data-start=\"1355\" data-end=\"1373\">Kompatibilnost:<\/strong><\/p>\n<ul data-start=\"1376\" data-end=\"1517\">\n<li data-start=\"1376\" data-end=\"1434\">Odgovara <strong data-start=\"1383\" data-end=\"1432\">MacBook Pro Unibody 13\u201d (A1278) i 15\u201d (A1286)<\/strong><\/li>\n<li data-start=\"1435\" data-end=\"1517\">Radi s <strong data-start=\"1448\" data-end=\"1475\">SATA tvrdim diskovima &amp; SSD-ovi<\/strong>za pobolj\u0161anu brzinu i nadogradnje pohrane<\/li>\n<\/ul>\n<p data-start=\"1519\" data-end=\"1640\">\ud83d\udcf8 <strong data-start=\"1522\" data-end=\"1538\">Prave fotografije:<\/strong> Slike u ovom popisu dio su stvarnog dijela koji \u0107ete dobiti \u2013 nema fotografija iz skladi\u0161ta, nema iznena\u0111enja!<\/p>\n<p data-start=\"1642\" data-end=\"1760\">\u2753 <strong data-start=\"1644\" data-end=\"1658\">Trebate li pomo\u0107?<\/strong> Ne dajemo upute za instalaciju, ali slobodno nam <strong data-start=\"1720\" data-end=\"1734\">po\u0161aljite poruku<\/strong> ako trebate pomo\u0107.<\/p>\n<p data-start=\"1762\" data-end=\"1882\">\ud83d\udce6 <strong data-start=\"1765\" data-end=\"1793\">Brza dostava \u0161irom svijeta!<\/strong> Vratite funkcionalnost svog MacBooka ovim visokokvalitetnim <strong data-start=\"1854\" data-end=\"1879\">savitljivim kabelom za tvrdi disk<\/strong>.<\/p>\n","protected":false},"excerpt":{"rendered":"<p>Vratite funkciju pohrane na svom MacBooku pomo\u0107u ovog <strong data-start=\"370\" data-end=\"403\">originalnog savitljivog kabela za tvrdi disk<\/strong> za <strong data-start=\"408\" data-end=\"440\">A1286 &amp; A1278 Unibody modeli<\/strong>. <strong data-start=\"442\" data-end=\"489\">Prave fotografije \u2013 ono \u0161to vidite to i dobijete!<\/strong><\/p>\n","protected":false},"featured_media":27529,"template":"","meta":[],"product_brand":[],"product_cat":[55],"product_tag":[86],"class_list":{"0":"post-27471","1":"product","2":"type-product","3":"status-publish","4":"has-post-thumbnail","6":"product_cat-cables","7":"product_tag-apple","9":"first","10":"instock","11":"taxable","12":"shipping-taxable","13":"purchasable","14":"product-type-simple"},"_links":{"self":[{"href":"https:\/\/boreait.com\/hr\/wp-json\/wp\/v2\/product\/27471","targetHints":{"allow":["GET"]}}],"collection":[{"href":"https:\/\/boreait.com\/hr\/wp-json\/wp\/v2\/product"}],"about":[{"href":"https:\/\/boreait.com\/hr\/wp-json\/wp\/v2\/types\/product"}],"wp:featuredmedia":[{"embeddable":true,"href":"https:\/\/boreait.com\/hr\/wp-json\/wp\/v2\/media\/27529"}],"wp:attachment":[{"href":"https:\/\/boreait.com\/hr\/wp-json\/wp\/v2\/media?parent=27471"}],"wp:term":[{"taxonomy":"product_brand","embeddable":true,"href":"https:\/\/boreait.com\/hr\/wp-json\/wp\/v2\/product_brand?post=27471"},{"taxonomy":"product_cat","embeddable":true,"href":"https:\/\/boreait.com\/hr\/wp-json\/wp\/v2\/product_cat?post=27471"},{"taxonomy":"product_tag","embeddable":true,"href":"https:\/\/boreait.com\/hr\/wp-json\/wp\/v2\/product_tag?post=27471"}],"curies":[{"name":"wp","href":"https:\/\/api.w.org\/{rel}","templated":true}]}}