{"id":27460,"date":"2025-07-25T13:24:35","date_gmt":"2025-07-25T13:24:35","guid":{"rendered":"https:\/\/boreait.com\/hr\/?post_type=product&#038;p=27460"},"modified":"2025-07-25T13:26:14","modified_gmt":"2025-07-25T13:26:14","slug":"apple-macbook-pro-a1278-71-maticna-ploca-p8800-266-ghz-4-gb-testirano-i-radi","status":"publish","type":"product","link":"https:\/\/boreait.com\/hr\/product\/apple-macbook-pro-a1278-71-maticna-ploca-p8800-266-ghz-4-gb-testirano-i-radi\/","title":{"rendered":"Apple MacBook Pro A1278 7,1 Mati\u010dna plo\u010da P8800 2,66 GHz 4 GB \u2013 testirano i radi"},"content":{"rendered":"<p data-start=\"617\" data-end=\"851\">Dajte svom <strong data-start=\"627\" data-end=\"654\">MacBook Pro 7,1 (A1278)<\/strong> novi \u017eivot s ovom <strong data-start=\"685\" data-end=\"714\">originalnom Apple mati\u010dnom plo\u010dom<\/strong>, zajedno s <strong data-start=\"732\" data-end=\"772\">Core 2 Duo P8800 @ 2,66GHz procesor<\/strong> i <strong data-start=\"777\" data-end=\"788\">4GB RAM<\/strong>. Savr\u0161eno za popravke, nadogradnje ili obnavljanje va\u0161eg ure\u0111aja.<\/p>\n<p data-start=\"853\" data-end=\"1273\">\ud83d\udd39 <strong data-start=\"856\" data-end=\"873\">Klju\u010dne zna\u010dajke:<\/strong><br data-start=\"873\" data-end=\"876\" \/>\u2714 <strong data-start=\"878\" data-end=\"907\">Originalna Appleova logi\u010dka plo\u010da<\/strong> \u2013 Napravljena za izdr\u017eljivost i besprijekorna izvedba<br data-start=\"955\" data-end=\"958\" \/>\u2714 <strong data-start=\"960\" data-end=\"994\">Model: MacBook Pro 7,1 (A1278)<\/strong> \u2013 Prije kupnje provjerite kompatibilnost<br data-start=\"1033\" data-end=\"1036\" \/>\u2714 <strong data-start=\"1038\" data-end=\"1085\">Procesor: Intel Core 2 Duo P8800 @ 2,66 GHz<\/strong> \u2013 Pouzdana izvedba za svakodnevne zadatke<br data-start=\"1127\" data-end=\"1130\" \/>\u2714 <strong data-start=\"1132\" data-end=\"1156\">4 GB RAM-a unaprijed instalirano<\/strong> \u2013 Spremno za besprijekoran multitasking<br data-start=\"1188\" data-end=\"1191\" \/>\u2714 <strong data-start=\"1193\" data-end=\"1222\">Testirano &amp; Potpuno funkcionalan<\/strong> \u2013 Profesionalno pregledan za osiguranje kvalitete<\/p>\n<p data-start=\"1275\" data-end=\"1298\">\ud83d\udca1 <strong data-start=\"1278\" data-end=\"1296\">Kompatibilnost:<\/strong><\/p>\n<ul data-start=\"1299\" data-end=\"1499\">\n<li data-start=\"1299\" data-end=\"1366\">Dizajniran za <strong data-start=\"1314\" data-end=\"1364\">Apple MacBook Pro A1278 (sredina 2010., serija 7,1)<\/strong><\/li>\n<li data-start=\"1367\" data-end=\"1424\">Izravna zamjena za neispravne ili o\u0161te\u0107ene mati\u010dne plo\u010de<\/li>\n<li data-start=\"1425\" data-end=\"1499\"><strong data-start=\"1427\" data-end=\"1455\">Provjerite svoj MacBook model<\/strong> kako biste bili sigurni da je kompatibilan prije kupnje<\/li>\n<\/ul>\n<p data-start=\"1501\" data-end=\"1591\">\ud83d\udcf8 <strong data-start=\"1504\" data-end=\"1520\">Prave fotografije:<\/strong> dobit \u0107ete to\u010dno ono \u0161to je prikazano na slikama \u2013 bez iznena\u0111enja!<\/p>\n<p data-start=\"1593\" data-end=\"1711\">\u2753 <strong data-start=\"1595\" data-end=\"1609\">Trebate li pomo\u0107?<\/strong> Ne dajemo upute za instalaciju, ali slobodno nam <strong data-start=\"1671\" data-end=\"1685\">po\u0161aljite poruku<\/strong> ako trebate pomo\u0107.<\/p>\n<p data-start=\"1713\" data-end=\"1824\">\ud83d\udce6 <strong data-start=\"1716\" data-end=\"1744\">Brza dostava diljem svijeta!<\/strong> Vratite svoj MacBook Pro u akciju s ovom <strong data-start=\"1791\" data-end=\"1821\">originalnom Apple mati\u010dnom plo\u010dom<\/strong>.<\/p>\n","protected":false},"excerpt":{"rendered":"<p>Nadogradite ili zamijenite svoju <strong data-start=\"381\" data-end=\"424\">Apple MacBook Pro 7,1 A1278 mati\u010dnu plo\u010du<\/strong>, koja sadr\u017ei <strong data-start=\"439\" data-end=\"479\">Intel Core 2 Duo P8800 @ 2,66GHz CPU<\/strong> i <strong data-start=\"484\" data-end=\"495\">4 GB RAM<\/strong>. <strong data-start=\"497\" data-end=\"534\">Potpuno testiran i 100% funkcionalan!<\/strong><\/p>\n","protected":false},"featured_media":27516,"template":"","meta":[],"product_brand":[],"product_cat":[62],"product_tag":[86],"class_list":{"0":"post-27460","1":"product","2":"type-product","3":"status-publish","4":"has-post-thumbnail","6":"product_cat-motherboards-board-parts","7":"product_tag-apple","9":"first","10":"instock","11":"taxable","12":"shipping-taxable","13":"purchasable","14":"product-type-simple"},"_links":{"self":[{"href":"https:\/\/boreait.com\/hr\/wp-json\/wp\/v2\/product\/27460","targetHints":{"allow":["GET"]}}],"collection":[{"href":"https:\/\/boreait.com\/hr\/wp-json\/wp\/v2\/product"}],"about":[{"href":"https:\/\/boreait.com\/hr\/wp-json\/wp\/v2\/types\/product"}],"wp:featuredmedia":[{"embeddable":true,"href":"https:\/\/boreait.com\/hr\/wp-json\/wp\/v2\/media\/27516"}],"wp:attachment":[{"href":"https:\/\/boreait.com\/hr\/wp-json\/wp\/v2\/media?parent=27460"}],"wp:term":[{"taxonomy":"product_brand","embeddable":true,"href":"https:\/\/boreait.com\/hr\/wp-json\/wp\/v2\/product_brand?post=27460"},{"taxonomy":"product_cat","embeddable":true,"href":"https:\/\/boreait.com\/hr\/wp-json\/wp\/v2\/product_cat?post=27460"},{"taxonomy":"product_tag","embeddable":true,"href":"https:\/\/boreait.com\/hr\/wp-json\/wp\/v2\/product_tag?post=27460"}],"curies":[{"name":"wp","href":"https:\/\/api.w.org\/{rel}","templated":true}]}}