{"id":27432,"date":"2025-07-25T13:23:47","date_gmt":"2025-07-25T13:23:47","guid":{"rendered":"https:\/\/boreait.com\/hr\/?post_type=product&#038;p=27432"},"modified":"2026-02-08T07:32:23","modified_gmt":"2026-02-08T07:32:23","slug":"4gb-ddr3-1600mhz-pc3-12800u-1rx8-ram-za-stolno-racunalo-memorijski-modul-velike-brzine","status":"publish","type":"product","link":"https:\/\/boreait.com\/hr\/product\/4gb-ddr3-1600mhz-pc3-12800u-1rx8-ram-za-stolno-racunalo-memorijski-modul-velike-brzine\/","title":{"rendered":"4GB DDR3 1600MHz PC3-12800U 1Rx8 RAM za stolno ra\u010dunalo \u2013 memorijski modul velike brzine"},"content":{"rendered":"<p data-start=\"566\" data-end=\"804\">Nadogradite svoje <strong data-start=\"579\" data-end=\"593\">stolno ra\u010dunalo<\/strong> ovim <strong data-start=\"604\" data-end=\"667\">visokokvalitetnim 4GB DDR3 RAM modulom (PC3-12800U 1Rx8, 1600MHz)<\/strong>. Dizajniran za <strong data-start=\"682\" data-end=\"721\">glatku izvedbu i vi\u0161ezada\u0107nost<\/strong>, ova memorijska kartica pobolj\u0161ava brzinu, odziv i cjelokupnu stabilnost sustava.<\/p>\n<p data-start=\"806\" data-end=\"1178\">\ud83d\udd39 <strong data-start=\"809\" data-end=\"826\">Klju\u010dne zna\u010dajke:<\/strong><br data-start=\"826\" data-end=\"829\" \/>\u2714 <strong data-start=\"831\" data-end=\"844\">Kapacitet:<\/strong> 4 GB \u2013 Idealno za svaki dan ra\u010dunalstvo i igranje<br data-start=\"890\" data-end=\"893\" \/>\u2714 <strong data-start=\"895\" data-end=\"904\">Tip:<\/strong> DDR3 1600MHz (PC3-12800U) \u2013 memorija velike brzine za stolna ra\u010dunala<br data-start=\"963\" data-end=\"966\" \/>\u2714 <strong data-start=\"968\" data-end=\"977\">Rang:<\/strong> 1Rx8 \u2013 U\u010dinkovito i optimizirano za performanse sustava<br data-start=\"1031\" data-end=\"1034\" \/>\u2714 <strong data-start=\"1036\" data-end=\"1048\">Ka\u0161njenje:<\/strong> CL11 (11-11-A1) \u2013 Osigurava glatko i stabilno operacije<br data-start=\"1103\" data-end=\"1106\" \/>\u2714 <strong data-start=\"1108\" data-end=\"1123\">Plug &amp; Igraj<\/strong> \u2013 Jednostavna instalacija, nije potrebna tehni\u010dka stru\u010dnost<\/p>\n<p data-start=\"1180\" data-end=\"1203\">\ud83d\udca1 <strong data-start=\"1183\" data-end=\"1201\">Kompatibilnost:<\/strong><\/p>\n<ul data-start=\"1204\" data-end=\"1354\">\n<li data-start=\"1204\" data-end=\"1284\">Prikladno za ve\u0107inu <strong data-start=\"1224\" data-end=\"1239\">stolnih ra\u010dunala<\/strong> koja podr\u017eavaju <strong data-start=\"1253\" data-end=\"1282\">DDR3 1600MHz (PC3-12800U)<\/strong><\/li>\n<li data-start=\"1285\" data-end=\"1354\">Provjerite svoje <strong data-start=\"1298\" data-end=\"1328\">specifikacije mati\u010dne plo\u010de<\/strong> kako biste osigurali kompatibilnost<\/li>\n<\/ul>\n<p data-start=\"1356\" data-end=\"1461\">\ud83d\udcf8 <strong data-start=\"1359\" data-end=\"1375\">Prave fotografije:<\/strong> Slike u ovom popisu prikazuju <strong data-start=\"1412\" data-end=\"1443\">to\u010dan artikl koji \u0107ete dobiti<\/strong> \u2013 bez iznena\u0111enja!<\/p>\n<p data-start=\"1463\" data-end=\"1613\">\u2753 <strong data-start=\"1465\" data-end=\"1479\">Trebate li pomo\u0107?<\/strong> Iako ne pru\u017eamo upute za instalaciju, slobodno nam <strong data-start=\"1543\" data-end=\"1557\">po\u0161aljite poruku<\/strong> ako trebate pomo\u0107 prije ili nakon kupnje.<\/p>\n<p data-start=\"1615\" data-end=\"1732\">\ud83d\udce6 <strong data-start=\"1618\" data-end=\"1646\">Brza dostava diljem svijeta!<\/strong> Neka va\u0161e <strong data-start=\"1656\" data-end=\"1695\">stolno ra\u010dunalo radi br\u017ee i lak\u0161e<\/strong> s ovim <strong data-start=\"1706\" data-end=\"1729\">4GB DDR3 RAM modul<\/strong>.<\/p>\n","protected":false},"excerpt":{"rendered":"<p>Pobolj\u0161ajte performanse svoje radne povr\u0161ine s ovim <strong data-start=\"350\" data-end=\"385\">4 GB DDR3 1600MHz PC3-12800U RAM<\/strong>. Pouzdan i brz, ovaj <strong data-start=\"411\" data-end=\"433\">1Rx8 memorijski modul<\/strong> osigurava glatko obavljanje vi\u0161e zadataka i stabilnost sustava.<\/p>\n","protected":false},"featured_media":27481,"template":"","meta":[],"product_brand":[],"product_cat":[72,71],"product_tag":[],"class_list":{"0":"post-27432","1":"product","2":"type-product","3":"status-publish","4":"has-post-thumbnail","6":"product_cat-ddr3-ddr3l","7":"product_cat-ram-memory","9":"first","10":"instock","11":"taxable","12":"shipping-taxable","13":"purchasable","14":"product-type-simple"},"_links":{"self":[{"href":"https:\/\/boreait.com\/hr\/wp-json\/wp\/v2\/product\/27432","targetHints":{"allow":["GET"]}}],"collection":[{"href":"https:\/\/boreait.com\/hr\/wp-json\/wp\/v2\/product"}],"about":[{"href":"https:\/\/boreait.com\/hr\/wp-json\/wp\/v2\/types\/product"}],"wp:featuredmedia":[{"embeddable":true,"href":"https:\/\/boreait.com\/hr\/wp-json\/wp\/v2\/media\/27481"}],"wp:attachment":[{"href":"https:\/\/boreait.com\/hr\/wp-json\/wp\/v2\/media?parent=27432"}],"wp:term":[{"taxonomy":"product_brand","embeddable":true,"href":"https:\/\/boreait.com\/hr\/wp-json\/wp\/v2\/product_brand?post=27432"},{"taxonomy":"product_cat","embeddable":true,"href":"https:\/\/boreait.com\/hr\/wp-json\/wp\/v2\/product_cat?post=27432"},{"taxonomy":"product_tag","embeddable":true,"href":"https:\/\/boreait.com\/hr\/wp-json\/wp\/v2\/product_tag?post=27432"}],"curies":[{"name":"wp","href":"https:\/\/api.w.org\/{rel}","templated":true}]}}