{"id":27429,"date":"2025-07-25T13:23:47","date_gmt":"2025-07-25T13:23:47","guid":{"rendered":"https:\/\/boreait.com\/hr\/?post_type=product&#038;p=27429"},"modified":"2025-07-25T13:25:01","modified_gmt":"2025-07-25T13:25:01","slug":"personalizirano-3d-ispisano-srce-od-litofana-prilagodeni-foto-poklon-za-godisnjicu","status":"publish","type":"product","link":"https:\/\/boreait.com\/hr\/product\/personalizirano-3d-ispisano-srce-od-litofana-prilagodeni-foto-poklon-za-godisnjicu\/","title":{"rendered":"Personalizirano 3D ispisano srce od litofana &#8211; prilago\u0111eni foto-poklon za godi\u0161njicu"},"content":{"rendered":"<h4 data-start=\"231\" data-end=\"321\"><strong data-start=\"236\" data-end=\"319\">Prilago\u0111eno 3D ispisano srce Lithophane \u2013 Jedinstveni &amp; Ekolo\u0161ki prilago\u0111eni dar!<\/strong><\/h4>\n<p data-start=\"323\" data-end=\"592\">Tra\u017eite <strong data-start=\"337\" data-end=\"368\">poseban i zna\u010dajan dar<\/strong>? Ovaj <strong data-start=\"375\" data-end=\"402\">litofan u obliku srca<\/strong> je <strong data-start=\"408\" data-end=\"434\">jedinstvena uspomena<\/strong> koja lijepo prikazuje va\u0161u omiljenu fotografiju kada je osvijetljena. Savr\u0161eno za <strong data-start=\"511\" data-end=\"590\">Valentinovo, vjen\u010danja, godi\u0161njice, ro\u0111endane ili bilo koji poseban trenutak!<\/strong><\/p>\n<p data-start=\"594\" data-end=\"1012\">\ud83d\udc96 <strong data-start=\"597\" data-end=\"635\">Za\u0161to odabrati ovaj prilago\u0111eni litofan?<\/strong><br data-start=\"635\" data-end=\"638\" \/>\u2714 <strong data-start=\"640\" data-end=\"672\">Personalizirano s va\u0161om fotografijom<\/strong> \u2013 Zaista jedinstven i sentimentalan dar.<br data-start=\"711\" data-end=\"714\" \/>\u2714 <strong data-start=\"716\" data-end=\"744\">3D ispis visoke kvalitete<\/strong> \u2013 Izra\u0111en s precizno\u0161\u0107u za zadivljuju\u0107i svjetlosni efekt.<br data-start=\"795\" data-end=\"798\" \/>\u2714 <strong data-start=\"800\" data-end=\"820\">Odabir boja<\/strong> \u2013 Dostupno u <strong data-start=\"836\" data-end=\"854\">bijeloj ili zlatnoj.<\/strong><br data-start=\"854\" data-end=\"857\" \/>\u2714 <strong data-start=\"859\" data-end=\"900\">Ekolo\u0161ki prihvatljiv materijal \u2013 Izra\u0111eno od PLA<\/strong> \ud83c\udf31<br data-start=\"903\" data-end=\"906\" \/>\u2714 <strong data-start=\"908\" data-end=\"941\">Savr\u0161en dar za svaku priliku<\/strong> \u2013 Srda\u010dan dar za <strong data-start=\"968\" data-end=\"1010\">nju, njega, parove, obitelj ili prijatelje.<\/strong><\/p>\n<hr data-start=\"1014\" data-end=\"1017\" \/>\n<h3 data-start=\"1019\" data-end=\"1075\"><strong data-start=\"1023\" data-end=\"1073\">\u267b\ufe0f Ekolo\u0161ki prihvatljivo \u2013 izra\u0111eno od PLA \ud83c\udf3f<\/strong><\/h3>\n<p data-start=\"1076\" data-end=\"1412\">Ovaj je litofan 3D ispisan pomo\u0107u <strong data-start=\"1112\" data-end=\"1243\">PLA (polilakti\u010dke kiseline), biorazgradive termoplastike dobivene iz obnovljivih, organskih izvora kao \u0161to su kukuruzni \u0161krob ili \u0161e\u0107erna trska.<\/strong> Za razliku od konvencionalne plastike napravljene od fosilnih goriva, PLA se proizvodi pomo\u0107u <strong data-start=\"1319\" data-end=\"1410\">resursa biomase, \u0161to ga \u010dini odr\u017eivijim i ekolo\u0161ki odgovornijim izborom.<\/strong><\/p>\n<p data-start=\"1414\" data-end=\"1533\">Odabirom ovog proizvoda <strong data-start=\"1448\" data-end=\"1485\">podr\u017eavate ekolo\u0161ke materijale<\/strong> i smanjujete svoj utjecaj na okoli\u0161. \u267b\ufe0f<\/p>\n<hr data-start=\"1535\" data-end=\"1538\" \/>\n<h3 data-start=\"1540\" data-end=\"1566\"><strong data-start=\"1544\" data-end=\"1564\">\ud83d\udccc Kako naru\u010diti:<\/strong><\/h3>\n<p data-start=\"1567\" data-end=\"1808\">1\ufe0f\u20e3 <strong data-start=\"1571\" data-end=\"1591\">Naru\u010dite<\/strong> na eBayu.<br data-start=\"1600\" data-end=\"1603\" \/>2\ufe0f\u20e3 <strong data-start=\"1607\" data-end=\"1633\">Po\u0161alji svoju odabranu fotografiju<\/strong> putem eBay poruke ili e-po\u0161te.<br data-start=\"1660\" data-end=\"1663\" \/>3\ufe0f\u20e3 Pru\u017eit \u0107u vam <strong data-start=\"1682\" data-end=\"1712\">2 ili vi\u0161e opcija predlo\u017eaka<\/strong> koje mo\u017eete izabrati.<br data-start=\"1736\" data-end=\"1739\" \/>4\ufe0f\u20e3 Nakon \u0161to potvrdite, ja \u0107u <strong data-start=\"1768\" data-end=\"1806\">po\u010dnite 3D ispisivati svoj litofan.<\/strong><\/p>\n<p data-start=\"1810\" data-end=\"1874\">\ud83d\udccf <strong data-start=\"1813\" data-end=\"1822\">Veli\u010dina:<\/strong> 9 cm x 9 cm<br data-start=\"1834\" data-end=\"1837\" \/>\ud83c\udfa8 <strong data-start=\"1840\" data-end=\"1858\">Boja Opcije:<\/strong> bijela ili zlatna<\/p>\n<hr data-start=\"1876\" data-end=\"1879\" \/>\n<p data-start=\"1881\" data-end=\"2067\">\ud83d\udca1 <strong data-start=\"1884\" data-end=\"1901\">Kako radi:<\/strong><br data-start=\"1901\" data-end=\"1904\" \/>Ovaj <strong data-start=\"1909\" data-end=\"1934\">3D ispisani litofan<\/strong> koristi svjetlo kako bi otkrio va\u0161u fotografiju sa zapanjuju\u0107im detaljima. Postavite ga ispred <strong data-start=\"2010\" data-end=\"2040\">prozora, svjetiljke ili LED svjetla<\/strong> da vidite kako se magija doga\u0111a!<\/p>\n<p data-start=\"2069\" data-end=\"2310\">\ud83c\udf81 <strong data-start=\"2072\" data-end=\"2091\">Idealan dar za:<\/strong><br data-start=\"2091\" data-end=\"2094\" \/>\u2714 <strong data-start=\"2096\" data-end=\"2115\">Valentinovo<\/strong> \u2013 Iznenadite voljenu osobu posebnom uspomenom.<br data-start=\"2166\" data-end=\"2169\" \/>\u2714 <strong data-start=\"2171\" data-end=\"2199\">Obljetnice &amp; Vjen\u010danja<\/strong> \u2013 Bezvremenska uspomena u jedinstvenom obliku.<br data-start=\"2237\" data-end=\"2240\" \/>\u2714 <strong data-start=\"2242\" data-end=\"2273\">Ro\u0111endani &amp; Posebni trenuci<\/strong> \u2013 Stvorite dirljiv osobni dar.<\/p>\n<hr data-start=\"2312\" data-end=\"2315\" \/>\n<p data-start=\"2317\" data-end=\"2443\">\ud83d\udce6 <strong data-start=\"2320\" data-end=\"2346\">Obrada &amp; Dostava:<\/strong><br data-start=\"2346\" data-end=\"2349\" \/>\u2705 <strong data-start=\"2351\" data-end=\"2368\">Izra\u0111eno po narud\u017ebi<\/strong> s ljubavlju i pa\u017enjom.<br data-start=\"2388\" data-end=\"2391\" \/>\u2705 <strong data-start=\"2393\" data-end=\"2419\">Brzo &amp; sigurna dostava<\/strong>s [va\u0161a lokacija].<\/p>\n<p data-start=\"2445\" data-end=\"2513\">\ud83d\udcac <strong data-start=\"2448\" data-end=\"2466\">Imate pitanja?<\/strong> Slobodno mi po\u0161aljite poruku \u2013 rado \u0107u vam pomo\u0107i!<\/p>\n<hr data-start=\"2515\" data-end=\"2518\" \/>\n<p data-start=\"2520\" data-end=\"2582\">\ud83d\udd39 <strong data-start=\"2523\" data-end=\"2577\">Ru\u010dno izra\u0111eno s pa\u017enjom \u2013 dar koji traje cijeli \u017eivot!<\/strong> \ud83d\udd39<\/p>\n","protected":false},"excerpt":{"rendered":"<p>Prilago\u0111eno 3D ispisano srce Lithophane \u2013 Jedinstveni &amp; Ekolo\u0161ki prilago\u0111eni dar! Tra\u017eite poseban i zna\u010dajan dar? Ovaj litofan u obliku srca je jedinstvena uspomena koja lijepo prikazuje va\u0161u omiljenu fotografiju kada je osvijetljena. Savr\u0161eno za Valentinovo, vjen\u010danja, godi\u0161njice, ro\u0111endane ili bilo koji poseban trenutak! \ud83d\udc96 Za\u0161to odabrati ovaj prilago\u0111eni litofan?\u2714 Personalizirano s va\u0161om fotografijom \u2013 [&hellip;]<\/p>\n","protected":false},"featured_media":27478,"template":"","meta":[],"product_brand":[],"product_cat":[15],"product_tag":[],"class_list":{"0":"post-27429","1":"product","2":"type-product","3":"status-publish","4":"has-post-thumbnail","6":"product_cat-uncategorized","8":"first","9":"instock","10":"taxable","11":"shipping-taxable","12":"purchasable","13":"product-type-simple"},"_links":{"self":[{"href":"https:\/\/boreait.com\/hr\/wp-json\/wp\/v2\/product\/27429","targetHints":{"allow":["GET"]}}],"collection":[{"href":"https:\/\/boreait.com\/hr\/wp-json\/wp\/v2\/product"}],"about":[{"href":"https:\/\/boreait.com\/hr\/wp-json\/wp\/v2\/types\/product"}],"wp:featuredmedia":[{"embeddable":true,"href":"https:\/\/boreait.com\/hr\/wp-json\/wp\/v2\/media\/27478"}],"wp:attachment":[{"href":"https:\/\/boreait.com\/hr\/wp-json\/wp\/v2\/media?parent=27429"}],"wp:term":[{"taxonomy":"product_brand","embeddable":true,"href":"https:\/\/boreait.com\/hr\/wp-json\/wp\/v2\/product_brand?post=27429"},{"taxonomy":"product_cat","embeddable":true,"href":"https:\/\/boreait.com\/hr\/wp-json\/wp\/v2\/product_cat?post=27429"},{"taxonomy":"product_tag","embeddable":true,"href":"https:\/\/boreait.com\/hr\/wp-json\/wp\/v2\/product_tag?post=27429"}],"curies":[{"name":"wp","href":"https:\/\/api.w.org\/{rel}","templated":true}]}}