{"id":27405,"date":"2025-07-25T13:23:01","date_gmt":"2025-07-25T13:23:01","guid":{"rendered":"https:\/\/boreait.com\/hr\/?post_type=product&#038;p=27405"},"modified":"2025-07-25T13:24:33","modified_gmt":"2025-07-25T13:24:33","slug":"dell-latitude-5480-14-originalna-americka-tipkovnica-94f68-pk1313d1a00-oem","status":"publish","type":"product","link":"https:\/\/boreait.com\/hr\/product\/dell-latitude-5480-14-originalna-americka-tipkovnica-94f68-pk1313d1a00-oem\/","title":{"rendered":"Dell Latitude 5480 14&#8243; originalna ameri\u010dka tipkovnica 94F68 PK1313D1A00 OEM"},"content":{"rendered":"<p>Tra\u017eite <strong>originalnu zamjensku tipkovnicu<\/strong> za svoj <strong>Dell Latitude 5480<\/strong>? Ova <strong>OEM ameri\u010dka tipkovnica<\/strong> (sa slovenskim laserskim graviranjem) (Broj dijela: <strong>94F68, PK1313D1A00<\/strong>) dizajnirana je da savr\u0161eno pristaje i pru\u017ea glatko iskustvo tipkanja.<\/p>\n<h4><strong>Klju\u010dne zna\u010dajke:<\/strong><\/h4>\n<p>\u2714 <strong>100% originalna Dell tipkovnica<\/strong> \u2013 nije generi\u010dka zamjena<\/p>\n<p>\u2714 <strong>Ameri\u010dki izgled sa slovenskim laserskim graviranjem<\/strong> \u2013 standardni QWERTY format<\/p>\n<p>\u2714 <strong>Izdr\u017eljiv &amp; Responzivan<\/strong>\u2013 Napravljen za dugotrajnu izvedbu<\/p>\n<p>\u2714 <strong>Jednostavna instalacija<\/strong> \u2013 Izravno pristajanje za Dell Latitude 5480<\/p>\n<p>\ud83d\udccc <strong>Stanje<\/strong>: rabljeno, ali potpuno funkcionalno. <strong>Fotografije su stvarne!<\/strong> Ono \u0161to vidite je upravo ono \u0161to \u0107ete i dobiti.<\/p>\n<p>\ud83d\udca1 <em>Trebate li pomo\u0107? Slobodno nam po\u0161aljite poruku za pitanja o kompatibilnosti &#8211; rado \u0107emo vam pomo\u0107i!<\/em><\/p>\n","protected":false},"excerpt":{"rendered":"<p>Nadogradite svoj <strong>Dell Latitude 5480<\/strong> ovom <strong>originalnom ameri\u010dkom tipkovnicom<\/strong>. Ova <strong>OEM zamjena<\/strong> osigurava besprijekornu izvedbu i izdr\u017eljivost. <strong>Prave fotografije\u2014ono \u0161to vidite to i dobijete!<\/strong><\/p>\n","protected":false},"featured_media":27453,"template":"","meta":[],"product_brand":[],"product_cat":[70],"product_tag":[52],"class_list":{"0":"post-27405","1":"product","2":"type-product","3":"status-publish","4":"has-post-thumbnail","6":"product_cat-laptop-keyboard","7":"product_tag-dell","9":"first","10":"instock","11":"taxable","12":"shipping-taxable","13":"purchasable","14":"product-type-simple"},"_links":{"self":[{"href":"https:\/\/boreait.com\/hr\/wp-json\/wp\/v2\/product\/27405","targetHints":{"allow":["GET"]}}],"collection":[{"href":"https:\/\/boreait.com\/hr\/wp-json\/wp\/v2\/product"}],"about":[{"href":"https:\/\/boreait.com\/hr\/wp-json\/wp\/v2\/types\/product"}],"wp:featuredmedia":[{"embeddable":true,"href":"https:\/\/boreait.com\/hr\/wp-json\/wp\/v2\/media\/27453"}],"wp:attachment":[{"href":"https:\/\/boreait.com\/hr\/wp-json\/wp\/v2\/media?parent=27405"}],"wp:term":[{"taxonomy":"product_brand","embeddable":true,"href":"https:\/\/boreait.com\/hr\/wp-json\/wp\/v2\/product_brand?post=27405"},{"taxonomy":"product_cat","embeddable":true,"href":"https:\/\/boreait.com\/hr\/wp-json\/wp\/v2\/product_cat?post=27405"},{"taxonomy":"product_tag","embeddable":true,"href":"https:\/\/boreait.com\/hr\/wp-json\/wp\/v2\/product_tag?post=27405"}],"curies":[{"name":"wp","href":"https:\/\/api.w.org\/{rel}","templated":true}]}}