{"id":27309,"date":"2025-07-25T13:20:11","date_gmt":"2025-07-25T13:20:11","guid":{"rendered":"https:\/\/boreait.com\/hr\/?post_type=product&#038;p=27309"},"modified":"2026-02-08T07:24:38","modified_gmt":"2026-02-08T07:24:38","slug":"originalni-dell-precision-4800-cpu-hladnjak-i-ventilator-at0w10010vl-0v1k7v","status":"publish","type":"product","link":"https:\/\/boreait.com\/hr\/product\/originalni-dell-precision-4800-cpu-hladnjak-i-ventilator-at0w10010vl-0v1k7v\/","title":{"rendered":"Originalni Dell Precision 4800 CPU hladnjak i ventilator AT0W10010VL 0V1K7V"},"content":{"rendered":"<p>Pobolj\u0161ajte svoj <strong>Dell Precision 4800<\/strong> s ovim <strong>originalnim CPU sklopom hladnjaka i ventilatora (AT0W10010VL | 0V1K7V)<\/strong>. Napravljen za <strong>u\u010dinkovito hla\u0111enje<\/strong>, poma\u017ee u odr\u017eavanju <strong>optimalne temperature sustava<\/strong>, osiguravaju\u0107i nesmetan rad i produ\u017eeni \u017eivotni vijek va\u0161eg prijenosnog ra\u010dunala.<\/p>\n<h3><strong>Zna\u010dajke proizvoda:<\/strong><\/h3>\n<p>\u2714 <strong>Kompatibilni model:<\/strong> Dell Precision 4800<\/p>\n<p>\u2714 <strong>Brojevi dijelova:<\/strong> AT0W10010VL, 0V1K7V<\/p>\n<p>\u2714 <strong>Funkcija:<\/strong> U\u010dinkovito odvo\u0111enje topline za hla\u0111enje procesora<\/p>\n<p>\u2714 <strong>Stanje:<\/strong> originalan, testiran iu izvrsnom radnom stanju<\/p>\n<p>\u2714 <strong>\u0160to je uklju\u010deno:<\/strong> 1x hladnjak &amp; Sklop ventilatora (kao \u0161to je prikazano na stvarnim fotografijama)<\/p>\n<p>\ud83d\udd27 <strong>Upute za instalaciju nisu uklju\u010dene, ali slobodno nam se obratite za bilo kakvu pomo\u0107!<\/strong><\/p>\n<p>\ud83d\ude80 <strong>Dostupna je dostava diljem svijeta!<\/strong> Kupujte s povjerenjem \u2013 na\u0161e fotografije prikazuju to\u010dno ono \u0161to \u0107ete dobiti.<\/p>\n","protected":false},"excerpt":{"rendered":"<p>Neka va\u0161 <strong>Dell Precision 4800<\/strong> radi hladan uz ovaj <strong>originalni CPU hladnjak i ventilator<\/strong> (AT0W10010VL | 0V1K7V). Dizajniran za optimalnu disipaciju topline, osigurava stabilne performanse i dugovje\u010dnost. <strong>Uklju\u010dene su prave fotografije \u2013 ono \u0161to vidite to i dobijete!<\/strong><\/p>\n","protected":false},"featured_media":27374,"template":"","meta":[],"product_brand":[],"product_cat":[68],"product_tag":[52],"class_list":{"0":"post-27309","1":"product","2":"type-product","3":"status-publish","4":"has-post-thumbnail","6":"product_cat-cpu-fans-heatsinks","7":"product_tag-dell","9":"first","10":"instock","11":"taxable","12":"shipping-taxable","13":"purchasable","14":"product-type-simple"},"_links":{"self":[{"href":"https:\/\/boreait.com\/hr\/wp-json\/wp\/v2\/product\/27309","targetHints":{"allow":["GET"]}}],"collection":[{"href":"https:\/\/boreait.com\/hr\/wp-json\/wp\/v2\/product"}],"about":[{"href":"https:\/\/boreait.com\/hr\/wp-json\/wp\/v2\/types\/product"}],"wp:featuredmedia":[{"embeddable":true,"href":"https:\/\/boreait.com\/hr\/wp-json\/wp\/v2\/media\/27374"}],"wp:attachment":[{"href":"https:\/\/boreait.com\/hr\/wp-json\/wp\/v2\/media?parent=27309"}],"wp:term":[{"taxonomy":"product_brand","embeddable":true,"href":"https:\/\/boreait.com\/hr\/wp-json\/wp\/v2\/product_brand?post=27309"},{"taxonomy":"product_cat","embeddable":true,"href":"https:\/\/boreait.com\/hr\/wp-json\/wp\/v2\/product_cat?post=27309"},{"taxonomy":"product_tag","embeddable":true,"href":"https:\/\/boreait.com\/hr\/wp-json\/wp\/v2\/product_tag?post=27309"}],"curies":[{"name":"wp","href":"https:\/\/api.w.org\/{rel}","templated":true}]}}