{"id":27284,"date":"2025-07-25T13:19:49","date_gmt":"2025-07-25T13:19:49","guid":{"rendered":"https:\/\/boreait.com\/hr\/?post_type=product&#038;p=27284"},"modified":"2025-07-25T13:20:54","modified_gmt":"2025-07-25T13:20:54","slug":"pojedinacna-tipka-tipkovnice-za-lenovo-thinkpad-l460-fru-04x0127","status":"publish","type":"product","link":"https:\/\/boreait.com\/hr\/product\/pojedinacna-tipka-tipkovnice-za-lenovo-thinkpad-l460-fru-04x0127\/","title":{"rendered":"Pojedina\u010dna tipka tipkovnice za Lenovo ThinkPad L460 FRU 04X0127"},"content":{"rendered":"<p><strong>OVO JE POPIS ZA POJEDINA\u010cNU TIPKOVNICU!<\/strong><\/p>\n<p>Tra\u017eite <strong>zamjensku tipkovnicu<\/strong> za svoj Lenovo ThinkPad L460? Ova <strong>originalna Lenovo tipkovnica (FRU 04X0127)<\/strong> savr\u0161eno odgovara va\u0161em prijenosnom ra\u010dunalu, nude\u0107i iste <strong>pouzdane performanse i ugodno iskustvo tipkanja<\/strong> kao i original.<\/p>\n<h4><strong>Klju\u010dne zna\u010dajke:<\/strong><\/h4>\n<p>\u2714 <strong>Originalna tipkovnica Lenovo<\/strong> \u2013 FRU 04X0127, dizajnirana posebno za ThinkPad L460.<\/p>\n<p>\u2714 <strong>Savr\u0161eno pristajanje &amp; Funkcionalnost<\/strong>\u2013 Responzivne tipke, izdr\u017eljiva izrada i besprijekorna kompatibilnost.<\/p>\n<p>\u2714 <strong>Visokokvalitetni materijali<\/strong> \u2013 Izra\u0111eni da traju, osiguravaju glatko i u\u010dinkovito iskustvo tipkanja.<\/p>\n<p>\u2714 <strong>Prave fotografije<\/strong> \u2013 Slike u ovom popisu prikazuju <strong>stvarni proizvod<\/strong> koji \u0107ete dobiti.<\/p>\n<p>\u2714 <strong>Dostava diljem svijeta<\/strong> \u2013 brza, sigurna dostava diljem <strong>Europe i svijeta<\/strong>.<\/p>\n<p>Ova tipkovnica <strong>ne uklju\u010duje upute za zamjenu<\/strong>, ali ako trebate pomo\u0107, slobodno nam <strong>po\u0161aljite poruku<\/strong>.<\/p>\n<p><strong>Kupujte s povjerenjem na Siggmo.com \u2013 va\u0161em pouzdanom izvoru vrhunskih dijelova za prijenosna ra\u010dunala!<\/strong><\/p>\n","protected":false},"excerpt":{"rendered":"<p>Nadogradite svoj Lenovo ThinkPad L460 ovom <strong>originalnom tipkovnicom (FRU 04X0127)<\/strong>. Savr\u0161eno pristajanje, tipke visoke kvalitete i izdr\u017eljivi dizajn osiguravaju glatko tipkanje. <strong>Prave fotografije \u2013 ono \u0161to vidite to i dobijete!<\/strong><\/p>\n","protected":false},"featured_media":27340,"template":"","meta":[],"product_brand":[],"product_cat":[59],"product_tag":[],"class_list":{"0":"post-27284","1":"product","2":"type-product","3":"status-publish","4":"has-post-thumbnail","6":"product_cat-individual-keyboard-keys","8":"first","9":"instock","10":"taxable","11":"shipping-taxable","12":"purchasable","13":"product-type-simple"},"_links":{"self":[{"href":"https:\/\/boreait.com\/hr\/wp-json\/wp\/v2\/product\/27284","targetHints":{"allow":["GET"]}}],"collection":[{"href":"https:\/\/boreait.com\/hr\/wp-json\/wp\/v2\/product"}],"about":[{"href":"https:\/\/boreait.com\/hr\/wp-json\/wp\/v2\/types\/product"}],"wp:featuredmedia":[{"embeddable":true,"href":"https:\/\/boreait.com\/hr\/wp-json\/wp\/v2\/media\/27340"}],"wp:attachment":[{"href":"https:\/\/boreait.com\/hr\/wp-json\/wp\/v2\/media?parent=27284"}],"wp:term":[{"taxonomy":"product_brand","embeddable":true,"href":"https:\/\/boreait.com\/hr\/wp-json\/wp\/v2\/product_brand?post=27284"},{"taxonomy":"product_cat","embeddable":true,"href":"https:\/\/boreait.com\/hr\/wp-json\/wp\/v2\/product_cat?post=27284"},{"taxonomy":"product_tag","embeddable":true,"href":"https:\/\/boreait.com\/hr\/wp-json\/wp\/v2\/product_tag?post=27284"}],"curies":[{"name":"wp","href":"https:\/\/api.w.org\/{rel}","templated":true}]}}