{"id":27235,"date":"2025-07-25T13:19:03","date_gmt":"2025-07-25T13:19:03","guid":{"rendered":"https:\/\/boreait.com\/hr\/?post_type=product&#038;p=27235"},"modified":"2025-07-25T13:19:38","modified_gmt":"2025-07-25T13:19:38","slug":"maticna-ploca-prijenosnog-racunala-lenovo-thinkpad-type-l490-20q6-s87900-i5-7200u-cpu-gtx950m-gpu","status":"publish","type":"product","link":"https:\/\/boreait.com\/hr\/product\/maticna-ploca-prijenosnog-racunala-lenovo-thinkpad-type-l490-20q6-s87900-i5-7200u-cpu-gtx950m-gpu\/","title":{"rendered":"Mati\u010dna plo\u010da prijenosnog ra\u010dunala Lenovo ThinkPad Type L490 20Q6-S87900 &#8211; i5-7200U CPU GTX950M GPU"},"content":{"rendered":"<p><strong>Mati\u010dna plo\u010da za prijenosno ra\u010dunalo ThinkPad tipa 20Q6-S87900 \u2013 autenti\u010dna zamjena za prijenosna ra\u010dunala Lenovo<\/strong><\/p>\n<h1 data-pl=\"product-title\" data-tticheck=\"true\" data-spm-anchor-id=\"a2g0o.detail.0.i4.69997WeW7WeWex\">i5-7200U CPU GTX950M GPU<\/h1>\n<p>Ako tra\u017eite zamjensku mati\u010dnu plo\u010du visokih performansi za svoj Lenovo ThinkPad, <strong>ThinkPad tip 20Q6-S87900 mati\u010dna plo\u010da<\/strong> je savr\u0161eno rje\u0161enje. Ova originalna mati\u010dna plo\u010da osigurava da va\u0161e prijenosno ra\u010dunalo radi glatko i u\u010dinkovito, nude\u0107i besprijekorno iskustvo za va\u0161e dnevne zadatke.<\/p>\n<p><strong>Klju\u010dne zna\u010dajke &amp; Specifikacije:<\/strong><\/p>\n<ul>\n<li><strong>Kompatibilno s modelima Lenovo ThinkPad<\/strong> koji podr\u017eavaju ovaj broj dijela.<\/li>\n<li><strong>Originalni Lenovo dio<\/strong> \u2013 Osigurava visoku kvalitetu i pouzdanost.<\/li>\n<li><strong>Idealno za popravak ili nadogradnju prijenosnog ra\u010dunala<\/strong> \u2013 Bilo da mijenjate neispravnu mati\u010dnu plo\u010du ili nadogra\u0111ujete postoje\u0107e postavke, ova \u0107e mati\u010dna plo\u010da vratiti ili pobolj\u0161ati performanse va\u0161eg prijenosnog ra\u010dunala.<\/li>\n<li><strong>Potpuno funkcionalna<\/strong> \u2013 Ova je mati\u010dna plo\u010da rigorozno testirana na funkcionalnost, osiguravaju\u0107i da sve komponente rade optimalno.<\/li>\n<li><strong>Uklju\u010dene prave fotografije<\/strong> \u2013 Slike u ovom popisu odnose se na stvarnu mati\u010dnu plo\u010du koju \u0107ete dobiti.<\/li>\n<\/ul>\n<p>Napomena: Iako ne dajemo upute za instalaciju, slobodno se obratite ako trebate upute ili imate pitanja u vezi s instalacijom. Rado \u0107emo vam pomo\u0107i!<\/p>\n","protected":false},"excerpt":{"rendered":"<p><strong>Originalna mati\u010dna plo\u010da prijenosnog ra\u010dunala ThinkPad tipa 20Q6-S87900 \u2013 savr\u0161ena zamjena za prijenosna ra\u010dunala Lenovo.<\/strong><\/p>\n<p>Ova visokokvalitetna mati\u010dna plo\u010da izravna je zamjena za va\u0161 ThinkPad, osiguravaju\u0107i glatke performanse i dugovje\u010dnost. Idealan za popravak ili nadogradnju va\u0161eg prijenosnog ra\u010dunala, zajam\u010deno je da \u0107e biti potpuno funkcionalan i originalni je Lenovo dio.<\/p>\n","protected":false},"featured_media":27275,"template":"","meta":[],"product_brand":[],"product_cat":[62],"product_tag":[61],"class_list":{"0":"post-27235","1":"product","2":"type-product","3":"status-publish","4":"has-post-thumbnail","6":"product_cat-motherboards-board-parts","7":"product_tag-lenovo","9":"first","10":"instock","11":"taxable","12":"shipping-taxable","13":"purchasable","14":"product-type-simple"},"_links":{"self":[{"href":"https:\/\/boreait.com\/hr\/wp-json\/wp\/v2\/product\/27235","targetHints":{"allow":["GET"]}}],"collection":[{"href":"https:\/\/boreait.com\/hr\/wp-json\/wp\/v2\/product"}],"about":[{"href":"https:\/\/boreait.com\/hr\/wp-json\/wp\/v2\/types\/product"}],"wp:featuredmedia":[{"embeddable":true,"href":"https:\/\/boreait.com\/hr\/wp-json\/wp\/v2\/media\/27275"}],"wp:attachment":[{"href":"https:\/\/boreait.com\/hr\/wp-json\/wp\/v2\/media?parent=27235"}],"wp:term":[{"taxonomy":"product_brand","embeddable":true,"href":"https:\/\/boreait.com\/hr\/wp-json\/wp\/v2\/product_brand?post=27235"},{"taxonomy":"product_cat","embeddable":true,"href":"https:\/\/boreait.com\/hr\/wp-json\/wp\/v2\/product_cat?post=27235"},{"taxonomy":"product_tag","embeddable":true,"href":"https:\/\/boreait.com\/hr\/wp-json\/wp\/v2\/product_tag?post=27235"}],"curies":[{"name":"wp","href":"https:\/\/api.w.org\/{rel}","templated":true}]}}