{"id":27223,"date":"2025-07-25T13:18:40","date_gmt":"2025-07-25T13:18:40","guid":{"rendered":"https:\/\/boreait.com\/hr\/?post_type=product&#038;p=27223"},"modified":"2025-07-25T13:19:32","modified_gmt":"2025-07-25T13:19:32","slug":"lenovo-thinkpad-l490-20q6-s87900-ploca-s-gumbom-za-ukljucivanje-s-kabelom-ns-b463-originalni-dio-prijenosnog-racunala","status":"publish","type":"product","link":"https:\/\/boreait.com\/hr\/product\/lenovo-thinkpad-l490-20q6-s87900-ploca-s-gumbom-za-ukljucivanje-s-kabelom-ns-b463-originalni-dio-prijenosnog-racunala\/","title":{"rendered":"Lenovo ThinkPad L490 20Q6-S87900 plo\u010da s gumbom za uklju\u010divanje s kabelom NS-B463 &#8211; originalni dio prijenosnog ra\u010dunala"},"content":{"rendered":"<p>Vratite svoj Lenovo ThinkPad u \u017eivot s <strong>Lenovo 20Q6-S87900 plo\u010dom gumba za uklju\u010divanje s kabelom (NS-B463)<\/strong>\u2014 originalnim zamjenskim dijelom dizajniranim za besprijekornu kompatibilnost i dugotrajne performanse. Bez obzira na to je li gumb za napajanje va\u0161eg prijenosnog ra\u010dunala prestao reagirati ili je kabel o\u0161te\u0107en, ovaj <strong>originalni Lenovo dio<\/strong> idealno je rje\u0161enje.<\/p>\n<h4><strong>Klju\u010dne zna\u010dajke:<\/strong><\/h4>\n<p>\u2705 <strong>Originalna zamjena za Lenovo:<\/strong> 100% originalni dio, koji osigurava savr\u0161eno pristajanje i optimalnu izvedbu.<\/p>\n<p>\u2705 <strong>Kompatibilan s ThinkPad 20Q6-S87900:<\/strong> Dizajniran posebno za ovaj model kako bi jam\u010dio besprijekornu funkcionalnost.<\/p>\n<p>\u2705 <strong>Uklju\u010duje gumb za uklju\u010divanje &amp; Kabel:<\/strong> Potpuno zamjensko rje\u0161enje za probleme s gumbom za napajanje.<\/p>\n<p>\u2705 <strong>Visoka kvaliteta &amp; Izdr\u017eljiv:<\/strong> Napravljen da odgovara strogim standardima kvalitete tvrtke Lenovo.<\/p>\n<p>\u2705 <strong>Jednostavna instalacija:<\/strong> Zamijenite neispravnu plo\u010du gumba za uklju\u010divanje uz minimalan napor.<\/p>\n<p>\ud83d\udccc <strong>Napomena:<\/strong> ne dajemo upute za instalaciju, ali mo\u017eete nam poslati poruku za dodatnu podr\u0161ku ako je potrebna.<\/p>\n<p>\ud83d\udcf8 <strong>Prave fotografije:<\/strong> Slike u ovom popisu prikazuju stvarni dio koji \u0107ete dobiti, tako da mo\u017eete kupovati s povjerenjem!<\/p>\n<p><strong>Dostupna je dostava diljem svijeta!<\/strong> Naru\u010dite danas i brzo isporu\u010dite svoju <strong>Lenovo ThinkPad 20Q6-S87900 plo\u010du s gumbom za uklju\u010divanje s kabelom (NS-B463)<\/strong>. Ako imate pitanja, slobodno nam se obratite!<\/p>\n","protected":false},"excerpt":{"rendered":"<p>Vratite funkcionalnost svog Lenovo ThinkPada s ovom <strong>originalnom plo\u010dom tipke za napajanje Lenovo 20Q6-S87900 s kabelom (NS-B463).<\/strong> Savr\u0161en za zamjenu neispravne tipke za uklju\u010divanje, ovaj originalni dio osigurava pouzdan rad i besprijekornu kompatibilnost. <strong>Uklju\u010dene su prave fotografije proizvoda.<\/strong> Kupujte s povjerenjem!<\/p>\n","protected":false},"featured_media":27272,"template":"","meta":[],"product_brand":[],"product_cat":[62],"product_tag":[61],"class_list":{"0":"post-27223","1":"product","2":"type-product","3":"status-publish","4":"has-post-thumbnail","6":"product_cat-motherboards-board-parts","7":"product_tag-lenovo","9":"first","10":"instock","11":"taxable","12":"shipping-taxable","13":"purchasable","14":"product-type-simple"},"_links":{"self":[{"href":"https:\/\/boreait.com\/hr\/wp-json\/wp\/v2\/product\/27223","targetHints":{"allow":["GET"]}}],"collection":[{"href":"https:\/\/boreait.com\/hr\/wp-json\/wp\/v2\/product"}],"about":[{"href":"https:\/\/boreait.com\/hr\/wp-json\/wp\/v2\/types\/product"}],"wp:featuredmedia":[{"embeddable":true,"href":"https:\/\/boreait.com\/hr\/wp-json\/wp\/v2\/media\/27272"}],"wp:attachment":[{"href":"https:\/\/boreait.com\/hr\/wp-json\/wp\/v2\/media?parent=27223"}],"wp:term":[{"taxonomy":"product_brand","embeddable":true,"href":"https:\/\/boreait.com\/hr\/wp-json\/wp\/v2\/product_brand?post=27223"},{"taxonomy":"product_cat","embeddable":true,"href":"https:\/\/boreait.com\/hr\/wp-json\/wp\/v2\/product_cat?post=27223"},{"taxonomy":"product_tag","embeddable":true,"href":"https:\/\/boreait.com\/hr\/wp-json\/wp\/v2\/product_tag?post=27223"}],"curies":[{"name":"wp","href":"https:\/\/api.w.org\/{rel}","templated":true}]}}