{"id":26830,"date":"2025-07-25T13:12:06","date_gmt":"2025-07-25T13:12:06","guid":{"rendered":"https:\/\/boreait.com\/hr\/?post_type=product&#038;p=26830"},"modified":"2025-07-25T13:14:08","modified_gmt":"2025-07-25T13:14:08","slug":"8gb-2rx8-pc3-14900e-ram-ecc-desktop-memorija-m391b1g73qh0-rabljeni-dijelovi","status":"publish","type":"product","link":"https:\/\/boreait.com\/hr\/product\/8gb-2rx8-pc3-14900e-ram-ecc-desktop-memorija-m391b1g73qh0-rabljeni-dijelovi\/","title":{"rendered":"8GB 2Rx8 PC3-14900E RAM ECC Desktop memorija M391B1G73QH0 &#8211; rabljeni dijelovi"},"content":{"rendered":"<p>8 GB 2Rx8 PC3-14900E ECC\u00a0 RAM za stolno ra\u010dunalo (M391B1G73QH0)<\/p>\n<p>Poja\u010dajte performanse svoje radne povr\u0161ine s ovim 8GB 2Rx8 PC3-14900E RAM modulom. Idealan za pobolj\u0161anje mogu\u0107nosti multitaskinga i ukupne brzine sustava, ovaj memorijski modul je pouzdana zamjena za va\u0161e ra\u010dunalo.<\/p>\n<p><strong>Zna\u010dajke proizvoda:<\/strong><\/p>\n<p>&#8211; **Kompatibilnost:** Radi s kompatibilnim desktop sustavima koji zahtijevaju PC3-14900E RAM.<\/p>\n<p>&#8211; **Kapacitet:** 8 GB memorije, savr\u0161eno za pobolj\u0161anje performansi u zahtjevnim aplikacijama.<\/p>\n<p>&#8211; **Specifikacije:**<\/p>\n<p>&#8211; Tip: DDR3 ECC<\/p>\n<p>&#8211; Konfiguracija: 2Rx8<\/p>\n<p>&#8211; Brzina: PC3-14900E<\/p>\n<p>&#8211; Broj dijela: M391B1G73QH0.<\/p>\n<p>&#8211; **Stanje:** Fotografije u popisu prikazuju stvarni RAM modul koji \u0107ete dobiti.<\/p>\n<p><strong>Za\u0161to odabrati ovaj RAM modul?<\/strong><\/p>\n<p>&#8211; **Pobolj\u0161ane performanse:** Idealno za korisnike koji \u017eele pobolj\u0161ati brzinu i u\u010dinkovitost svog sustava.<\/p>\n<p>&#8211; **Izravna zamjena:** Dizajniran za jednostavnu instalaciju, osiguravaju\u0107i proces nadogradnje bez muke.<\/p>\n<p>&#8211; **Dostupnost diljem svijeta:** Nudimo dostavu diljem svijeta, s fokusom na Europu.<\/p>\n<p>Imajte na umu da upute za instalaciju nisu uklju\u010dene. Ako trebate pomo\u0107 pri instalaciji, slobodno nas kontaktirajte za daljnju podr\u0161ku. Predani smo tome da vam osiguramo nesmetano iskustvo zamjene.<\/p>\n<p>**Va\u017eno:** Fotografije u ovom popisu prikazuju to\u010dno onaj RAM modul koji \u0107ete dobiti. Svaki dio je temeljito pregledan kako bi se zajam\u010dila kvaliteta i izvedba.<\/p>\n","protected":false},"excerpt":{"rendered":"<p>8 GB 2Rx8 PC3-14900E RAM za stolno ra\u010dunalo \u2013 originalni zamjenski memorijski modul. Nadogradite performanse va\u0161eg stolnog ra\u010dunala s ovim pouzdanim RAM modulom, dizajniranim za pobolj\u0161anje multitaskinga i ukupne brzine sustava.<\/p>\n","protected":false},"featured_media":26895,"template":"","meta":[],"product_brand":[],"product_cat":[72,71],"product_tag":[],"class_list":{"0":"post-26830","1":"product","2":"type-product","3":"status-publish","4":"has-post-thumbnail","6":"product_cat-ddr3-ddr3l","7":"product_cat-ram-memory","9":"first","10":"instock","11":"taxable","12":"shipping-taxable","13":"purchasable","14":"product-type-simple"},"_links":{"self":[{"href":"https:\/\/boreait.com\/hr\/wp-json\/wp\/v2\/product\/26830","targetHints":{"allow":["GET"]}}],"collection":[{"href":"https:\/\/boreait.com\/hr\/wp-json\/wp\/v2\/product"}],"about":[{"href":"https:\/\/boreait.com\/hr\/wp-json\/wp\/v2\/types\/product"}],"wp:featuredmedia":[{"embeddable":true,"href":"https:\/\/boreait.com\/hr\/wp-json\/wp\/v2\/media\/26895"}],"wp:attachment":[{"href":"https:\/\/boreait.com\/hr\/wp-json\/wp\/v2\/media?parent=26830"}],"wp:term":[{"taxonomy":"product_brand","embeddable":true,"href":"https:\/\/boreait.com\/hr\/wp-json\/wp\/v2\/product_brand?post=26830"},{"taxonomy":"product_cat","embeddable":true,"href":"https:\/\/boreait.com\/hr\/wp-json\/wp\/v2\/product_cat?post=26830"},{"taxonomy":"product_tag","embeddable":true,"href":"https:\/\/boreait.com\/hr\/wp-json\/wp\/v2\/product_tag?post=26830"}],"curies":[{"name":"wp","href":"https:\/\/api.w.org\/{rel}","templated":true}]}}