{"id":26829,"date":"2025-07-25T13:12:06","date_gmt":"2025-07-25T13:12:06","guid":{"rendered":"https:\/\/boreait.com\/hr\/?post_type=product&#038;p=26829"},"modified":"2025-07-25T13:14:03","modified_gmt":"2025-07-25T13:14:03","slug":"dell-latitude-e7250-dvopojasna-bezicna-ac-7265ngw-kartica-zamjenski-dio","status":"publish","type":"product","link":"https:\/\/boreait.com\/hr\/product\/dell-latitude-e7250-dvopojasna-bezicna-ac-7265ngw-kartica-zamjenski-dio\/","title":{"rendered":"Dell Latitude E7250 dvopojasna be\u017ei\u010dna AC 7265NGW kartica &#8211; zamjenski dio"},"content":{"rendered":"<p>Dvopojasna be\u017ei\u010dna AC 7265NGW kartica Dell Latitude E7250<\/p>\n<p>Nadogradite ili zamijenite svoju postoje\u0107u be\u017ei\u010dnu karticu u Dell Latitude E7250 ovom Dual Band Wireless AC 7265NGW karticom. Nudi pobolj\u0161anu brzinu i stabilnost za Wi-Fi veze, \u0161to ga \u010dini idealnim rje\u0161enjem za korisnike koji imaju problema s povezivanjem.<\/p>\n<p>**Zna\u010dajke proizvoda:**<\/p>\n<p>&#8211; **Kompatibilnost:** Posebno dizajnirano za model Dell Latitude E7250.<\/p>\n<p>&#8211; **Broj dijela:** 7265NGW.<\/p>\n<p>&#8211; **Dvostruki pojas:** podr\u017eava pojaseve od 2,4 GHz i 5 GHz za br\u017ee i stabilnije veze.<\/p>\n<p>&#8211; **Wi-Fi standard:** 802.11ac za pouzdane be\u017ei\u010dne brzine i performanse.<\/p>\n<p>**Za\u0161to odabrati ovu be\u017ei\u010dnu karticu?**<\/p>\n<p>&#8211; **Vra\u0107a povezanost:** Savr\u0161eno za zamjenu neispravnih ili zastarjelih be\u017ei\u010dnih kartica.<\/p>\n<p>&#8211; **Brzo i pouzdano:** Pobolj\u0161ava Wi-Fi izvedbu, smanjuju\u0107i ispadanje i probleme s vezom.<\/p>\n<p>&#8211; **Globalna dostava:** dostupna za dostavu diljem svijeta, s fokusom na Europu.<\/p>\n<p>Imajte na umu da upute za instalaciju nisu prilo\u017eene. Ako trebate pomo\u0107 pri instalaciji, slobodno nas kontaktirajte za podr\u0161ku. Na\u0161 tim je tu da vam pomogne.<\/p>\n<p>**Va\u017eno:** Fotografije u ovom popisu prikazuju to\u010dnu be\u017ei\u010dnu karticu koju \u0107ete dobiti, \u010dime se osigurava transparentnost i zadovoljstvo.<\/p>\n","protected":false},"excerpt":{"rendered":"<p>Dell Latitude E7250 Dual Band Wireless AC 7265NGW kartica. Pobolj\u0161ajte svoju be\u017ei\u010dnu izvedbu s ovim pouzdanim zamjenskim dijelom, dizajniranim za vra\u0107anje brze, stabilne Wi-Fi veze.<\/p>\n","protected":false},"featured_media":26888,"template":"","meta":[],"product_brand":[],"product_cat":[62],"product_tag":[52],"class_list":{"0":"post-26829","1":"product","2":"type-product","3":"status-publish","4":"has-post-thumbnail","6":"product_cat-motherboards-board-parts","7":"product_tag-dell","9":"first","10":"instock","11":"taxable","12":"shipping-taxable","13":"purchasable","14":"product-type-simple"},"_links":{"self":[{"href":"https:\/\/boreait.com\/hr\/wp-json\/wp\/v2\/product\/26829","targetHints":{"allow":["GET"]}}],"collection":[{"href":"https:\/\/boreait.com\/hr\/wp-json\/wp\/v2\/product"}],"about":[{"href":"https:\/\/boreait.com\/hr\/wp-json\/wp\/v2\/types\/product"}],"wp:featuredmedia":[{"embeddable":true,"href":"https:\/\/boreait.com\/hr\/wp-json\/wp\/v2\/media\/26888"}],"wp:attachment":[{"href":"https:\/\/boreait.com\/hr\/wp-json\/wp\/v2\/media?parent=26829"}],"wp:term":[{"taxonomy":"product_brand","embeddable":true,"href":"https:\/\/boreait.com\/hr\/wp-json\/wp\/v2\/product_brand?post=26829"},{"taxonomy":"product_cat","embeddable":true,"href":"https:\/\/boreait.com\/hr\/wp-json\/wp\/v2\/product_cat?post=26829"},{"taxonomy":"product_tag","embeddable":true,"href":"https:\/\/boreait.com\/hr\/wp-json\/wp\/v2\/product_tag?post=26829"}],"curies":[{"name":"wp","href":"https:\/\/api.w.org\/{rel}","templated":true}]}}