{"id":26818,"date":"2025-07-25T13:11:40","date_gmt":"2025-07-25T13:11:40","guid":{"rendered":"https:\/\/boreait.com\/hr\/?post_type=product&#038;p=26818"},"modified":"2025-07-25T13:13:57","modified_gmt":"2025-07-25T13:13:57","slug":"dd00galc021-l90419-001-lcd-kabel-lvds-40pin-za-hp-chromebook-14-g6-bez-dodira","status":"publish","type":"product","link":"https:\/\/boreait.com\/hr\/product\/dd00galc021-l90419-001-lcd-kabel-lvds-40pin-za-hp-chromebook-14-g6-bez-dodira\/","title":{"rendered":"DD00GALC021 L90419-001 LCD kabel LVDS 40Pin za HP Chromebook 14 G6 (bez dodira)"},"content":{"rendered":"<p>LCD kabel LVDS 40-pinski (DD00GALC021, L90419-001) za HP Chromebook 14 G6 (bez dodira)<\/p>\n<p>Ovaj originalni zamjenski LCD kabel (brojevi dijelova DD00GALC021, L90419-001) dizajniran je za prijenosna ra\u010dunala HP Chromebook 14 G6 (bez dodira). Povezuje mati\u010dnu plo\u010du sa zaslonom prijenosnog ra\u010dunala, vra\u0107aju\u0107i funkcionalnost zaslona va\u0161eg ure\u0111aja ako je originalni kabel o\u0161te\u0107en ili istro\u0161en.<\/p>\n<p>**Zna\u010dajke proizvoda:**<\/p>\n<p>&#8211; **Kompatibilnost:** Posebno za modele HP Chromebook 14 G6 (bez dodira).<\/p>\n<p>&#8211; **Brojevi dijelova:** DD00GALC021, L90419-001.<\/p>\n<p>&#8211; **Tip:** LVDS kabel s 40-pinskim konektorom.<\/p>\n<p>&#8211; **Stanje:** Rabljeno, potpuno funkcionalno i temeljito provjerena kvaliteta. Prilo\u017eene fotografije prikazuju stvarni proizvod.<\/p>\n<p>**Za\u0161to odabrati ovaj kabel?**<\/p>\n<p>&#8211; **Vra\u0107a funkcionalnost zaslona:** Idealno za zamjenu neispravnih ili o\u0161te\u0107enih LCD kabela koji uzrokuju probleme sa zaslonom.<\/p>\n<p>&#8211; **Izravna zamjena:** savr\u0161eno pristaje bez potrebe za preinakama.<\/p>\n<p>&#8211; **Dostava diljem svijeta:** Dostupno za globalnu dostavu, primarno usmjereno na Europu.<\/p>\n<p>Imajte na umu da upute za instalaciju nisu uklju\u010dene. Me\u0111utim, ako trebate dodatnu pomo\u0107 s instalacijom, slobodno nam se obratite za smjernice.<\/p>\n<p>**Va\u017eno:** Slike u ovom popisu predstavljaju stvarni kabel koji \u0107ete dobiti. Svaki kabel je provjeren za osiguranje kvalitete, \u010dime se osigurava da \u0107ete dobiti potpuno funkcionalan dio.<\/p>\n","protected":false},"excerpt":{"rendered":"<p>LCD kabel LVDS 40-pin (DD00GALC021, L90419-001) za HP Chromebook 14 G6 (bez dodira). Originalni zamjenski kabel za vra\u0107anje veze zaslona i funkcionalnosti na va\u0161em HP Chromebooku 14 G6.<\/p>\n","protected":false},"featured_media":26886,"template":"","meta":[],"product_brand":[],"product_cat":[55],"product_tag":[60],"class_list":{"0":"post-26818","1":"product","2":"type-product","3":"status-publish","4":"has-post-thumbnail","6":"product_cat-cables","7":"product_tag-hp","9":"first","10":"instock","11":"taxable","12":"shipping-taxable","13":"purchasable","14":"product-type-simple"},"_links":{"self":[{"href":"https:\/\/boreait.com\/hr\/wp-json\/wp\/v2\/product\/26818","targetHints":{"allow":["GET"]}}],"collection":[{"href":"https:\/\/boreait.com\/hr\/wp-json\/wp\/v2\/product"}],"about":[{"href":"https:\/\/boreait.com\/hr\/wp-json\/wp\/v2\/types\/product"}],"wp:featuredmedia":[{"embeddable":true,"href":"https:\/\/boreait.com\/hr\/wp-json\/wp\/v2\/media\/26886"}],"wp:attachment":[{"href":"https:\/\/boreait.com\/hr\/wp-json\/wp\/v2\/media?parent=26818"}],"wp:term":[{"taxonomy":"product_brand","embeddable":true,"href":"https:\/\/boreait.com\/hr\/wp-json\/wp\/v2\/product_brand?post=26818"},{"taxonomy":"product_cat","embeddable":true,"href":"https:\/\/boreait.com\/hr\/wp-json\/wp\/v2\/product_cat?post=26818"},{"taxonomy":"product_tag","embeddable":true,"href":"https:\/\/boreait.com\/hr\/wp-json\/wp\/v2\/product_tag?post=26818"}],"curies":[{"name":"wp","href":"https:\/\/api.w.org\/{rel}","templated":true}]}}