{"id":26801,"date":"2025-07-25T13:11:11","date_gmt":"2025-07-25T13:11:11","guid":{"rendered":"https:\/\/boreait.com\/hr\/?post_type=product&#038;p=26801"},"modified":"2025-07-25T13:13:25","modified_gmt":"2025-07-25T13:13:25","slug":"dell-latitude-5500-e5500-lcd-zaslon-s-prednjim-okvirom-0pyh4j-pyh4j","status":"publish","type":"product","link":"https:\/\/boreait.com\/hr\/product\/dell-latitude-5500-e5500-lcd-zaslon-s-prednjim-okvirom-0pyh4j-pyh4j\/","title":{"rendered":"Dell Latitude 5500 E5500 LCD zaslon s prednjim okvirom 0PYH4J PYH4J"},"content":{"rendered":"<p>Prednji okvir LCD zaslona za Dell Latitude 5500 E5500 (0PYH4J PYH4J)<\/p>\n<p>Pobolj\u0161ajte izgled i funkcionalnost svog Dell Latitude 5500 E5500 ovim originalnim prednjim okvirom LCD zaslona. Ovaj okvir dizajniran je za zamjenu o\u0161te\u0107enih ili istro\u0161enih dijelova, pru\u017eaju\u0107i potrebnu za\u0161titu za va\u0161 LCD zaslon i osiguravaju\u0107i besprijekoran izgled.<\/p>\n<p>**Zna\u010dajke proizvoda:**<\/p>\n<p>&#8211; **Kompatibilnost:** Posebno dizajnirano za modele prijenosnih ra\u010dunala Dell Latitude 5500 E5500.<\/p>\n<p>&#8211; **Brojevi dijelova:** 0PYH4J, PYH4J.<\/p>\n<p>&#8211; **Kvaliteta:** Originalni zamjenski dio, koji osigurava savr\u0161eno pristajanje i izdr\u017eljivost.<\/p>\n<p>&#8211; **Stanje:** Pru\u017eene fotografije odnose se na stvarni dio koji \u0107ete dobiti i to\u010dno predstavljaju njegovo trenutno stanje.<\/p>\n<p>**Za\u0161to odabrati ovaj prednji obrub?**<\/p>\n<p>&#8211; **Vra\u0107a izgled:** Idealno za zamjenu istro\u0161enih ili o\u0161te\u0107enih okvira za odr\u017eavanje profesionalnog izgleda.<\/p>\n<p>&#8211; **Jednostavna instalacija:** Dizajniran za izravnu zamjenu, eliminiraju\u0107i potrebu za kompliciranim izmjenama.<\/p>\n<p>&#8211; **Dostupnost u cijelom svijetu:** Dostavljamo \u0161irom svijeta, fokusiraju\u0107i se na Europu.<\/p>\n<p>Imajte na umu da upute za instalaciju nisu prilo\u017eene. Ako trebate pomo\u0107 s instalacijom, slobodno se obratite za pomo\u0107. Ovdje smo kako bismo osigurali nesmetan proces zamjene.<\/p>\n<p>**Va\u017eno:** Fotografije u ovom popisu prikazuju to\u010dno onaj okvir koji \u0107ete dobiti. Svaki dio je temeljito pregledan kako bi se zajam\u010dila kvaliteta i zadovoljstvo kupaca.<\/p>\n","protected":false},"excerpt":{"rendered":"<p>Prednji okvir LCD zaslona za Dell Latitude 5500 E5500 (0PYH4J PYH4J) \u2013 Originalni zamjenski dio. Zamijenite o\u0161te\u0107eni ili istro\u0161eni okvir kako biste vratili izgled i za\u0161titu LCD zaslona.<\/p>\n","protected":false},"featured_media":26870,"template":"","meta":[],"product_brand":[],"product_cat":[51],"product_tag":[52],"class_list":{"0":"post-26801","1":"product","2":"type-product","3":"status-publish","4":"has-post-thumbnail","6":"product_cat-laptop-housing","7":"product_tag-dell","9":"first","10":"instock","11":"taxable","12":"shipping-taxable","13":"purchasable","14":"product-type-simple"},"_links":{"self":[{"href":"https:\/\/boreait.com\/hr\/wp-json\/wp\/v2\/product\/26801","targetHints":{"allow":["GET"]}}],"collection":[{"href":"https:\/\/boreait.com\/hr\/wp-json\/wp\/v2\/product"}],"about":[{"href":"https:\/\/boreait.com\/hr\/wp-json\/wp\/v2\/types\/product"}],"wp:featuredmedia":[{"embeddable":true,"href":"https:\/\/boreait.com\/hr\/wp-json\/wp\/v2\/media\/26870"}],"wp:attachment":[{"href":"https:\/\/boreait.com\/hr\/wp-json\/wp\/v2\/media?parent=26801"}],"wp:term":[{"taxonomy":"product_brand","embeddable":true,"href":"https:\/\/boreait.com\/hr\/wp-json\/wp\/v2\/product_brand?post=26801"},{"taxonomy":"product_cat","embeddable":true,"href":"https:\/\/boreait.com\/hr\/wp-json\/wp\/v2\/product_cat?post=26801"},{"taxonomy":"product_tag","embeddable":true,"href":"https:\/\/boreait.com\/hr\/wp-json\/wp\/v2\/product_tag?post=26801"}],"curies":[{"name":"wp","href":"https:\/\/api.w.org\/{rel}","templated":true}]}}