{"id":26787,"date":"2025-07-25T13:10:47","date_gmt":"2025-07-25T13:10:47","guid":{"rendered":"https:\/\/boreait.com\/hr\/?post_type=product&#038;p=26787"},"modified":"2025-07-25T13:12:55","modified_gmt":"2025-07-25T13:12:55","slug":"fujitsu-lifebook-u745-poklopac-tipkovnice-s-naslonom-za-dlan-s-dodirnom-podlogom-bez-gumba","status":"publish","type":"product","link":"https:\/\/boreait.com\/hr\/product\/fujitsu-lifebook-u745-poklopac-tipkovnice-s-naslonom-za-dlan-s-dodirnom-podlogom-bez-gumba\/","title":{"rendered":"Fujitsu LifeBook U745 poklopac tipkovnice s naslonom za dlan s dodirnom podlogom &#8211; bez gumba"},"content":{"rendered":"<p>Poklopac tipkovnice oslonca za dlanove s touchpadom za Fujitsu LifeBook U745 (bez gumba)<\/p>\n<p>Zamijenite oslonac za dlanove i podlogu osjetljivu na dodir va\u0161eg Fujitsu LifeBook U745 ovim originalnim poklopcem tipkovnice za oslonac za dlanove. Ovaj dio uklju\u010duje touchpad, ali **ne uklju\u010duje gumbe touchpada**. Savr\u0161en je za rje\u0161avanje tro\u0161enja, vra\u0107anje udobnosti i pobolj\u0161anje upotrebljivosti.<\/p>\n<p>**Zna\u010dajke proizvoda:**<\/p>\n<p>&#8211; **Kompatibilnost:** Dizajnirano posebno za model prijenosnog ra\u010dunala Fujitsu LifeBook U745.<\/p>\n<p>&#8211; **Uklju\u010duje:** poklopac tipkovnice oslonca za ruku s integriranim touchpadom (gumbi touchpada nisu uklju\u010deni).<\/p>\n<p>&#8211; **Stanje:** Pru\u017eene fotografije odnose se na stvarni dio koji \u0107ete dobiti, \u010dime se osigurava da znate to\u010dno stanje artikla.<\/p>\n<p>**Za\u0161to odabrati ovu navlaku za oslonac za ruku?**<\/p>\n<p>&#8211; **Vra\u0107a udobnost i funkcionalnost:** Idealno za korisnike koji imaju posla s istro\u0161enim ili o\u0161te\u0107enim osloncem za dlan ili dodirnom podlogom.<\/p>\n<p>&#8211; **Jednostavna instalacija:** Dizajnirano za izravno pristajanje bez modifikacija.<\/p>\n<p>&#8211; **Globalna dostava:** Dostupno za dostavu diljem svijeta s fokusom na Europu.<\/p>\n<p>Imajte na umu da upute za instalaciju nisu uklju\u010dene. Slobodno se obratite ako trebate bilo kakvu pomo\u0107 s instalacijom.<\/p>\n<p>**Va\u017eno:** Fotografije u ovom popisu prikazuju to\u010dan poklopac tipkovnice oslonca za dlan koji \u0107ete dobiti. Svaki dio je pregledan kako bi se osigurala kvaliteta i zadovoljstvo.<\/p>\n","protected":false},"excerpt":{"rendered":"<p>Poklopac tipkovnice s osloncem za dlanove s touchpadom za Fujitsu LifeBook U745 (bez gumba). Idealno za zamjenu o\u0161te\u0107enog ili istro\u0161enog oslonca za dlan i touchpada. Tipke na dodirnoj podlozi nisu uklju\u010dene.<\/p>\n","protected":false},"featured_media":26851,"template":"","meta":[],"product_brand":[],"product_cat":[51],"product_tag":[63],"class_list":{"0":"post-26787","1":"product","2":"type-product","3":"status-publish","4":"has-post-thumbnail","6":"product_cat-laptop-housing","7":"product_tag-fujitsu","9":"first","10":"instock","11":"taxable","12":"shipping-taxable","13":"purchasable","14":"product-type-simple"},"_links":{"self":[{"href":"https:\/\/boreait.com\/hr\/wp-json\/wp\/v2\/product\/26787","targetHints":{"allow":["GET"]}}],"collection":[{"href":"https:\/\/boreait.com\/hr\/wp-json\/wp\/v2\/product"}],"about":[{"href":"https:\/\/boreait.com\/hr\/wp-json\/wp\/v2\/types\/product"}],"wp:featuredmedia":[{"embeddable":true,"href":"https:\/\/boreait.com\/hr\/wp-json\/wp\/v2\/media\/26851"}],"wp:attachment":[{"href":"https:\/\/boreait.com\/hr\/wp-json\/wp\/v2\/media?parent=26787"}],"wp:term":[{"taxonomy":"product_brand","embeddable":true,"href":"https:\/\/boreait.com\/hr\/wp-json\/wp\/v2\/product_brand?post=26787"},{"taxonomy":"product_cat","embeddable":true,"href":"https:\/\/boreait.com\/hr\/wp-json\/wp\/v2\/product_cat?post=26787"},{"taxonomy":"product_tag","embeddable":true,"href":"https:\/\/boreait.com\/hr\/wp-json\/wp\/v2\/product_tag?post=26787"}],"curies":[{"name":"wp","href":"https:\/\/api.w.org\/{rel}","templated":true}]}}