{"id":26786,"date":"2025-07-25T13:10:47","date_gmt":"2025-07-25T13:10:47","guid":{"rendered":"https:\/\/boreait.com\/hr\/?post_type=product&#038;p=26786"},"modified":"2025-07-25T13:12:49","modified_gmt":"2025-07-25T13:12:49","slug":"fujitsu-lifebook-u745-poklopac-tipkovnice-s-naslonom-za-dlan-s-dodirnom-podlogom-i-gumbima","status":"publish","type":"product","link":"https:\/\/boreait.com\/hr\/product\/fujitsu-lifebook-u745-poklopac-tipkovnice-s-naslonom-za-dlan-s-dodirnom-podlogom-i-gumbima\/","title":{"rendered":"Fujitsu LifeBook U745 poklopac tipkovnice s naslonom za dlan s dodirnom podlogom i gumbima"},"content":{"rendered":"<p>Fujitsu LifeBook U745 poklopac tipkovnice s naslonom za dlanove s dodirnom podlogom i gumbima<\/p>\n<p>Vratite izvorni izgled i funkcionalnost svom Fujitsu LifeBook U745 s ovom kompletnom maskom za tipkovnicu s naslonom za dlan. Uklju\u010duje touchpad i oba gumba touchpada, \u0161to ga \u010dini savr\u0161enom zamjenom za istro\u0161ene ili o\u0161te\u0107ene dijelove.<\/p>\n<p>**Zna\u010dajke proizvoda:**<\/p>\n<p>&#8211; **Kompatibilnost:** Dizajniran posebno za prijenosno ra\u010dunalo Fujitsu LifeBook U745.<\/p>\n<p>&#8211; **Kompletan set:** uklju\u010duje oslonac za dlanove, dodirnu podlogu i gumbe dodirne podloge za punu funkcionalnost.<\/p>\n<p>&#8211; **Originalni dijelovi:** Izravna zamjena za va\u0161e originalne dijelove, osiguravaju\u0107i istu prilagodbu i funkcionalnost.<\/p>\n<p>&#8211; **Stanje:** Pru\u017eene fotografije odnose se na stvarni artikl koji \u0107ete dobiti.<\/p>\n<p>**Za\u0161to odabrati ovaj set naslona za ruku i dodirne podloge?**<\/p>\n<p>&#8211; **Potpuna zamjena:** Idealno za korisnike koji trebaju zamijeniti cijeli oslonac za dlanove, dodirnu podlogu i gumbe zbog istro\u0161enosti ili o\u0161te\u0107enja.<\/p>\n<p>&#8211; **Jednostavna instalacija:** nisu potrebne dodatne izmjene\u2014samo instalirajte i krenite.<\/p>\n<p>&#8211; **Dostava diljem svijeta:** dostupna za globalnu dostavu, s fokusom na Europu.<\/p>\n<p>Imajte na umu da ne dajemo upute za instalaciju. Ako trebate dodatnu pomo\u0107, slobodno nam se obratite za pomo\u0107.<\/p>\n<p>**Va\u017eno:** Fotografije u ovom popisu predstavljaju stvarni dio koji \u0107ete dobiti. Svi artikli su temeljito pregledani prije otpreme kako bi se osigurala kvaliteta.<\/p>\n","protected":false},"excerpt":{"rendered":"<p>Fujitsu LifeBook U745 poklopac tipkovnice s naslonom za dlanove s dodirnom podlogom i gumbima \u2013 originalna zamjena. Zamijenite svoj istro\u0161eni ili o\u0161te\u0107eni oslonac za dlan ovim kompletnim poklopcem, touchpadom i kompletom gumba.<\/p>\n","protected":false},"featured_media":26849,"template":"","meta":[],"product_brand":[],"product_cat":[51],"product_tag":[63],"class_list":{"0":"post-26786","1":"product","2":"type-product","3":"status-publish","4":"has-post-thumbnail","6":"product_cat-laptop-housing","7":"product_tag-fujitsu","9":"first","10":"instock","11":"taxable","12":"shipping-taxable","13":"purchasable","14":"product-type-simple"},"_links":{"self":[{"href":"https:\/\/boreait.com\/hr\/wp-json\/wp\/v2\/product\/26786","targetHints":{"allow":["GET"]}}],"collection":[{"href":"https:\/\/boreait.com\/hr\/wp-json\/wp\/v2\/product"}],"about":[{"href":"https:\/\/boreait.com\/hr\/wp-json\/wp\/v2\/types\/product"}],"wp:featuredmedia":[{"embeddable":true,"href":"https:\/\/boreait.com\/hr\/wp-json\/wp\/v2\/media\/26849"}],"wp:attachment":[{"href":"https:\/\/boreait.com\/hr\/wp-json\/wp\/v2\/media?parent=26786"}],"wp:term":[{"taxonomy":"product_brand","embeddable":true,"href":"https:\/\/boreait.com\/hr\/wp-json\/wp\/v2\/product_brand?post=26786"},{"taxonomy":"product_cat","embeddable":true,"href":"https:\/\/boreait.com\/hr\/wp-json\/wp\/v2\/product_cat?post=26786"},{"taxonomy":"product_tag","embeddable":true,"href":"https:\/\/boreait.com\/hr\/wp-json\/wp\/v2\/product_tag?post=26786"}],"curies":[{"name":"wp","href":"https:\/\/api.w.org\/{rel}","templated":true}]}}