{"id":26782,"date":"2025-07-25T13:10:46","date_gmt":"2025-07-25T13:10:46","guid":{"rendered":"https:\/\/boreait.com\/hr\/?post_type=product&#038;p=26782"},"modified":"2026-02-07T16:04:12","modified_gmt":"2026-02-07T16:04:12","slug":"desna-strana-sarke-zaslona-fujitsu-lifebook-u745-0524-rx-originalni-dio","status":"publish","type":"product","link":"https:\/\/boreait.com\/hr\/product\/desna-strana-sarke-zaslona-fujitsu-lifebook-u745-0524-rx-originalni-dio\/","title":{"rendered":"Desna strana \u0161arke zaslona Fujitsu Lifebook U745 0524 Rx Originalni dio"},"content":{"rendered":"<p>\u0160arka zaslona s desne strane za Fujitsu Lifebook U745 (0524 Rx)<\/p>\n<p>Ova originalna \u0161arka zaslona s desne strane izravna je zamjena za Fujitsu Lifebook U745. Dizajniran za zamjenu slomljenih, o\u0161te\u0107enih ili olabavljenih \u0161arki, osigurava glatko i sigurno pomicanje zaslona, omogu\u0107uju\u0107i vam da s povjerenjem koristite prijenosno ra\u010dunalo.<\/p>\n<p>**Zna\u010dajke proizvoda:**<\/p>\n<p>&#8211; **Kompatibilnost:** Posebno dizajnirano za Fujitsu Lifebook U745.<\/p>\n<p>&#8211; **Broj dijela:** 0524 Rx.<\/p>\n<p>&#8211; **Funkcionalnost:** Vra\u0107a glatko kretanje zaslona i sigurno pozicioniranje zamjenom istro\u0161enih ili o\u0161te\u0107enih \u0161arki.<\/p>\n<p>&#8211; **Kvaliteta:** Stvarne fotografije stvarnog dijela koji \u0107ete dobiti, osiguravaju\u0107i da \u0107ete dobiti to\u010dno ono \u0161to je prikazano.<\/p>\n<p>**Za\u0161to odabrati ovu \u0161arku?**<\/p>\n<p>&#8211; **Izdr\u017eljivost:** Ova je \u0161arka napravljena za dugotrajnu upotrebu, savr\u0161ena za prijenosna ra\u010dunala s o\u0161te\u0107enim ili labavim \u0161arkama.<\/p>\n<p>&#8211; **Izravna zamjena:** Nisu potrebne dodatne izmjene za instalaciju\u2014samo jednostavna zamjena.<\/p>\n<p>&#8211; **Globalna dostava:** Nudimo dostavu diljem svijeta, s fokusom na Europu.<\/p>\n<p>Upute za instalaciju nisu uklju\u010dene, ali rado \u0107emo pru\u017eiti smjernice ako su potrebne. Samo nam se obratite za podr\u0161ku.<\/p>\n<p>**Va\u017eno:** Fotografije u ovom popisu prikazuju to\u010dno onaj dio koji \u0107ete dobiti. Svi dijelovi su pa\u017eljivo pregledani prije otpreme kako bismo bili sigurni da zadovoljavaju va\u0161e potrebe.<\/p>\n","protected":false},"excerpt":{"rendered":"<p>\u0160arka zaslona s desne strane za Fujitsu Lifebook U745 (0524 Rx). Prava zamjena za o\u0161te\u0107ene ili labave \u0161arke, osiguravaju\u0107i sigurno pomicanje zaslona.<\/p>\n","protected":false},"featured_media":26845,"template":"","meta":[],"product_brand":[],"product_cat":[54],"product_tag":[63],"class_list":{"0":"post-26782","1":"product","2":"type-product","3":"status-publish","4":"has-post-thumbnail","6":"product_cat-screen-hinge","7":"product_tag-fujitsu","9":"first","10":"instock","11":"taxable","12":"shipping-taxable","13":"purchasable","14":"product-type-simple"},"_links":{"self":[{"href":"https:\/\/boreait.com\/hr\/wp-json\/wp\/v2\/product\/26782","targetHints":{"allow":["GET"]}}],"collection":[{"href":"https:\/\/boreait.com\/hr\/wp-json\/wp\/v2\/product"}],"about":[{"href":"https:\/\/boreait.com\/hr\/wp-json\/wp\/v2\/types\/product"}],"wp:featuredmedia":[{"embeddable":true,"href":"https:\/\/boreait.com\/hr\/wp-json\/wp\/v2\/media\/26845"}],"wp:attachment":[{"href":"https:\/\/boreait.com\/hr\/wp-json\/wp\/v2\/media?parent=26782"}],"wp:term":[{"taxonomy":"product_brand","embeddable":true,"href":"https:\/\/boreait.com\/hr\/wp-json\/wp\/v2\/product_brand?post=26782"},{"taxonomy":"product_cat","embeddable":true,"href":"https:\/\/boreait.com\/hr\/wp-json\/wp\/v2\/product_cat?post=26782"},{"taxonomy":"product_tag","embeddable":true,"href":"https:\/\/boreait.com\/hr\/wp-json\/wp\/v2\/product_tag?post=26782"}],"curies":[{"name":"wp","href":"https:\/\/api.w.org\/{rel}","templated":true}]}}