{"id":26779,"date":"2025-07-25T13:10:46","date_gmt":"2025-07-25T13:10:46","guid":{"rendered":"https:\/\/boreait.com\/hr\/?post_type=product&#038;p=26779"},"modified":"2026-02-07T14:36:08","modified_gmt":"2026-02-07T14:36:08","slug":"zamjena-sarke-zaslona-fujitsu-lifebook-u745-s-lijeve-strane-0525-lx","status":"publish","type":"product","link":"https:\/\/boreait.com\/hr\/product\/zamjena-sarke-zaslona-fujitsu-lifebook-u745-s-lijeve-strane-0525-lx\/","title":{"rendered":"Zamjena \u0161arke zaslona Fujitsu Lifebook U745 s lijeve strane 0525 Lx"},"content":{"rendered":"<p>\u0160arka zaslona s lijeve strane za Fujitsu Lifebook U745 (0525 Lx)<\/p>\n<p>Osigurajte ispravnu funkciju svog Fujitsu Lifebook U745 pomo\u0107u ove \u0161arke zaslona s lijeve strane. Ako se \u0161arka zaslona va\u0161eg prijenosnog ra\u010dunala olabavila, uko\u010dila ili slomila, ova originalna \u0161arka idealna je zamjena za vra\u0107anje glatkog kretanja zaslona i trajnosti.<\/p>\n<p>**Zna\u010dajke proizvoda:**<\/p>\n<p>&#8211; **Kompatibilnost:** Dizajnirano posebno za Fujitsu Lifebook U745.<\/p>\n<p>&#8211; **Broj dijela:** 0525 Lx.<\/p>\n<p>&#8211; **Funkcionalnost:** Savr\u0161eno za zamjenu istro\u0161enih ili o\u0161te\u0107enih \u0161arki lijevog zaslona.<\/p>\n<p>&#8211; **Izdr\u017eljivost:** visokokvalitetni dio koji osigurava dugotrajnu funkcionalnost.<\/p>\n<p>&#8211; **Stanje:** Na popisu su prikazane stvarne fotografije proizvoda koje odra\u017eavaju njegovo trenutno stanje.<\/p>\n<p>**Za\u0161to odabrati ovu \u0161arku zaslona?**<\/p>\n<p>&#8211; **Vra\u0107anje funkcionalnosti:** Idealno rje\u0161enje za prijenosna ra\u010dunala s neispravnim ili slomljenim lijevim \u0161arkama.<\/p>\n<p>&#8211; **Izravna zamjena:** Jednostavna i lagana instalacija za besprijekorno pomicanje zaslona.<\/p>\n<p>&#8211; **Globalna dostava:** dostupna za dostavu diljem svijeta, s fokusom na Europu.<\/p>\n<p>Imajte na umu da upute za instalaciju nisu uklju\u010dene. Ukoliko trebate pomo\u0107 oko instalacije, slobodno nas kontaktirajte. Rado \u0107emo pomo\u0107i<\/p>\n","protected":false},"excerpt":{"rendered":"<p>\u0160arka zaslona s lijeve strane za Fujitsu Lifebook U745 (0525 Lx). Zamijenite istro\u0161ene ili o\u0161te\u0107ene \u0161arke i vratite glatko kretanje zaslona na prijenosnom ra\u010dunalu.<\/p>\n","protected":false},"featured_media":26836,"template":"","meta":[],"product_brand":[],"product_cat":[54],"product_tag":[63],"class_list":{"0":"post-26779","1":"product","2":"type-product","3":"status-publish","4":"has-post-thumbnail","6":"product_cat-screen-hinge","7":"product_tag-fujitsu","9":"first","10":"instock","11":"taxable","12":"shipping-taxable","13":"purchasable","14":"product-type-simple"},"_links":{"self":[{"href":"https:\/\/boreait.com\/hr\/wp-json\/wp\/v2\/product\/26779","targetHints":{"allow":["GET"]}}],"collection":[{"href":"https:\/\/boreait.com\/hr\/wp-json\/wp\/v2\/product"}],"about":[{"href":"https:\/\/boreait.com\/hr\/wp-json\/wp\/v2\/types\/product"}],"wp:featuredmedia":[{"embeddable":true,"href":"https:\/\/boreait.com\/hr\/wp-json\/wp\/v2\/media\/26836"}],"wp:attachment":[{"href":"https:\/\/boreait.com\/hr\/wp-json\/wp\/v2\/media?parent=26779"}],"wp:term":[{"taxonomy":"product_brand","embeddable":true,"href":"https:\/\/boreait.com\/hr\/wp-json\/wp\/v2\/product_brand?post=26779"},{"taxonomy":"product_cat","embeddable":true,"href":"https:\/\/boreait.com\/hr\/wp-json\/wp\/v2\/product_cat?post=26779"},{"taxonomy":"product_tag","embeddable":true,"href":"https:\/\/boreait.com\/hr\/wp-json\/wp\/v2\/product_tag?post=26779"}],"curies":[{"name":"wp","href":"https:\/\/api.w.org\/{rel}","templated":true}]}}