{"id":26764,"date":"2025-07-25T13:10:22","date_gmt":"2025-07-25T13:10:22","guid":{"rendered":"https:\/\/boreait.com\/hr\/?post_type=product&#038;p=26764"},"modified":"2025-07-25T13:12:04","modified_gmt":"2025-07-25T13:12:04","slug":"rabljena-originalna-dell-latitude-e7250-tipkovnica-dell-p-n-0wvfrg-zamjena","status":"publish","type":"product","link":"https:\/\/boreait.com\/hr\/product\/rabljena-originalna-dell-latitude-e7250-tipkovnica-dell-p-n-0wvfrg-zamjena\/","title":{"rendered":"Rabljena originalna Dell Latitude E7250 tipkovnica Dell P\/N 0wvfrg Zamjena"},"content":{"rendered":"<p>Rabljena originalna Dell Latitude E7250 tipkovnica \u2013 Dell P\/N: 0wvfrg<\/p>\n<p>Nadogradite ili popravite svoj Dell Latitude E7250 ovom originalnom rabljenom tipkovnicom, Dell P\/N: 0wvfrg. Ova tipkovnica odli\u010dna je zamjenska opcija za rje\u0161avanje pokvarenih tipki, tipki koje ne reagiraju ili tipki koje nedostaju, osiguravaju\u0107i da \u0107e va\u0161e prijenosno ra\u010dunalo ostati potpuno funkcionalno.<\/p>\n<p>**Zna\u010dajke proizvoda:**<\/p>\n<p>&#8211; **Kompatibilnost:** Dizajniran posebno za model Dell Latitude E7250.<\/p>\n<p>&#8211; **Broj dijela:** Dell P\/N: 0wvfrg.<\/p>\n<p>&#8211; **Stanje:** Rabljeno i funkcionalno, spremno zamijeniti va\u0161u staru tipkovnicu.<\/p>\n<p>&#8211; **Pouzdana izvedba:** Vra\u0107a funkcionalnost tipkanja, sa stvarnim fotografijama koje prikazuju to\u010dno stanje dijela koji \u0107ete dobiti.<\/p>\n<p>**Za\u0161to odabrati ovu tipkovnicu?**<\/p>\n<p>&#8211; **Savr\u0161eno odgovara:** Izravna zamjena za va\u0161u postoje\u0107u Dell Latitude E7250 tipkovnicu.<\/p>\n<p>&#8211; **Bez dodatnih izmjena:** Jednostavna instalacija za brzo i jednostavno popravljanje.<\/p>\n<p>&#8211; **Dostava diljem svijeta:** dostupna za globalnu dostavu, s fokusom na Europu.<\/p>\n<p>Imajte na umu da upute za instalaciju nisu prilo\u017eene. Ako trebate pomo\u0107 pri instalaciji, slobodno nas kontaktirajte. Rado \u0107emo vam pomo\u0107i kroz proces.<\/p>\n<p>**Va\u017eno:** Fotografije u ovom popisu predstavljaju upravo onu tipkovnicu koju \u0107ete dobiti. Svaki dio je pregledan kako bismo bili sigurni da zadovoljava na\u0161e standarde kvalitete.<\/p>\n","protected":false},"excerpt":{"rendered":"<p>Rabljena originalna tipkovnica Dell Latitude E7250 \u2013 Dell P\/N: 0wvfrg. Ova tipkovnica savr\u0161ena je za zamjenu neispravnih ili istro\u0161enih tipki na va\u0161em Dell Latitude E7250, osiguravaju\u0107i pouzdano iskustvo tipkanja.<\/p>\n","protected":false},"featured_media":26827,"template":"","meta":[],"product_brand":[],"product_cat":[70],"product_tag":[52],"class_list":{"0":"post-26764","1":"product","2":"type-product","3":"status-publish","4":"has-post-thumbnail","6":"product_cat-laptop-keyboard","7":"product_tag-dell","9":"first","10":"instock","11":"taxable","12":"shipping-taxable","13":"purchasable","14":"product-type-simple"},"_links":{"self":[{"href":"https:\/\/boreait.com\/hr\/wp-json\/wp\/v2\/product\/26764","targetHints":{"allow":["GET"]}}],"collection":[{"href":"https:\/\/boreait.com\/hr\/wp-json\/wp\/v2\/product"}],"about":[{"href":"https:\/\/boreait.com\/hr\/wp-json\/wp\/v2\/types\/product"}],"wp:featuredmedia":[{"embeddable":true,"href":"https:\/\/boreait.com\/hr\/wp-json\/wp\/v2\/media\/26827"}],"wp:attachment":[{"href":"https:\/\/boreait.com\/hr\/wp-json\/wp\/v2\/media?parent=26764"}],"wp:term":[{"taxonomy":"product_brand","embeddable":true,"href":"https:\/\/boreait.com\/hr\/wp-json\/wp\/v2\/product_brand?post=26764"},{"taxonomy":"product_cat","embeddable":true,"href":"https:\/\/boreait.com\/hr\/wp-json\/wp\/v2\/product_cat?post=26764"},{"taxonomy":"product_tag","embeddable":true,"href":"https:\/\/boreait.com\/hr\/wp-json\/wp\/v2\/product_tag?post=26764"}],"curies":[{"name":"wp","href":"https:\/\/api.w.org\/{rel}","templated":true}]}}