{"id":26754,"date":"2025-07-25T13:09:56","date_gmt":"2025-07-25T13:09:56","guid":{"rendered":"https:\/\/boreait.com\/hr\/?post_type=product&#038;p=26754"},"modified":"2026-02-07T14:35:27","modified_gmt":"2026-02-07T14:35:27","slug":"rabljeni-originalni-dell-latitude-e7250-donja-vrata-08mv8d-8mv8d-dell-p-n-zamjena","status":"publish","type":"product","link":"https:\/\/boreait.com\/hr\/product\/rabljeni-originalni-dell-latitude-e7250-donja-vrata-08mv8d-8mv8d-dell-p-n-zamjena\/","title":{"rendered":"Rabljeni originalni Dell Latitude E7250 donja vrata 08MV8D 8MV8D Dell P\/N zamjena"},"content":{"rendered":"<p>Rabljena originalna donja vrata Dell Latitude E7250 \u2013 Dell P\/N: 08MV8D \/ 8MV8D<\/p>\n<p>Ova rabljena originalna donja vrata Dell Latitude E7250 (Dell broj dijela 08MV8D) idealna su zamjena za istro\u0161eni ili o\u0161te\u0107eni donji poklopac prijenosnog ra\u010dunala. Dizajniran posebno za Dell Latitude E7250, osigurava savr\u0161eno pristajanje i vra\u0107a za\u0161titu i stabilnost va\u0161eg ure\u0111aja.<\/p>\n<p>**Zna\u010dajke proizvoda:**<\/p>\n<p>&#8211; **Kompatibilnost:** Posebno napravljeno za Dell Latitude E7250.<\/p>\n<p>&#8211; **Broj dijela:** Dell P\/N: 08MV8D.<\/p>\n<p>&#8211; **Originalna zamjena:** Osigurava pouzdan rad i savr\u0161eno pristajanje.<\/p>\n<p>&#8211; **Stanje:** Ovo je rabljeni dio, pa\u017eljivo pregledan kako bi se osiguralo da zadovoljava standarde kvalitete. Pru\u017eene prave fotografije stvarnog dijela.<\/p>\n<p>**Za\u0161to odabrati ova donja vrata?**<\/p>\n<p>&#8211; **Izravna zamjena:** Lako zamjenjuje o\u0161te\u0107ena ili istro\u0161ena donja vrata bez potrebe za dodatnim izmjenama.<\/p>\n<p>&#8211; **Izdr\u017eljivo pristajanje:** Odr\u017eava za\u0161titu i strukturni integritet va\u0161eg Dell Latitude E7250.<\/p>\n<p>&#8211; **Dostupnost diljem svijeta:** Nudimo globalnu dostavu, prvenstveno usmjerenu na europska tr\u017ei\u0161ta.<\/p>\n<p>Ako trebate pomo\u0107 s instalacijom ili dodatne informacije, slobodno se obratite za podr\u0161ku. Tu smo da vam pomognemo sa svim pitanjima koja imate.<\/p>\n<p>**Va\u017eno:** Fotografije navedene u ovom popisu pokazuju to\u010dno stanje artikla koji \u0107ete dobiti.<\/p>\n","protected":false},"excerpt":{"rendered":"<p>Rabljena originalna donja vrata Dell Latitude E7250 (P\/N: 08MV8D). Savr\u0161eno za zamjenu istro\u0161enih ili o\u0161te\u0107enih donjih poklopaca, osiguravaju\u0107i pouzdano pristajanje za va\u0161e prijenosno ra\u010dunalo Dell Latitude E7250.<\/p>\n","protected":false},"featured_media":26825,"template":"","meta":[],"product_brand":[],"product_cat":[51],"product_tag":[52],"class_list":{"0":"post-26754","1":"product","2":"type-product","3":"status-publish","4":"has-post-thumbnail","6":"product_cat-laptop-housing","7":"product_tag-dell","9":"first","10":"instock","11":"taxable","12":"shipping-taxable","13":"purchasable","14":"product-type-simple"},"_links":{"self":[{"href":"https:\/\/boreait.com\/hr\/wp-json\/wp\/v2\/product\/26754","targetHints":{"allow":["GET"]}}],"collection":[{"href":"https:\/\/boreait.com\/hr\/wp-json\/wp\/v2\/product"}],"about":[{"href":"https:\/\/boreait.com\/hr\/wp-json\/wp\/v2\/types\/product"}],"wp:featuredmedia":[{"embeddable":true,"href":"https:\/\/boreait.com\/hr\/wp-json\/wp\/v2\/media\/26825"}],"wp:attachment":[{"href":"https:\/\/boreait.com\/hr\/wp-json\/wp\/v2\/media?parent=26754"}],"wp:term":[{"taxonomy":"product_brand","embeddable":true,"href":"https:\/\/boreait.com\/hr\/wp-json\/wp\/v2\/product_brand?post=26754"},{"taxonomy":"product_cat","embeddable":true,"href":"https:\/\/boreait.com\/hr\/wp-json\/wp\/v2\/product_cat?post=26754"},{"taxonomy":"product_tag","embeddable":true,"href":"https:\/\/boreait.com\/hr\/wp-json\/wp\/v2\/product_tag?post=26754"}],"curies":[{"name":"wp","href":"https:\/\/api.w.org\/{rel}","templated":true}]}}