{"id":26753,"date":"2025-07-25T13:09:56","date_gmt":"2025-07-25T13:09:56","guid":{"rendered":"https:\/\/boreait.com\/hr\/?post_type=product&#038;p=26753"},"modified":"2026-02-07T14:35:14","modified_gmt":"2026-02-07T14:35:14","slug":"rabljeni-originalni-prednji-okvir-lcd-zaslona-dell-latitude-e7250-0v5y98-p-n-v5y98","status":"publish","type":"product","link":"https:\/\/boreait.com\/hr\/product\/rabljeni-originalni-prednji-okvir-lcd-zaslona-dell-latitude-e7250-0v5y98-p-n-v5y98\/","title":{"rendered":"Rabljeni originalni prednji okvir LCD zaslona Dell Latitude E7250 0V5Y98 P\/N V5Y98"},"content":{"rendered":"<p>Rabljeni originalni prednji okvir LCD zaslona Dell Latitude E7250 \u2013 Dell P\/N: 0V5Y98<\/p>\n<p>Ovo je originalni prednji okvir LCD zaslona Dell Latitude E7250, idealan za zamjenu istro\u0161enog ili o\u0161te\u0107enog okvira na va\u0161em Dell Latitude E7250. Dizajniran je za sigurno dr\u017eanje va\u0161eg zaslona na mjestu dok pru\u017ea elegantan izgled va\u0161em prijenosnom ra\u010dunalu.<\/p>\n<p>**Zna\u010dajke proizvoda:**<\/p>\n<p>&#8211; **Kompatibilnost:** Posebno dizajnirano za modele Dell Latitude E7250.<\/p>\n<p>&#8211; **Broj dijela:** Dell P\/N 0V5Y98 (V5Y98).<\/p>\n<p>&#8211; **Stanje:** Rabljeno, originalni dio. Prilo\u017eene fotografije prikazuju stvarni predmet, osiguravaju\u0107i transparentnost u njegovom trenutnom stanju.<\/p>\n<p>&#8211; **Izdr\u017eljivost:** Izra\u0111en od visokokvalitetnih materijala, ovaj okvir \u0161titi i osigurava zaslon va\u0161eg prijenosnog ra\u010dunala.<\/p>\n<p>**Za\u0161to odabrati ovaj okvir?**<\/p>\n<p>&#8211; **Savr\u0161eno pristajanje:** Originalni dio koji jam\u010di pravilno pristajanje za va\u0161 Dell Latitude E7250.<\/p>\n<p>&#8211; **Vra\u0107a izgled:** Izvrstan za zamjenu napuknutog, slomljenog ili istro\u0161enog okvira, vra\u0107aju\u0107i elegantan izgled va\u0161eg prijenosnog ra\u010dunala.<\/p>\n<p>&#8211; **Globalna dostava:** Dostupno za dostavu diljem svijeta, posebno diljem Europe.<\/p>\n<p>Imajte na umu da upute za instalaciju nisu uklju\u010dene, ali nas mo\u017eete kontaktirati za podr\u0161ku ako je potrebna.<\/p>\n<p>**Va\u017eno:** Fotografije u popisu predstavljaju to\u010dan okvir koji \u0107ete dobiti. Svaki je dio pa\u017eljivo pregledan kako bi se osiguralo da zadovoljava standarde kvalitete.<\/p>\n","protected":false},"excerpt":{"rendered":"<p>Rabljeni originalni prednji okvir LCD zaslona Dell Latitude E7250 (P\/N: 0V5Y98). Savr\u0161ena zamjena za istro\u0161eni ili o\u0161te\u0107eni okvir, osiguravaju\u0107i da je va\u0161 zaslon sigurno pri\u010dvr\u0161\u0107en.<\/p>\n","protected":false},"featured_media":26823,"template":"","meta":[],"product_brand":[],"product_cat":[51],"product_tag":[52],"class_list":{"0":"post-26753","1":"product","2":"type-product","3":"status-publish","4":"has-post-thumbnail","6":"product_cat-laptop-housing","7":"product_tag-dell","9":"first","10":"instock","11":"taxable","12":"shipping-taxable","13":"purchasable","14":"product-type-simple"},"_links":{"self":[{"href":"https:\/\/boreait.com\/hr\/wp-json\/wp\/v2\/product\/26753","targetHints":{"allow":["GET"]}}],"collection":[{"href":"https:\/\/boreait.com\/hr\/wp-json\/wp\/v2\/product"}],"about":[{"href":"https:\/\/boreait.com\/hr\/wp-json\/wp\/v2\/types\/product"}],"wp:featuredmedia":[{"embeddable":true,"href":"https:\/\/boreait.com\/hr\/wp-json\/wp\/v2\/media\/26823"}],"wp:attachment":[{"href":"https:\/\/boreait.com\/hr\/wp-json\/wp\/v2\/media?parent=26753"}],"wp:term":[{"taxonomy":"product_brand","embeddable":true,"href":"https:\/\/boreait.com\/hr\/wp-json\/wp\/v2\/product_brand?post=26753"},{"taxonomy":"product_cat","embeddable":true,"href":"https:\/\/boreait.com\/hr\/wp-json\/wp\/v2\/product_cat?post=26753"},{"taxonomy":"product_tag","embeddable":true,"href":"https:\/\/boreait.com\/hr\/wp-json\/wp\/v2\/product_tag?post=26753"}],"curies":[{"name":"wp","href":"https:\/\/api.w.org\/{rel}","templated":true}]}}